{"id":44257,"date":"2023-10-18T14:18:16","date_gmt":"2023-10-18T18:18:16","guid":{"rendered":"https:\/\/www.cortezmasto.senate.gov\/?page_id=44257"},"modified":"2024-12-10T11:30:08","modified_gmt":"2024-12-10T16:30:08","slug":"biografia","status":"publish","type":"page","link":"https:\/\/www.cortezmasto.senate.gov\/es\/conoce-a-catherine\/biografia\/","title":{"rendered":"Biograf\u00eda"},"content":{"rendered":"\t\t<div data-elementor-type=\"wp-page\" data-elementor-id=\"44257\" class=\"elementor elementor-44257\" data-elementor-post-type=\"page\">\n\t\t\t\t<div class=\"elementor-element elementor-element-69bf7c4 e-flex e-con-boxed e-con e-parent\" data-id=\"69bf7c4\" data-element_type=\"container\">\n\t\t\t\t\t<div class=\"e-con-inner\">\n\t\t\t\t<div class=\"elementor-element elementor-element-d70df54 elementor-widget elementor-widget-heading\" data-id=\"d70df54\" data-element_type=\"widget\" data-widget_type=\"heading.default\">\n\t\t\t\t<div class=\"elementor-widget-container\">\n\t\t\t<h2 class=\"elementor-heading-title elementor-size-default\">Catherine Cortez Masto es una nevadense orgullosa de tercera generaci\u00f3n enfocada en proteger a las familias trabajadoras en todo su estado.<\/h2>\t\t<\/div>\n\t\t\t\t<\/div>\n\t\t\t\t<div class=\"elementor-element elementor-element-914201c elementor-widget elementor-widget-text-editor\" data-id=\"914201c\" data-element_type=\"widget\" data-widget_type=\"text-editor.default\">\n\t\t\t\t<div class=\"elementor-widget-container\">\n\t\t\t\t\t\t\t<p><span style=\"font-weight: 400;\">Al crecer en un hogar sindical, aprendi\u00f3 el valor de los sindicatos desde muy joven, y en el Senado ha luchado constantemente para atraer m\u00e1s negocios a Nevada, mientras que aprueba legislaci\u00f3n que est\u00e1 creando decenas de miles de empleos bien remunerados y construyendo la econom\u00eda de energ\u00eda limpia del estado.<\/span><\/p>\t\t\t\t\t\t<\/div>\n\t\t\t\t<\/div>\n\t\t\t\t\t<\/div>\n\t\t\t\t<\/div>\n\t\t<div class=\"elementor-element elementor-element-7f3009fe jedv-enabled--yes e-flex e-con-boxed e-con e-parent\" data-id=\"7f3009fe\" data-element_type=\"container\">\n\t\t\t\t\t<div class=\"e-con-inner\">\n\t\t<div class=\"elementor-element elementor-element-1dcc7ec1 e-con-full e-flex e-con e-child\" data-id=\"1dcc7ec1\" data-element_type=\"container\">\n\t\t<div class=\"elementor-element elementor-element-7a97f96a e-flex e-con-boxed e-con e-child\" data-id=\"7a97f96a\" data-element_type=\"container\">\n\t\t\t\t\t<div class=\"e-con-inner\">\n\t\t\t\t<div class=\"elementor-element elementor-element-552d1e2a elementor-widget elementor-widget-heading\" data-id=\"552d1e2a\" data-element_type=\"widget\" data-widget_type=\"heading.default\">\n\t\t\t\t<div class=\"elementor-widget-container\">\n\t\t\t<h2 class=\"elementor-heading-title elementor-size-default\">Catherine es una ex fiscal federal y ex fiscal general de Nevada, y sabe que las familias no pueden salir adelante si no se sienten seguras.<\/h2>\t\t<\/div>\n\t\t\t\t<\/div>\n\t\t\t\t<div class=\"elementor-element elementor-element-44e7bf49 elementor-widget elementor-widget-text-editor\" data-id=\"44e7bf49\" data-element_type=\"widget\" data-widget_type=\"text-editor.default\">\n\t\t\t\t<div class=\"elementor-widget-container\">\n\t\t\t\t\t\t\t<p><span style=\"font-weight: 400;\">Lider\u00f3 la lucha para romper las redes de tr\u00e1fico sexual y escribi\u00f3 la ley para convertir a un delito el tr\u00e1fico sexual en Nevada. En el Senado, ella es una feroz defensora de las fuerzas de orden locales, asegur\u00e1ndose de que tengan los fondos que necesitan y aprobando legislaci\u00f3n para ayudarles a tomar medidas en\u00e9rgicas contra el crimen y mantener a las comunidades seguras.<\/span><\/p>\t\t\t\t\t\t<\/div>\n\t\t\t\t<\/div>\n\t\t\t\t\t<\/div>\n\t\t\t\t<\/div>\n\t\t\t\t<\/div>\n\t\t<div class=\"elementor-element elementor-element-1c7429bc e-con-full e-flex e-con e-child\" data-id=\"1c7429bc\" data-element_type=\"container\" data-settings=\"{&quot;background_background&quot;:&quot;classic&quot;}\">\n\t\t<div class=\"elementor-element elementor-element-263de49e e-con-full StateOutlineImage e-flex e-con e-child\" data-id=\"263de49e\" data-element_type=\"container\">\n\t\t\t\t<div class=\"elementor-element elementor-element-24ea2382 StateOutlineImage-bg elementor-widget elementor-widget-html\" data-id=\"24ea2382\" data-element_type=\"widget\" data-widget_type=\"html.default\">\n\t\t\t\t<div class=\"elementor-widget-container\">\n\t\t\t<svg xmlns=\"http:\/\/www.w3.org\/2000\/svg\" xml:space=\"preserve\" x=\"0\" y=\"0\" version=\"1.1\" viewBox=\"0 0 405.71 611.81\">\n  <path fill=\"none\" stroke=\"#71C0E2\" stroke-width=\"2\" d=\"M1 1h403.72v506.55\"\/>\n<\/svg>\t\t<\/div>\n\t\t\t\t<\/div>\n\t\t\t\t<div class=\"elementor-element elementor-element-2b66e0ba StateOutlineImage-fg elementor-widget elementor-widget-html\" data-id=\"2b66e0ba\" data-element_type=\"widget\" data-widget_type=\"html.default\">\n\t\t\t\t<div class=\"elementor-widget-container\">\n\t\t\t<svg xmlns=\"http:\/\/www.w3.org\/2000\/svg\" xml:space=\"preserve\" x=\"0\" y=\"0\" version=\"1.1\" viewBox=\"0 0 405.7 611.8\">\n  <path fill=\"none\" stroke=\"#71C0E2\" stroke-width=\"2\" d=\"M1 1v270.3l361.4 338.9 14.2-25.4-16.8-51.5v-25.8h44.9\"\/>\n<\/svg>\t\t<\/div>\n\t\t\t\t<\/div>\n\t\t\t\t<div class=\"elementor-element elementor-element-59afa5f8 StateOutlineImage-image rounded-corner elementor-widget elementor-widget-image\" data-id=\"59afa5f8\" data-element_type=\"widget\" data-widget_type=\"image.default\">\n\t\t\t\t<div class=\"elementor-widget-container\">\n\t\t\t\t\t\t\t\t\t\t\t\t\t<img fetchpriority=\"high\" decoding=\"async\" width=\"800\" height=\"765\" src=\"https:\/\/www.cortezmasto.senate.gov\/wp-content\/uploads\/2023\/08\/CCM_Committes.jpg\" class=\"attachment-large size-large wp-image-26454\" alt=\"\" srcset=\"https:\/\/www.cortezmasto.senate.gov\/wp-content\/uploads\/2023\/08\/CCM_Committes.jpg 800w, https:\/\/www.cortezmasto.senate.gov\/wp-content\/uploads\/2023\/08\/CCM_Committes-300x287.jpg 300w, https:\/\/www.cortezmasto.senate.gov\/wp-content\/uploads\/2023\/08\/CCM_Committes-768x734.jpg 768w\" sizes=\"(max-width: 800px) 100vw, 800px\" \/>\t\t\t\t\t\t\t\t\t\t\t\t\t<\/div>\n\t\t\t\t<\/div>\n\t\t\t\t<div class=\"elementor-element elementor-element-3d9f1200 d-none elementor-absolute elementor-widget elementor-widget-html\" data-id=\"3d9f1200\" data-element_type=\"widget\" data-settings=\"{&quot;_position&quot;:&quot;absolute&quot;}\" data-widget_type=\"html.default\">\n\t\t\t\t<div class=\"elementor-widget-container\">\n\t\t\t<script>\nif (typeof window.animateStateOutline == 'undefined') {\n  window.animateStateOutline = function() {\n    var stateOutline = document.querySelectorAll('.StateOutlineImage');\n    if (!stateOutline || !stateOutline.length || !gsap || !gsap.timeline) return;\n\n    \/\/ Try to setup all found outlines on the page\n    stateOutline.forEach(function(outlineContainer) {\n      \/\/ We skip any outlines already set up since this function is run in the code for each inclusion of this block\n      if (outlineContainer.initialized) return;\n\n      var paths = outlineContainer.querySelectorAll('path');\n      if (!paths) return;\n\n      var timeline = gsap.timeline({\n        scrollTrigger: {\n          trigger: outlineContainer,\n          start: \"top bottom\",\n          once: true,\n        }\n      })\n\n      timeline.addLabel('start')\n        .from(paths, {\n          duration: 3,\n          strokeDashoffset: 1000,\n        }, 'start')\n      \n      var image = outlineContainer.querySelector('.StateOutlineImage-image');\n      if (image) {\n        timeline\n          .from(image, {\n            duration: 3,\n            scale: 0.5,\n            ease: 'power4',\n          }, 'start')\n          .from(image, {\n            duration: 1,\n            opacity: 0,\n            ease: 'power4',\n          }, 'start')\n      }\n\n      outlineContainer.initialized = true;\n    })\n  }\n}\nwindow.animateStateOutline();\n<\/script>\t\t<\/div>\n\t\t\t\t<\/div>\n\t\t\t\t<\/div>\n\t\t\t\t<\/div>\n\t\t\t\t\t<\/div>\n\t\t\t\t<\/div>\n\t\t<div class=\"elementor-element elementor-element-d4f6be7 e-flex e-con-boxed e-con e-parent\" data-id=\"d4f6be7\" data-element_type=\"container\">\n\t\t\t\t\t<div class=\"e-con-inner\">\n\t\t\t\t<div class=\"elementor-element elementor-element-122fb84 elementor-widget elementor-widget-text-editor\" data-id=\"122fb84\" data-element_type=\"widget\" data-widget_type=\"text-editor.default\">\n\t\t\t\t<div class=\"elementor-widget-container\">\n\t\t\t\t\t\t\t<p><span style=\"font-weight: 400;\">Catherine viaja constantemente por todo Nevada, reuni\u00e9ndose con comunidades rurales y tribus, defendiendo a los agricultores y rancheros, apoyando a nuevos negocios en el norte de Nevada y entregando recursos federales a su ciudad natal, Las Vegas. Ella siempre est\u00e1 luchando por su estado natal. Ella ha sido calificada constantemente como una de las senadoras m\u00e1s efectivas por su capacidad de reunir a dem\u00f3cratas, republicanos e independientes para tomar acci\u00f3n, y su enfoque de sentido com\u00fan le ha permitido mejorar la infraestructura de su estado, combatir los incendios forestales y la sequ\u00eda, y reducir los costos de vivienda para los nevadenses.<\/span><\/p>\t\t\t\t\t\t<\/div>\n\t\t\t\t<\/div>\n\t\t\t\t\t<\/div>\n\t\t\t\t<\/div>\n\t\t<div class=\"elementor-element elementor-element-f67840a e-flex e-con-boxed e-con e-parent\" data-id=\"f67840a\" data-element_type=\"container\">\n\t\t\t\t\t<div class=\"e-con-inner\">\n\t\t<div class=\"elementor-element elementor-element-1cec1fb e-con-full ImgGrid__container e-flex e-con e-child\" data-id=\"1cec1fb\" data-element_type=\"container\">\n\t\t<div class=\"elementor-element elementor-element-0f2f0bc e-con-full ImgGrid__col e-flex e-con e-child\" data-id=\"0f2f0bc\" data-element_type=\"container\">\n\t\t\t\t<div class=\"elementor-element elementor-element-6d0ea2f elementor-widget__width-inherit elementor-widget elementor-widget-image\" data-id=\"6d0ea2f\" data-element_type=\"widget\" data-widget_type=\"image.default\">\n\t\t\t\t<div class=\"elementor-widget-container\">\n\t\t\t\t\t\t\t\t\t\t\t\t\t<img decoding=\"async\" width=\"520\" height=\"350\" src=\"https:\/\/www.cortezmasto.senate.gov\/wp-content\/uploads\/2024\/12\/CCM_About_EarlyLife1.jpg\" class=\"attachment-large size-large wp-image-47195\" alt=\"\" srcset=\"https:\/\/www.cortezmasto.senate.gov\/wp-content\/uploads\/2024\/12\/CCM_About_EarlyLife1.jpg 520w, https:\/\/www.cortezmasto.senate.gov\/wp-content\/uploads\/2024\/12\/CCM_About_EarlyLife1-300x202.jpg 300w\" sizes=\"(max-width: 520px) 100vw, 520px\" \/>\t\t\t\t\t\t\t\t\t\t\t\t\t<\/div>\n\t\t\t\t<\/div>\n\t\t\t\t<\/div>\n\t\t<div class=\"elementor-element elementor-element-83319dc e-con-full ImgGrid__col e-flex e-con e-child\" data-id=\"83319dc\" data-element_type=\"container\">\n\t\t\t\t<div class=\"elementor-element elementor-element-623dc11 elementor-widget__width-inherit elementor-widget elementor-widget-image\" data-id=\"623dc11\" data-element_type=\"widget\" data-widget_type=\"image.default\">\n\t\t\t\t<div class=\"elementor-widget-container\">\n\t\t\t\t\t\t\t\t\t\t\t\t\t<img decoding=\"async\" width=\"611\" height=\"375\" src=\"https:\/\/www.cortezmasto.senate.gov\/wp-content\/uploads\/2024\/12\/CCM_About_EarlyLife2.jpg\" class=\"attachment-large size-large wp-image-47197\" alt=\"\" srcset=\"https:\/\/www.cortezmasto.senate.gov\/wp-content\/uploads\/2024\/12\/CCM_About_EarlyLife2.jpg 611w, https:\/\/www.cortezmasto.senate.gov\/wp-content\/uploads\/2024\/12\/CCM_About_EarlyLife2-300x184.jpg 300w\" sizes=\"(max-width: 611px) 100vw, 611px\" \/>\t\t\t\t\t\t\t\t\t\t\t\t\t<\/div>\n\t\t\t\t<\/div>\n\t\t\t\t<\/div>\n\t\t<div class=\"elementor-element elementor-element-369149a e-con-full ImgGrid__col e-flex e-con e-child\" data-id=\"369149a\" data-element_type=\"container\">\n\t\t\t\t<div class=\"elementor-element elementor-element-58cd9c1 elementor-widget__width-inherit elementor-widget elementor-widget-image\" data-id=\"58cd9c1\" data-element_type=\"widget\" data-widget_type=\"image.default\">\n\t\t\t\t<div class=\"elementor-widget-container\">\n\t\t\t\t\t\t\t\t\t\t\t\t\t<img loading=\"lazy\" decoding=\"async\" width=\"520\" height=\"373\" src=\"https:\/\/www.cortezmasto.senate.gov\/wp-content\/uploads\/2024\/12\/CCM_About_EarlyLife3.jpg\" class=\"attachment-large size-large wp-image-47199\" alt=\"\" srcset=\"https:\/\/www.cortezmasto.senate.gov\/wp-content\/uploads\/2024\/12\/CCM_About_EarlyLife3.jpg 520w, https:\/\/www.cortezmasto.senate.gov\/wp-content\/uploads\/2024\/12\/CCM_About_EarlyLife3-300x215.jpg 300w\" sizes=\"(max-width: 520px) 100vw, 520px\" \/>\t\t\t\t\t\t\t\t\t\t\t\t\t<\/div>\n\t\t\t\t<\/div>\n\t\t\t\t<\/div>\n\t\t<div class=\"elementor-element elementor-element-909869f e-con-full ImgGrid__col e-flex e-con e-child\" data-id=\"909869f\" data-element_type=\"container\">\n\t\t\t\t<div class=\"elementor-element elementor-element-15f2d3b elementor-widget__width-inherit elementor-widget-mobile__width-inherit elementor-widget elementor-widget-image\" data-id=\"15f2d3b\" data-element_type=\"widget\" data-widget_type=\"image.default\">\n\t\t\t\t<div class=\"elementor-widget-container\">\n\t\t\t\t\t\t\t\t\t\t\t\t\t<img loading=\"lazy\" decoding=\"async\" width=\"260\" height=\"265\" src=\"https:\/\/www.cortezmasto.senate.gov\/wp-content\/uploads\/2024\/12\/CCM_About_EarlyLife4.jpg\" class=\"attachment-large size-large wp-image-47201\" alt=\"\" \/>\t\t\t\t\t\t\t\t\t\t\t\t\t<\/div>\n\t\t\t\t<\/div>\n\t\t\t\t<\/div>\n\t\t<div class=\"elementor-element elementor-element-8c3a561 e-con-full ImgGrid__col e-flex e-con e-child\" data-id=\"8c3a561\" data-element_type=\"container\">\n\t\t\t\t<div class=\"elementor-element elementor-element-c559f4b elementor-widget__width-inherit elementor-widget elementor-widget-image\" data-id=\"c559f4b\" data-element_type=\"widget\" data-widget_type=\"image.default\">\n\t\t\t\t<div class=\"elementor-widget-container\">\n\t\t\t\t\t\t\t\t\t\t\t\t\t<img loading=\"lazy\" decoding=\"async\" width=\"400\" height=\"395\" src=\"https:\/\/www.cortezmasto.senate.gov\/wp-content\/uploads\/2024\/12\/CCM_About_EarlyLife.jpg\" class=\"attachment-large size-large wp-image-47203\" alt=\"\" srcset=\"https:\/\/www.cortezmasto.senate.gov\/wp-content\/uploads\/2024\/12\/CCM_About_EarlyLife.jpg 400w, https:\/\/www.cortezmasto.senate.gov\/wp-content\/uploads\/2024\/12\/CCM_About_EarlyLife-300x296.jpg 300w\" sizes=\"(max-width: 400px) 100vw, 400px\" \/>\t\t\t\t\t\t\t\t\t\t\t\t\t<\/div>\n\t\t\t\t<\/div>\n\t\t\t\t<\/div>\n\t\t\t\t<\/div>\n\t\t\t\t\t<\/div>\n\t\t\t\t<\/div>\n\t\t<div class=\"elementor-element elementor-element-9d68464 e-flex e-con-boxed e-con e-parent\" data-id=\"9d68464\" data-element_type=\"container\">\n\t\t\t\t\t<div class=\"e-con-inner\">\n\t\t\t\t<div class=\"elementor-element elementor-element-f2f9bd1 elementor-widget elementor-widget-text-editor\" data-id=\"f2f9bd1\" data-element_type=\"widget\" data-widget_type=\"text-editor.default\">\n\t\t\t\t<div class=\"elementor-widget-container\">\n\t\t\t\t\t\t\t<p><span style=\"font-weight: 400;\">Catherine y su esposo, Paul Masto, viven en Las Vegas y disfrutan caminando juntos y viajando a los incre\u00edbles parques estatales de Nevada.<\/span><\/p>\t\t\t\t\t\t<\/div>\n\t\t\t\t<\/div>\n\t\t\t\t\t<\/div>\n\t\t\t\t<\/div>\n\t\t\t\t<\/div>\n\t\t","protected":false},"excerpt":{"rendered":"<p>Catherine Cortez Masto es una nevadense orgullosa de tercera generaci\u00f3n enfocada en proteger a las familias trabajadoras en todo su estado. Al crecer en un hogar sindical, aprendi\u00f3 el valor de los sindicatos desde muy joven, y en el Senado ha luchado constantemente para atraer m\u00e1s negocios a Nevada, mientras que aprueba legislaci\u00f3n que est\u00e1 [&hellip;]<\/p>\n","protected":false},"author":8,"featured_media":0,"parent":42849,"menu_order":0,"comment_status":"closed","ping_status":"closed","template":"","meta":{"_acf_changed":false,"inline_featured_image":false,"footnotes":""},"class_list":["post-44257","page","type-page","status-publish","hentry"],"acf":{"image":36063,"show_image":true,"blurb":"Conoce a <br\/> Catherine","blurb_overline":"","hide_default_heading":false},"yoast_head":"<!-- This site is optimized with the Yoast SEO plugin v24.0 - https:\/\/yoast.com\/wordpress\/plugins\/seo\/ -->\n<title>Biograf\u00eda - Senator Catherine Cortez Masto<\/title>\n<meta name=\"robots\" content=\"index, follow, max-snippet:-1, max-image-preview:large, max-video-preview:-1\" \/>\n<link rel=\"canonical\" href=\"https:\/\/www.cortezmasto.senate.gov\/es\/conoce-a-catherine\/biografia\/\" \/>\n<meta property=\"og:locale\" content=\"es_ES\" \/>\n<meta property=\"og:type\" content=\"article\" \/>\n<meta property=\"og:title\" content=\"Biograf\u00eda - Senator Catherine Cortez Masto\" \/>\n<meta property=\"og:description\" content=\"Catherine Cortez Masto es una nevadense orgullosa de tercera generaci\u00f3n enfocada en proteger a las familias trabajadoras en todo su estado. Al crecer en un hogar sindical, aprendi\u00f3 el valor de los sindicatos desde muy joven, y en el Senado ha luchado constantemente para atraer m\u00e1s negocios a Nevada, mientras que aprueba legislaci\u00f3n que est\u00e1 [&hellip;]\" \/>\n<meta property=\"og:url\" content=\"https:\/\/www.cortezmasto.senate.gov\/es\/conoce-a-catherine\/biografia\/\" \/>\n<meta property=\"og:site_name\" content=\"Senator Catherine Cortez Masto\" \/>\n<meta property=\"article:modified_time\" content=\"2024-12-10T16:30:08+00:00\" \/>\n<meta property=\"og:image\" content=\"https:\/\/www.cortezmasto.senate.gov\/wp-content\/uploads\/2023\/08\/CCM_Committes.jpg\" \/>\n\t<meta property=\"og:image:width\" content=\"800\" \/>\n\t<meta property=\"og:image:height\" content=\"765\" \/>\n\t<meta property=\"og:image:type\" content=\"image\/jpeg\" \/>\n<meta name=\"twitter:card\" content=\"summary_large_image\" \/>\n<meta name=\"twitter:label1\" content=\"Est. reading time\" \/>\n\t<meta name=\"twitter:data1\" content=\"3 minutes\" \/>\n<script type=\"application\/ld+json\" class=\"yoast-schema-graph\">{\"@context\":\"https:\/\/schema.org\",\"@graph\":[{\"@type\":\"WebPage\",\"@id\":\"https:\/\/www.cortezmasto.senate.gov\/es\/conoce-a-catherine\/biografia\/\",\"url\":\"https:\/\/www.cortezmasto.senate.gov\/es\/conoce-a-catherine\/biografia\/\",\"name\":\"Biograf\u00eda - Senator Catherine Cortez Masto\",\"isPartOf\":{\"@id\":\"https:\/\/www.cortezmasto.senate.gov\/#website\"},\"primaryImageOfPage\":{\"@id\":\"https:\/\/www.cortezmasto.senate.gov\/es\/conoce-a-catherine\/biografia\/#primaryimage\"},\"image\":{\"@id\":\"https:\/\/www.cortezmasto.senate.gov\/es\/conoce-a-catherine\/biografia\/#primaryimage\"},\"thumbnailUrl\":\"https:\/\/www.cortezmasto.senate.gov\/wp-content\/uploads\/2023\/08\/CCM_Committes.jpg\",\"datePublished\":\"2023-10-18T18:18:16+00:00\",\"dateModified\":\"2024-12-10T16:30:08+00:00\",\"breadcrumb\":{\"@id\":\"https:\/\/www.cortezmasto.senate.gov\/es\/conoce-a-catherine\/biografia\/#breadcrumb\"},\"inLanguage\":\"es-ES\",\"potentialAction\":[{\"@type\":\"ReadAction\",\"target\":[\"https:\/\/www.cortezmasto.senate.gov\/es\/conoce-a-catherine\/biografia\/\"]}]},{\"@type\":\"ImageObject\",\"inLanguage\":\"es-ES\",\"@id\":\"https:\/\/www.cortezmasto.senate.gov\/es\/conoce-a-catherine\/biografia\/#primaryimage\",\"url\":\"https:\/\/www.cortezmasto.senate.gov\/wp-content\/uploads\/2023\/08\/CCM_Committes.jpg\",\"contentUrl\":\"https:\/\/www.cortezmasto.senate.gov\/wp-content\/uploads\/2023\/08\/CCM_Committes.jpg\"},{\"@type\":\"BreadcrumbList\",\"@id\":\"https:\/\/www.cortezmasto.senate.gov\/es\/conoce-a-catherine\/biografia\/#breadcrumb\",\"itemListElement\":[{\"@type\":\"ListItem\",\"position\":1,\"name\":\"Home\",\"item\":\"https:\/\/www.cortezmasto.senate.gov\/\"},{\"@type\":\"ListItem\",\"position\":2,\"name\":\"Conoce a Catherine\",\"item\":\"https:\/\/www.cortezmasto.senate.gov\/es\/conoce-a-catherine\/\"},{\"@type\":\"ListItem\",\"position\":3,\"name\":\"Biograf\u00eda\"}]},{\"@type\":\"WebSite\",\"@id\":\"https:\/\/www.cortezmasto.senate.gov\/#website\",\"url\":\"https:\/\/www.cortezmasto.senate.gov\/\",\"name\":\"Senator Catherine Cortez Masto\",\"description\":\"U.S. Senator Catherine Cortez Masto of Nevada\",\"publisher\":{\"@id\":\"https:\/\/www.cortezmasto.senate.gov\/#organization\"},\"potentialAction\":[{\"@type\":\"SearchAction\",\"target\":{\"@type\":\"EntryPoint\",\"urlTemplate\":\"https:\/\/www.cortezmasto.senate.gov\/?s={search_term_string}\"},\"query-input\":{\"@type\":\"PropertyValueSpecification\",\"valueRequired\":true,\"valueName\":\"search_term_string\"}}],\"inLanguage\":\"es-ES\"},{\"@type\":\"Organization\",\"@id\":\"https:\/\/www.cortezmasto.senate.gov\/#organization\",\"name\":\"Senator Catherine Cortez Masto\",\"url\":\"https:\/\/www.cortezmasto.senate.gov\/\",\"logo\":{\"@type\":\"ImageObject\",\"inLanguage\":\"es-ES\",\"@id\":\"https:\/\/www.cortezmasto.senate.gov\/#\/schema\/logo\/image\/\",\"url\":\"https:\/\/www.cortezmasto.senate.gov\/wp-content\/uploads\/2023\/02\/CCM_Logo_Primary.svg\",\"contentUrl\":\"https:\/\/www.cortezmasto.senate.gov\/wp-content\/uploads\/2023\/02\/CCM_Logo_Primary.svg\",\"width\":1200,\"height\":626,\"caption\":\"Senator Catherine Cortez Masto\"},\"image\":{\"@id\":\"https:\/\/www.cortezmasto.senate.gov\/#\/schema\/logo\/image\/\"}}]}<\/script>\n<!-- \/ Yoast SEO plugin. -->","yoast_head_json":{"title":"Biograf\u00eda - Senator Catherine Cortez Masto","robots":{"index":"index","follow":"follow","max-snippet":"max-snippet:-1","max-image-preview":"max-image-preview:large","max-video-preview":"max-video-preview:-1"},"canonical":"https:\/\/www.cortezmasto.senate.gov\/es\/conoce-a-catherine\/biografia\/","og_locale":"es_ES","og_type":"article","og_title":"Biograf\u00eda - Senator Catherine Cortez Masto","og_description":"Catherine Cortez Masto es una nevadense orgullosa de tercera generaci\u00f3n enfocada en proteger a las familias trabajadoras en todo su estado. Al crecer en un hogar sindical, aprendi\u00f3 el valor de los sindicatos desde muy joven, y en el Senado ha luchado constantemente para atraer m\u00e1s negocios a Nevada, mientras que aprueba legislaci\u00f3n que est\u00e1 [&hellip;]","og_url":"https:\/\/www.cortezmasto.senate.gov\/es\/conoce-a-catherine\/biografia\/","og_site_name":"Senator Catherine Cortez Masto","article_modified_time":"2024-12-10T16:30:08+00:00","og_image":[{"width":800,"height":765,"url":"https:\/\/www.cortezmasto.senate.gov\/wp-content\/uploads\/2023\/08\/CCM_Committes.jpg","type":"image\/jpeg"}],"twitter_card":"summary_large_image","twitter_misc":{"Est. reading time":"3 minutes"},"schema":{"@context":"https:\/\/schema.org","@graph":[{"@type":"WebPage","@id":"https:\/\/www.cortezmasto.senate.gov\/es\/conoce-a-catherine\/biografia\/","url":"https:\/\/www.cortezmasto.senate.gov\/es\/conoce-a-catherine\/biografia\/","name":"Biograf\u00eda - Senator Catherine Cortez Masto","isPartOf":{"@id":"https:\/\/www.cortezmasto.senate.gov\/#website"},"primaryImageOfPage":{"@id":"https:\/\/www.cortezmasto.senate.gov\/es\/conoce-a-catherine\/biografia\/#primaryimage"},"image":{"@id":"https:\/\/www.cortezmasto.senate.gov\/es\/conoce-a-catherine\/biografia\/#primaryimage"},"thumbnailUrl":"https:\/\/www.cortezmasto.senate.gov\/wp-content\/uploads\/2023\/08\/CCM_Committes.jpg","datePublished":"2023-10-18T18:18:16+00:00","dateModified":"2024-12-10T16:30:08+00:00","breadcrumb":{"@id":"https:\/\/www.cortezmasto.senate.gov\/es\/conoce-a-catherine\/biografia\/#breadcrumb"},"inLanguage":"es-ES","potentialAction":[{"@type":"ReadAction","target":["https:\/\/www.cortezmasto.senate.gov\/es\/conoce-a-catherine\/biografia\/"]}]},{"@type":"ImageObject","inLanguage":"es-ES","@id":"https:\/\/www.cortezmasto.senate.gov\/es\/conoce-a-catherine\/biografia\/#primaryimage","url":"https:\/\/www.cortezmasto.senate.gov\/wp-content\/uploads\/2023\/08\/CCM_Committes.jpg","contentUrl":"https:\/\/www.cortezmasto.senate.gov\/wp-content\/uploads\/2023\/08\/CCM_Committes.jpg"},{"@type":"BreadcrumbList","@id":"https:\/\/www.cortezmasto.senate.gov\/es\/conoce-a-catherine\/biografia\/#breadcrumb","itemListElement":[{"@type":"ListItem","position":1,"name":"Home","item":"https:\/\/www.cortezmasto.senate.gov\/"},{"@type":"ListItem","position":2,"name":"Conoce a Catherine","item":"https:\/\/www.cortezmasto.senate.gov\/es\/conoce-a-catherine\/"},{"@type":"ListItem","position":3,"name":"Biograf\u00eda"}]},{"@type":"WebSite","@id":"https:\/\/www.cortezmasto.senate.gov\/#website","url":"https:\/\/www.cortezmasto.senate.gov\/","name":"Senator Catherine Cortez Masto","description":"U.S. Senator Catherine Cortez Masto of Nevada","publisher":{"@id":"https:\/\/www.cortezmasto.senate.gov\/#organization"},"potentialAction":[{"@type":"SearchAction","target":{"@type":"EntryPoint","urlTemplate":"https:\/\/www.cortezmasto.senate.gov\/?s={search_term_string}"},"query-input":{"@type":"PropertyValueSpecification","valueRequired":true,"valueName":"search_term_string"}}],"inLanguage":"es-ES"},{"@type":"Organization","@id":"https:\/\/www.cortezmasto.senate.gov\/#organization","name":"Senator Catherine Cortez Masto","url":"https:\/\/www.cortezmasto.senate.gov\/","logo":{"@type":"ImageObject","inLanguage":"es-ES","@id":"https:\/\/www.cortezmasto.senate.gov\/#\/schema\/logo\/image\/","url":"https:\/\/www.cortezmasto.senate.gov\/wp-content\/uploads\/2023\/02\/CCM_Logo_Primary.svg","contentUrl":"https:\/\/www.cortezmasto.senate.gov\/wp-content\/uploads\/2023\/02\/CCM_Logo_Primary.svg","width":1200,"height":626,"caption":"Senator Catherine Cortez Masto"},"image":{"@id":"https:\/\/www.cortezmasto.senate.gov\/#\/schema\/logo\/image\/"}}]}},"_links":{"self":[{"href":"https:\/\/www.cortezmasto.senate.gov\/es\/wp-json\/wp\/v2\/pages\/44257"}],"collection":[{"href":"https:\/\/www.cortezmasto.senate.gov\/es\/wp-json\/wp\/v2\/pages"}],"about":[{"href":"https:\/\/www.cortezmasto.senate.gov\/es\/wp-json\/wp\/v2\/types\/page"}],"author":[{"embeddable":true,"href":"https:\/\/www.cortezmasto.senate.gov\/es\/wp-json\/wp\/v2\/users\/8"}],"replies":[{"embeddable":true,"href":"https:\/\/www.cortezmasto.senate.gov\/es\/wp-json\/wp\/v2\/comments?post=44257"}],"version-history":[{"count":4,"href":"https:\/\/www.cortezmasto.senate.gov\/es\/wp-json\/wp\/v2\/pages\/44257\/revisions"}],"predecessor-version":[{"id":47207,"href":"https:\/\/www.cortezmasto.senate.gov\/es\/wp-json\/wp\/v2\/pages\/44257\/revisions\/47207"}],"up":[{"embeddable":true,"href":"https:\/\/www.cortezmasto.senate.gov\/es\/wp-json\/wp\/v2\/pages\/42849"}],"wp:attachment":[{"href":"https:\/\/www.cortezmasto.senate.gov\/es\/wp-json\/wp\/v2\/media?parent=44257"}],"curies":[{"name":"wp","href":"https:\/\/api.w.org\/{rel}","templated":true}]}}