{"id":43065,"date":"2023-08-11T13:45:21","date_gmt":"2023-08-11T17:45:21","guid":{"rendered":"https:\/\/www.cortezmasto.senate.gov\/?page_id=43065"},"modified":"2023-10-18T14:06:21","modified_gmt":"2023-10-18T18:06:21","slug":"recursos-legales","status":"publish","type":"page","link":"https:\/\/www.cortezmasto.senate.gov\/es\/ayudandote\/guias-de-recursos\/recursos-legales\/","title":{"rendered":"Recursos Legales"},"content":{"rendered":"\t\t<div data-elementor-type=\"wp-page\" data-elementor-id=\"43065\" class=\"elementor elementor-43065 elementor-28340\" data-elementor-post-type=\"page\">\n\t\t\t\t<div class=\"elementor-element elementor-element-396da6c e-flex e-con-boxed e-con e-parent\" data-id=\"396da6c\" data-element_type=\"container\">\n\t\t\t\t\t<div class=\"e-con-inner\">\n\t\t\t\t<div class=\"elementor-element elementor-element-cdc54c9 elementor-widget elementor-widget-text-editor\" data-id=\"cdc54c9\" data-element_type=\"widget\" data-widget_type=\"text-editor.default\">\n\t\t\t\t<div class=\"elementor-widget-container\">\n\t\t\t\t\t\t\t<p><span style=\"font-weight: 400;\">En acuerdo con las reglas \u00e9ticas del Senado, es prohibido que yo o miembros de mi oficina ofrezcan asistencia legal o que intervengan en una procedencia legal. Pero, hemos compilado una lista de recursos que podr\u00e1n asistirle:<\/span><\/p><h2><b>En el Sur de Nevada<\/b><\/h2><p><span style=\"font-weight: 400;\"><a href=\"https:\/\/www.lacsn.org\/%22%20%EF%BF%BDHYPERLINK%20%22https:\/\/www.lacsn.org\/\">Legal Aid Center of Southern Nevada<\/a>: Ofrece asistencia legal sin costo a individuos de bajos recursos, incluso para individuos enfrentando evicci\u00f3n.<\/span><\/p><p><span style=\"font-weight: 400;\"><a href=\"https:\/\/immigrantfoundation.org\/\">The Immigrant Home Foundation<\/a>: Ofrece asistencia migratoria<\/span><\/p><p><span style=\"font-weight: 400;\"><a href=\"https:\/\/law.unlv.edu\/clinics\/immigration\/university-legal-services\">UNLV Law Clinic<\/a>: Ofrece asistencia de parte de abogados estudiantiles que defienden a individuos en procedencia de deportaci\u00f3n, e innovan nuevas maneras de proveer servicios legales a inmigrantes en Nevada.<\/span><\/p><h2><b>En el Norte de Nevada<\/b><\/h2><p><span style=\"font-weight: 400;\"><a href=\"https:\/\/www.nnlegalaid.org\/about-us\/\">Northern Nevada Legal Services<\/a>: Ofrece asistencia legal a residentes cualificados en el condado de Washoe, y en los condados rurales en el Norte de Nevada. Asistencia legal significa consultaci\u00f3n gratis o de bajo costo, asistencia, o representaci\u00f3n en casos civiles para individuos que no pueden pagar por un abogado.<\/span><\/p><p><span style=\"font-weight: 400;\"><a href=\"https:\/\/ccsnn.org\/\">Catholic Charities of Northern Nevada<\/a>: Ofrece asistencia migratoria, y su objetivo primario es ayudar a individuos a obtener estabilidad y autosuficiencia en los EE.UU.<\/span><\/p><p><span style=\"font-weight: 400;\"><a href=\"http:\/\/www.tucasalatina.org\/\">Tu Casa Latina<\/a>: Ofrece asistencia migratoria a individuos que son v\u00edctimas de crimen, violencia dom\u00e9stica, abuso, o tr\u00e1fico humano en el Norte de Nevada.<\/span><\/p><h2><b>Comunidades Rurales<\/b><\/h2><p><span style=\"font-weight: 400;\"><a href=\"https:\/\/www.varn.org\/\">Volunteer Attorneys for Rural Nevadans<\/a>: Ofrece varios programas sirviendo a residentes de bajos recursos y v\u00edctimas de violencia dom\u00e9stica en 15 condados rurales de Nevada.<\/span><\/p><h2><b>En todo el estado<\/b><\/h2><p><span style=\"font-weight: 400;\"><a href=\"https:\/\/nevadalegalservices.org\/\">Nevada Legal Services<\/a>: Ofrece asistencia legal sin costo a individuos elegibles de bajos recursos que est\u00e1n enfrentando evicci\u00f3n en el programa Secci\u00f3n 8.<\/span><\/p><p><span style=\"font-weight: 400;\"><a href=\"https:\/\/www.aila.org\/\">American Immigration Lawyer Association<\/a>: Ofrece consultor\u00eda legal, recursos, e informaci\u00f3n, y son abogados de inmigracion.<\/span><\/p><p><span style=\"font-weight: 400;\"><a href=\"https:\/\/nvbar.org\/\">Nevada State Bar<\/a>: Ofrece abogados privados en Nevada y proveen programas de educaci\u00f3n y desarrollo para los profesionales legales y el p\u00fablico.<\/span><\/p>\t\t\t\t\t\t<\/div>\n\t\t\t\t<\/div>\n\t\t\t\t\t<\/div>\n\t\t\t\t<\/div>\n\t\t\t\t<\/div>\n\t\t","protected":false},"excerpt":{"rendered":"<p>En acuerdo con las reglas \u00e9ticas del Senado, es prohibido que yo o miembros de mi oficina ofrezcan asistencia legal o que intervengan en una procedencia legal. Pero, hemos compilado una lista de recursos que podr\u00e1n asistirle: En el Sur de Nevada Legal Aid Center of Southern Nevada: Ofrece asistencia legal sin costo a individuos [&hellip;]<\/p>\n","protected":false},"author":8,"featured_media":0,"parent":43059,"menu_order":0,"comment_status":"closed","ping_status":"closed","template":"","meta":{"_acf_changed":false,"inline_featured_image":false,"footnotes":""},"class_list":["post-43065","page","type-page","status-publish","hentry"],"acf":{"image":"","show_image":false,"blurb":"","blurb_overline":"","hide_default_heading":false},"yoast_head":"<!-- This site is optimized with the Yoast SEO plugin v24.0 - https:\/\/yoast.com\/wordpress\/plugins\/seo\/ -->\n<title>Recursos Legales - Senator Catherine Cortez Masto<\/title>\n<meta name=\"robots\" content=\"index, follow, max-snippet:-1, max-image-preview:large, max-video-preview:-1\" \/>\n<link rel=\"canonical\" href=\"https:\/\/www.cortezmasto.senate.gov\/es\/ayudandote\/guias-de-recursos\/recursos-legales\/\" \/>\n<meta property=\"og:locale\" content=\"es_ES\" \/>\n<meta property=\"og:type\" content=\"article\" \/>\n<meta property=\"og:title\" content=\"Recursos Legales - Senator Catherine Cortez Masto\" \/>\n<meta property=\"og:description\" content=\"En acuerdo con las reglas \u00e9ticas del Senado, es prohibido que yo o miembros de mi oficina ofrezcan asistencia legal o que intervengan en una procedencia legal. Pero, hemos compilado una lista de recursos que podr\u00e1n asistirle: En el Sur de Nevada Legal Aid Center of Southern Nevada: Ofrece asistencia legal sin costo a individuos [&hellip;]\" \/>\n<meta property=\"og:url\" content=\"https:\/\/www.cortezmasto.senate.gov\/es\/ayudandote\/guias-de-recursos\/recursos-legales\/\" \/>\n<meta property=\"og:site_name\" content=\"Senator Catherine Cortez Masto\" \/>\n<meta property=\"article:modified_time\" content=\"2023-10-18T18:06:21+00:00\" \/>\n<meta name=\"twitter:card\" content=\"summary_large_image\" \/>\n<meta name=\"twitter:label1\" content=\"Est. reading time\" \/>\n\t<meta name=\"twitter:data1\" content=\"2 minutes\" \/>\n<script type=\"application\/ld+json\" class=\"yoast-schema-graph\">{\"@context\":\"https:\/\/schema.org\",\"@graph\":[{\"@type\":\"WebPage\",\"@id\":\"https:\/\/www.cortezmasto.senate.gov\/es\/ayudandote\/guias-de-recursos\/recursos-legales\/\",\"url\":\"https:\/\/www.cortezmasto.senate.gov\/es\/ayudandote\/guias-de-recursos\/recursos-legales\/\",\"name\":\"Recursos Legales - Senator Catherine Cortez Masto\",\"isPartOf\":{\"@id\":\"https:\/\/www.cortezmasto.senate.gov\/#website\"},\"datePublished\":\"2023-08-11T17:45:21+00:00\",\"dateModified\":\"2023-10-18T18:06:21+00:00\",\"breadcrumb\":{\"@id\":\"https:\/\/www.cortezmasto.senate.gov\/es\/ayudandote\/guias-de-recursos\/recursos-legales\/#breadcrumb\"},\"inLanguage\":\"es-ES\",\"potentialAction\":[{\"@type\":\"ReadAction\",\"target\":[\"https:\/\/www.cortezmasto.senate.gov\/es\/ayudandote\/guias-de-recursos\/recursos-legales\/\"]}]},{\"@type\":\"BreadcrumbList\",\"@id\":\"https:\/\/www.cortezmasto.senate.gov\/es\/ayudandote\/guias-de-recursos\/recursos-legales\/#breadcrumb\",\"itemListElement\":[{\"@type\":\"ListItem\",\"position\":1,\"name\":\"Home\",\"item\":\"https:\/\/www.cortezmasto.senate.gov\/\"},{\"@type\":\"ListItem\",\"position\":2,\"name\":\"Ayud\u00e1ndote\",\"item\":\"https:\/\/www.cortezmasto.senate.gov\/help\/\"},{\"@type\":\"ListItem\",\"position\":3,\"name\":\"Gu\u00edas de Recursos\",\"item\":\"https:\/\/www.cortezmasto.senate.gov\/es\/ayudandote\/guias-de-recursos\/\"},{\"@type\":\"ListItem\",\"position\":4,\"name\":\"Recursos Legales\"}]},{\"@type\":\"WebSite\",\"@id\":\"https:\/\/www.cortezmasto.senate.gov\/#website\",\"url\":\"https:\/\/www.cortezmasto.senate.gov\/\",\"name\":\"Senator Catherine Cortez Masto\",\"description\":\"U.S. Senator Catherine Cortez Masto of Nevada\",\"publisher\":{\"@id\":\"https:\/\/www.cortezmasto.senate.gov\/#organization\"},\"potentialAction\":[{\"@type\":\"SearchAction\",\"target\":{\"@type\":\"EntryPoint\",\"urlTemplate\":\"https:\/\/www.cortezmasto.senate.gov\/?s={search_term_string}\"},\"query-input\":{\"@type\":\"PropertyValueSpecification\",\"valueRequired\":true,\"valueName\":\"search_term_string\"}}],\"inLanguage\":\"es-ES\"},{\"@type\":\"Organization\",\"@id\":\"https:\/\/www.cortezmasto.senate.gov\/#organization\",\"name\":\"Senator Catherine Cortez Masto\",\"url\":\"https:\/\/www.cortezmasto.senate.gov\/\",\"logo\":{\"@type\":\"ImageObject\",\"inLanguage\":\"es-ES\",\"@id\":\"https:\/\/www.cortezmasto.senate.gov\/#\/schema\/logo\/image\/\",\"url\":\"https:\/\/www.cortezmasto.senate.gov\/wp-content\/uploads\/2023\/02\/CCM_Logo_Primary.svg\",\"contentUrl\":\"https:\/\/www.cortezmasto.senate.gov\/wp-content\/uploads\/2023\/02\/CCM_Logo_Primary.svg\",\"width\":1200,\"height\":626,\"caption\":\"Senator Catherine Cortez Masto\"},\"image\":{\"@id\":\"https:\/\/www.cortezmasto.senate.gov\/#\/schema\/logo\/image\/\"}}]}<\/script>\n<!-- \/ Yoast SEO plugin. -->","yoast_head_json":{"title":"Recursos Legales - Senator Catherine Cortez Masto","robots":{"index":"index","follow":"follow","max-snippet":"max-snippet:-1","max-image-preview":"max-image-preview:large","max-video-preview":"max-video-preview:-1"},"canonical":"https:\/\/www.cortezmasto.senate.gov\/es\/ayudandote\/guias-de-recursos\/recursos-legales\/","og_locale":"es_ES","og_type":"article","og_title":"Recursos Legales - Senator Catherine Cortez Masto","og_description":"En acuerdo con las reglas \u00e9ticas del Senado, es prohibido que yo o miembros de mi oficina ofrezcan asistencia legal o que intervengan en una procedencia legal. Pero, hemos compilado una lista de recursos que podr\u00e1n asistirle: En el Sur de Nevada Legal Aid Center of Southern Nevada: Ofrece asistencia legal sin costo a individuos [&hellip;]","og_url":"https:\/\/www.cortezmasto.senate.gov\/es\/ayudandote\/guias-de-recursos\/recursos-legales\/","og_site_name":"Senator Catherine Cortez Masto","article_modified_time":"2023-10-18T18:06:21+00:00","twitter_card":"summary_large_image","twitter_misc":{"Est. reading time":"2 minutes"},"schema":{"@context":"https:\/\/schema.org","@graph":[{"@type":"WebPage","@id":"https:\/\/www.cortezmasto.senate.gov\/es\/ayudandote\/guias-de-recursos\/recursos-legales\/","url":"https:\/\/www.cortezmasto.senate.gov\/es\/ayudandote\/guias-de-recursos\/recursos-legales\/","name":"Recursos Legales - Senator Catherine Cortez Masto","isPartOf":{"@id":"https:\/\/www.cortezmasto.senate.gov\/#website"},"datePublished":"2023-08-11T17:45:21+00:00","dateModified":"2023-10-18T18:06:21+00:00","breadcrumb":{"@id":"https:\/\/www.cortezmasto.senate.gov\/es\/ayudandote\/guias-de-recursos\/recursos-legales\/#breadcrumb"},"inLanguage":"es-ES","potentialAction":[{"@type":"ReadAction","target":["https:\/\/www.cortezmasto.senate.gov\/es\/ayudandote\/guias-de-recursos\/recursos-legales\/"]}]},{"@type":"BreadcrumbList","@id":"https:\/\/www.cortezmasto.senate.gov\/es\/ayudandote\/guias-de-recursos\/recursos-legales\/#breadcrumb","itemListElement":[{"@type":"ListItem","position":1,"name":"Home","item":"https:\/\/www.cortezmasto.senate.gov\/"},{"@type":"ListItem","position":2,"name":"Ayud\u00e1ndote","item":"https:\/\/www.cortezmasto.senate.gov\/help\/"},{"@type":"ListItem","position":3,"name":"Gu\u00edas de Recursos","item":"https:\/\/www.cortezmasto.senate.gov\/es\/ayudandote\/guias-de-recursos\/"},{"@type":"ListItem","position":4,"name":"Recursos Legales"}]},{"@type":"WebSite","@id":"https:\/\/www.cortezmasto.senate.gov\/#website","url":"https:\/\/www.cortezmasto.senate.gov\/","name":"Senator Catherine Cortez Masto","description":"U.S. Senator Catherine Cortez Masto of Nevada","publisher":{"@id":"https:\/\/www.cortezmasto.senate.gov\/#organization"},"potentialAction":[{"@type":"SearchAction","target":{"@type":"EntryPoint","urlTemplate":"https:\/\/www.cortezmasto.senate.gov\/?s={search_term_string}"},"query-input":{"@type":"PropertyValueSpecification","valueRequired":true,"valueName":"search_term_string"}}],"inLanguage":"es-ES"},{"@type":"Organization","@id":"https:\/\/www.cortezmasto.senate.gov\/#organization","name":"Senator Catherine Cortez Masto","url":"https:\/\/www.cortezmasto.senate.gov\/","logo":{"@type":"ImageObject","inLanguage":"es-ES","@id":"https:\/\/www.cortezmasto.senate.gov\/#\/schema\/logo\/image\/","url":"https:\/\/www.cortezmasto.senate.gov\/wp-content\/uploads\/2023\/02\/CCM_Logo_Primary.svg","contentUrl":"https:\/\/www.cortezmasto.senate.gov\/wp-content\/uploads\/2023\/02\/CCM_Logo_Primary.svg","width":1200,"height":626,"caption":"Senator Catherine Cortez Masto"},"image":{"@id":"https:\/\/www.cortezmasto.senate.gov\/#\/schema\/logo\/image\/"}}]}},"_links":{"self":[{"href":"https:\/\/www.cortezmasto.senate.gov\/es\/wp-json\/wp\/v2\/pages\/43065"}],"collection":[{"href":"https:\/\/www.cortezmasto.senate.gov\/es\/wp-json\/wp\/v2\/pages"}],"about":[{"href":"https:\/\/www.cortezmasto.senate.gov\/es\/wp-json\/wp\/v2\/types\/page"}],"author":[{"embeddable":true,"href":"https:\/\/www.cortezmasto.senate.gov\/es\/wp-json\/wp\/v2\/users\/8"}],"replies":[{"embeddable":true,"href":"https:\/\/www.cortezmasto.senate.gov\/es\/wp-json\/wp\/v2\/comments?post=43065"}],"version-history":[{"count":7,"href":"https:\/\/www.cortezmasto.senate.gov\/es\/wp-json\/wp\/v2\/pages\/43065\/revisions"}],"predecessor-version":[{"id":44245,"href":"https:\/\/www.cortezmasto.senate.gov\/es\/wp-json\/wp\/v2\/pages\/43065\/revisions\/44245"}],"up":[{"embeddable":true,"href":"https:\/\/www.cortezmasto.senate.gov\/es\/wp-json\/wp\/v2\/pages\/43059"}],"wp:attachment":[{"href":"https:\/\/www.cortezmasto.senate.gov\/es\/wp-json\/wp\/v2\/media?parent=43065"}],"curies":[{"name":"wp","href":"https:\/\/api.w.org\/{rel}","templated":true}]}}