{"id":43059,"date":"2023-08-11T13:35:34","date_gmt":"2023-08-11T17:35:34","guid":{"rendered":"https:\/\/www.cortezmasto.senate.gov\/?page_id=43059"},"modified":"2023-10-20T15:08:14","modified_gmt":"2023-10-20T19:08:14","slug":"guias-de-recursos","status":"publish","type":"page","link":"https:\/\/www.cortezmasto.senate.gov\/es\/ayudandote\/guias-de-recursos\/","title":{"rendered":"Gu\u00edas de Recursos"},"content":{"rendered":"\t\t<div data-elementor-type=\"wp-page\" data-elementor-id=\"43059\" class=\"elementor elementor-43059 elementor-28329\" data-elementor-post-type=\"page\">\n\t\t\t\t<div class=\"elementor-element elementor-element-306c73c4 ButtonRow ButtonWrapper--primary e-flex e-con-boxed e-con e-parent\" data-id=\"306c73c4\" data-element_type=\"container\">\n\t\t\t\t\t<div class=\"e-con-inner\">\n\t\t\t\t<div class=\"elementor-element elementor-element-3a2fedcf elementor-widget__width-initial elementor-widget-mobile__width-auto elementor-widget elementor-widget-button\" data-id=\"3a2fedcf\" data-element_type=\"widget\" data-widget_type=\"button.default\">\n\t\t\t\t<div class=\"elementor-widget-container\">\n\t\t\t\t\t\t\t<div class=\"elementor-button-wrapper\">\n\t\t\t\t\t<a class=\"elementor-button elementor-button-link elementor-size-sm\" href=\"https:\/\/www.cortezmasto.senate.gov\/help\/resource-guides\/legal-resources\/\">\n\t\t\t\t\t\t<span class=\"elementor-button-content-wrapper\">\n\t\t\t\t\t\t<span class=\"elementor-button-icon\">\n\t\t\t\t<i aria-hidden=\"true\" class=\"fas fa-long-arrow-alt-right\"><\/i>\t\t\t<\/span>\n\t\t\t\t\t\t\t\t\t<span class=\"elementor-button-text\">Recursos legales<\/span>\n\t\t\t\t\t<\/span>\n\t\t\t\t\t<\/a>\n\t\t\t\t<\/div>\n\t\t\t\t\t\t<\/div>\n\t\t\t\t<\/div>\n\t\t\t\t<div class=\"elementor-element elementor-element-4605c4db elementor-widget__width-initial elementor-widget-mobile__width-auto elementor-widget elementor-widget-button\" data-id=\"4605c4db\" data-element_type=\"widget\" data-widget_type=\"button.default\">\n\t\t\t\t<div class=\"elementor-widget-container\">\n\t\t\t\t\t\t\t<div class=\"elementor-button-wrapper\">\n\t\t\t\t\t<a class=\"elementor-button elementor-button-link elementor-size-sm\" href=\"https:\/\/www.cortezmasto.senate.gov\/wp-content\/uploads\/2023\/10\/20170922-Small-Business-Book-SPANISH-FINAL-compressed.pdf\" target=\"_blank\">\n\t\t\t\t\t\t<span class=\"elementor-button-content-wrapper\">\n\t\t\t\t\t\t<span class=\"elementor-button-icon\">\n\t\t\t\t<i aria-hidden=\"true\" class=\"fas fa-long-arrow-alt-right\"><\/i>\t\t\t<\/span>\n\t\t\t\t\t\t\t\t\t<span class=\"elementor-button-text\">Gu\u00eda para peque\u00f1os negocios<\/span>\n\t\t\t\t\t<\/span>\n\t\t\t\t\t<\/a>\n\t\t\t\t<\/div>\n\t\t\t\t\t\t<\/div>\n\t\t\t\t<\/div>\n\t\t\t\t\t<\/div>\n\t\t\t\t<\/div>\n\t\t<div class=\"elementor-element elementor-element-48055aa ButtonRow ButtonWrapper--primary e-flex e-con-boxed e-con e-parent\" data-id=\"48055aa\" data-element_type=\"container\">\n\t\t\t\t\t<div class=\"e-con-inner\">\n\t\t\t\t<div class=\"elementor-element elementor-element-d30003d elementor-widget__width-initial elementor-widget-mobile__width-auto elementor-widget elementor-widget-button\" data-id=\"d30003d\" data-element_type=\"widget\" data-widget_type=\"button.default\">\n\t\t\t\t<div class=\"elementor-widget-container\">\n\t\t\t\t\t\t\t<div class=\"elementor-button-wrapper\">\n\t\t\t\t\t<a class=\"elementor-button elementor-button-link elementor-size-sm\" href=\"https:\/\/www.cortezmasto.senate.gov\/wp-content\/uploads\/2023\/10\/297114-Digital-Constituent-Services-Spanish-compressed.pdf\" target=\"_blank\">\n\t\t\t\t\t\t<span class=\"elementor-button-content-wrapper\">\n\t\t\t\t\t\t<span class=\"elementor-button-icon\">\n\t\t\t\t<i aria-hidden=\"true\" class=\"fas fa-long-arrow-alt-right\"><\/i>\t\t\t<\/span>\n\t\t\t\t\t\t\t\t\t<span class=\"elementor-button-text\">Gu\u00eda de recursos de inmigraci\u00f3n<\/span>\n\t\t\t\t\t<\/span>\n\t\t\t\t\t<\/a>\n\t\t\t\t<\/div>\n\t\t\t\t\t\t<\/div>\n\t\t\t\t<\/div>\n\t\t\t\t<div class=\"elementor-element elementor-element-a06ec27 elementor-widget__width-initial elementor-widget-mobile__width-auto elementor-widget elementor-widget-button\" data-id=\"a06ec27\" data-element_type=\"widget\" data-widget_type=\"button.default\">\n\t\t\t\t<div class=\"elementor-widget-container\">\n\t\t\t\t\t\t\t<div class=\"elementor-button-wrapper\">\n\t\t\t\t\t<a class=\"elementor-button elementor-button-link elementor-size-sm\" href=\"https:\/\/www.cortezmasto.senate.gov\/wp-content\/uploads\/2023\/10\/College-Guide-Spanish-DIGITAL-compressed.pdf\" target=\"_blank\">\n\t\t\t\t\t\t<span class=\"elementor-button-content-wrapper\">\n\t\t\t\t\t\t<span class=\"elementor-button-icon\">\n\t\t\t\t<i aria-hidden=\"true\" class=\"fas fa-long-arrow-alt-right\"><\/i>\t\t\t<\/span>\n\t\t\t\t\t\t\t\t\t<span class=\"elementor-button-text\">Gu\u00eda universitaria<\/span>\n\t\t\t\t\t<\/span>\n\t\t\t\t\t<\/a>\n\t\t\t\t<\/div>\n\t\t\t\t\t\t<\/div>\n\t\t\t\t<\/div>\n\t\t\t\t\t<\/div>\n\t\t\t\t<\/div>\n\t\t<div class=\"elementor-element elementor-element-a52e29e ButtonRow ButtonWrapper--primary e-flex e-con-boxed e-con e-parent\" data-id=\"a52e29e\" data-element_type=\"container\">\n\t\t\t\t\t<div class=\"e-con-inner\">\n\t\t\t\t<div class=\"elementor-element elementor-element-76186ca elementor-widget__width-initial elementor-widget-mobile__width-auto elementor-widget elementor-widget-button\" data-id=\"76186ca\" data-element_type=\"widget\" data-widget_type=\"button.default\">\n\t\t\t\t<div class=\"elementor-widget-container\">\n\t\t\t\t\t\t\t<div class=\"elementor-button-wrapper\">\n\t\t\t\t\t<a class=\"elementor-button elementor-button-link elementor-size-sm\" href=\"https:\/\/www.cortezmasto.senate.gov\/wp-content\/uploads\/2023\/09\/20191108VetsGuide-1.pdf\" target=\"_blank\">\n\t\t\t\t\t\t<span class=\"elementor-button-content-wrapper\">\n\t\t\t\t\t\t<span class=\"elementor-button-icon\">\n\t\t\t\t<i aria-hidden=\"true\" class=\"fas fa-long-arrow-alt-right\"><\/i>\t\t\t<\/span>\n\t\t\t\t\t\t\t\t\t<span class=\"elementor-button-text\">Gu\u00eda de recursos para veteranos<\/span>\n\t\t\t\t\t<\/span>\n\t\t\t\t\t<\/a>\n\t\t\t\t<\/div>\n\t\t\t\t\t\t<\/div>\n\t\t\t\t<\/div>\n\t\t\t\t<div class=\"elementor-element elementor-element-0c57a5b elementor-widget__width-initial elementor-widget-mobile__width-auto elementor-widget elementor-widget-button\" data-id=\"0c57a5b\" data-element_type=\"widget\" data-widget_type=\"button.default\">\n\t\t\t\t<div class=\"elementor-widget-container\">\n\t\t\t\t\t\t\t<div class=\"elementor-button-wrapper\">\n\t\t\t\t\t<a class=\"elementor-button elementor-button-link elementor-size-sm\" href=\"https:\/\/www.cortezmasto.senate.gov\/wp-content\/uploads\/2023\/09\/Finance-Guide-1.pdf\" target=\"_blank\">\n\t\t\t\t\t\t<span class=\"elementor-button-content-wrapper\">\n\t\t\t\t\t\t<span class=\"elementor-button-icon\">\n\t\t\t\t<i aria-hidden=\"true\" class=\"fas fa-long-arrow-alt-right\"><\/i>\t\t\t<\/span>\n\t\t\t\t\t\t\t\t\t<span class=\"elementor-button-text\">Gu\u00eda de recursos financieros<\/span>\n\t\t\t\t\t<\/span>\n\t\t\t\t\t<\/a>\n\t\t\t\t<\/div>\n\t\t\t\t\t\t<\/div>\n\t\t\t\t<\/div>\n\t\t\t\t\t<\/div>\n\t\t\t\t<\/div>\n\t\t\t\t<\/div>\n\t\t","protected":false},"excerpt":{"rendered":"<p>Recursos legales Gu\u00eda para peque\u00f1os negocios Gu\u00eda de recursos de inmigraci\u00f3n Gu\u00eda universitaria Gu\u00eda de recursos para veteranos Gu\u00eda de recursos financieros<\/p>\n","protected":false},"author":8,"featured_media":0,"parent":42889,"menu_order":0,"comment_status":"closed","ping_status":"closed","template":"","meta":{"_acf_changed":false,"inline_featured_image":false,"footnotes":""},"class_list":["post-43059","page","type-page","status-publish","hentry"],"acf":{"image":36062,"show_image":true,"blurb":"Gu\u00edas de <br\/> Recursos","blurb_overline":"","hide_default_heading":false},"yoast_head":"<!-- This site is optimized with the Yoast SEO plugin v24.0 - https:\/\/yoast.com\/wordpress\/plugins\/seo\/ -->\n<title>Gu\u00edas de Recursos - Senator Catherine Cortez Masto<\/title>\n<meta name=\"robots\" content=\"index, follow, max-snippet:-1, max-image-preview:large, max-video-preview:-1\" \/>\n<link rel=\"canonical\" href=\"https:\/\/www.cortezmasto.senate.gov\/es\/ayudandote\/guias-de-recursos\/\" \/>\n<meta property=\"og:locale\" content=\"es_ES\" \/>\n<meta property=\"og:type\" content=\"article\" \/>\n<meta property=\"og:title\" content=\"Gu\u00edas de Recursos - Senator Catherine Cortez Masto\" \/>\n<meta property=\"og:description\" content=\"Recursos legales Gu\u00eda para peque\u00f1os negocios Gu\u00eda de recursos de inmigraci\u00f3n Gu\u00eda universitaria Gu\u00eda de recursos para veteranos Gu\u00eda de recursos financieros\" \/>\n<meta property=\"og:url\" content=\"https:\/\/www.cortezmasto.senate.gov\/es\/ayudandote\/guias-de-recursos\/\" \/>\n<meta property=\"og:site_name\" content=\"Senator Catherine Cortez Masto\" \/>\n<meta property=\"article:modified_time\" content=\"2023-10-20T19:08:14+00:00\" \/>\n<meta name=\"twitter:card\" content=\"summary_large_image\" \/>\n<meta name=\"twitter:label1\" content=\"Est. reading time\" \/>\n\t<meta name=\"twitter:data1\" content=\"1 minute\" \/>\n<script type=\"application\/ld+json\" class=\"yoast-schema-graph\">{\"@context\":\"https:\/\/schema.org\",\"@graph\":[{\"@type\":\"WebPage\",\"@id\":\"https:\/\/www.cortezmasto.senate.gov\/es\/ayudandote\/guias-de-recursos\/\",\"url\":\"https:\/\/www.cortezmasto.senate.gov\/es\/ayudandote\/guias-de-recursos\/\",\"name\":\"Gu\u00edas de Recursos - Senator Catherine Cortez Masto\",\"isPartOf\":{\"@id\":\"https:\/\/www.cortezmasto.senate.gov\/#website\"},\"datePublished\":\"2023-08-11T17:35:34+00:00\",\"dateModified\":\"2023-10-20T19:08:14+00:00\",\"breadcrumb\":{\"@id\":\"https:\/\/www.cortezmasto.senate.gov\/es\/ayudandote\/guias-de-recursos\/#breadcrumb\"},\"inLanguage\":\"es-ES\",\"potentialAction\":[{\"@type\":\"ReadAction\",\"target\":[\"https:\/\/www.cortezmasto.senate.gov\/es\/ayudandote\/guias-de-recursos\/\"]}]},{\"@type\":\"BreadcrumbList\",\"@id\":\"https:\/\/www.cortezmasto.senate.gov\/es\/ayudandote\/guias-de-recursos\/#breadcrumb\",\"itemListElement\":[{\"@type\":\"ListItem\",\"position\":1,\"name\":\"Home\",\"item\":\"https:\/\/www.cortezmasto.senate.gov\/\"},{\"@type\":\"ListItem\",\"position\":2,\"name\":\"Ayud\u00e1ndote\",\"item\":\"https:\/\/www.cortezmasto.senate.gov\/help\/\"},{\"@type\":\"ListItem\",\"position\":3,\"name\":\"Gu\u00edas de Recursos\"}]},{\"@type\":\"WebSite\",\"@id\":\"https:\/\/www.cortezmasto.senate.gov\/#website\",\"url\":\"https:\/\/www.cortezmasto.senate.gov\/\",\"name\":\"Senator Catherine Cortez Masto\",\"description\":\"U.S. Senator Catherine Cortez Masto of Nevada\",\"publisher\":{\"@id\":\"https:\/\/www.cortezmasto.senate.gov\/#organization\"},\"potentialAction\":[{\"@type\":\"SearchAction\",\"target\":{\"@type\":\"EntryPoint\",\"urlTemplate\":\"https:\/\/www.cortezmasto.senate.gov\/?s={search_term_string}\"},\"query-input\":{\"@type\":\"PropertyValueSpecification\",\"valueRequired\":true,\"valueName\":\"search_term_string\"}}],\"inLanguage\":\"es-ES\"},{\"@type\":\"Organization\",\"@id\":\"https:\/\/www.cortezmasto.senate.gov\/#organization\",\"name\":\"Senator Catherine Cortez Masto\",\"url\":\"https:\/\/www.cortezmasto.senate.gov\/\",\"logo\":{\"@type\":\"ImageObject\",\"inLanguage\":\"es-ES\",\"@id\":\"https:\/\/www.cortezmasto.senate.gov\/#\/schema\/logo\/image\/\",\"url\":\"https:\/\/www.cortezmasto.senate.gov\/wp-content\/uploads\/2023\/02\/CCM_Logo_Primary.svg\",\"contentUrl\":\"https:\/\/www.cortezmasto.senate.gov\/wp-content\/uploads\/2023\/02\/CCM_Logo_Primary.svg\",\"width\":1200,\"height\":626,\"caption\":\"Senator Catherine Cortez Masto\"},\"image\":{\"@id\":\"https:\/\/www.cortezmasto.senate.gov\/#\/schema\/logo\/image\/\"}}]}<\/script>\n<!-- \/ Yoast SEO plugin. -->","yoast_head_json":{"title":"Gu\u00edas de Recursos - Senator Catherine Cortez Masto","robots":{"index":"index","follow":"follow","max-snippet":"max-snippet:-1","max-image-preview":"max-image-preview:large","max-video-preview":"max-video-preview:-1"},"canonical":"https:\/\/www.cortezmasto.senate.gov\/es\/ayudandote\/guias-de-recursos\/","og_locale":"es_ES","og_type":"article","og_title":"Gu\u00edas de Recursos - Senator Catherine Cortez Masto","og_description":"Recursos legales Gu\u00eda para peque\u00f1os negocios Gu\u00eda de recursos de inmigraci\u00f3n Gu\u00eda universitaria Gu\u00eda de recursos para veteranos Gu\u00eda de recursos financieros","og_url":"https:\/\/www.cortezmasto.senate.gov\/es\/ayudandote\/guias-de-recursos\/","og_site_name":"Senator Catherine Cortez Masto","article_modified_time":"2023-10-20T19:08:14+00:00","twitter_card":"summary_large_image","twitter_misc":{"Est. reading time":"1 minute"},"schema":{"@context":"https:\/\/schema.org","@graph":[{"@type":"WebPage","@id":"https:\/\/www.cortezmasto.senate.gov\/es\/ayudandote\/guias-de-recursos\/","url":"https:\/\/www.cortezmasto.senate.gov\/es\/ayudandote\/guias-de-recursos\/","name":"Gu\u00edas de Recursos - Senator Catherine Cortez Masto","isPartOf":{"@id":"https:\/\/www.cortezmasto.senate.gov\/#website"},"datePublished":"2023-08-11T17:35:34+00:00","dateModified":"2023-10-20T19:08:14+00:00","breadcrumb":{"@id":"https:\/\/www.cortezmasto.senate.gov\/es\/ayudandote\/guias-de-recursos\/#breadcrumb"},"inLanguage":"es-ES","potentialAction":[{"@type":"ReadAction","target":["https:\/\/www.cortezmasto.senate.gov\/es\/ayudandote\/guias-de-recursos\/"]}]},{"@type":"BreadcrumbList","@id":"https:\/\/www.cortezmasto.senate.gov\/es\/ayudandote\/guias-de-recursos\/#breadcrumb","itemListElement":[{"@type":"ListItem","position":1,"name":"Home","item":"https:\/\/www.cortezmasto.senate.gov\/"},{"@type":"ListItem","position":2,"name":"Ayud\u00e1ndote","item":"https:\/\/www.cortezmasto.senate.gov\/help\/"},{"@type":"ListItem","position":3,"name":"Gu\u00edas de Recursos"}]},{"@type":"WebSite","@id":"https:\/\/www.cortezmasto.senate.gov\/#website","url":"https:\/\/www.cortezmasto.senate.gov\/","name":"Senator Catherine Cortez Masto","description":"U.S. Senator Catherine Cortez Masto of Nevada","publisher":{"@id":"https:\/\/www.cortezmasto.senate.gov\/#organization"},"potentialAction":[{"@type":"SearchAction","target":{"@type":"EntryPoint","urlTemplate":"https:\/\/www.cortezmasto.senate.gov\/?s={search_term_string}"},"query-input":{"@type":"PropertyValueSpecification","valueRequired":true,"valueName":"search_term_string"}}],"inLanguage":"es-ES"},{"@type":"Organization","@id":"https:\/\/www.cortezmasto.senate.gov\/#organization","name":"Senator Catherine Cortez Masto","url":"https:\/\/www.cortezmasto.senate.gov\/","logo":{"@type":"ImageObject","inLanguage":"es-ES","@id":"https:\/\/www.cortezmasto.senate.gov\/#\/schema\/logo\/image\/","url":"https:\/\/www.cortezmasto.senate.gov\/wp-content\/uploads\/2023\/02\/CCM_Logo_Primary.svg","contentUrl":"https:\/\/www.cortezmasto.senate.gov\/wp-content\/uploads\/2023\/02\/CCM_Logo_Primary.svg","width":1200,"height":626,"caption":"Senator Catherine Cortez Masto"},"image":{"@id":"https:\/\/www.cortezmasto.senate.gov\/#\/schema\/logo\/image\/"}}]}},"_links":{"self":[{"href":"https:\/\/www.cortezmasto.senate.gov\/es\/wp-json\/wp\/v2\/pages\/43059"}],"collection":[{"href":"https:\/\/www.cortezmasto.senate.gov\/es\/wp-json\/wp\/v2\/pages"}],"about":[{"href":"https:\/\/www.cortezmasto.senate.gov\/es\/wp-json\/wp\/v2\/types\/page"}],"author":[{"embeddable":true,"href":"https:\/\/www.cortezmasto.senate.gov\/es\/wp-json\/wp\/v2\/users\/8"}],"replies":[{"embeddable":true,"href":"https:\/\/www.cortezmasto.senate.gov\/es\/wp-json\/wp\/v2\/comments?post=43059"}],"version-history":[{"count":28,"href":"https:\/\/www.cortezmasto.senate.gov\/es\/wp-json\/wp\/v2\/pages\/43059\/revisions"}],"predecessor-version":[{"id":44590,"href":"https:\/\/www.cortezmasto.senate.gov\/es\/wp-json\/wp\/v2\/pages\/43059\/revisions\/44590"}],"up":[{"embeddable":true,"href":"https:\/\/www.cortezmasto.senate.gov\/es\/wp-json\/wp\/v2\/pages\/42889"}],"wp:attachment":[{"href":"https:\/\/www.cortezmasto.senate.gov\/es\/wp-json\/wp\/v2\/media?parent=43059"}],"curies":[{"name":"wp","href":"https:\/\/api.w.org\/{rel}","templated":true}]}}