{"id":43044,"date":"2023-07-28T15:13:48","date_gmt":"2023-07-28T19:13:48","guid":{"rendered":"https:\/\/www.cortezmasto.senate.gov\/?page_id=43044"},"modified":"2023-10-18T13:56:22","modified_gmt":"2023-10-18T17:56:22","slug":"pasantias","status":"publish","type":"page","link":"https:\/\/www.cortezmasto.senate.gov\/es\/ayudandote\/servicios-a-los-constituyentes\/pasantias\/","title":{"rendered":"Pasant\u00edas"},"content":{"rendered":"\t\t<div data-elementor-type=\"wp-page\" data-elementor-id=\"43044\" class=\"elementor elementor-43044 elementor-23882\" data-elementor-post-type=\"page\">\n\t\t\t\t<div class=\"elementor-element elementor-element-15a5d50 e-flex e-con-boxed e-con e-parent\" data-id=\"15a5d50\" data-element_type=\"container\">\n\t\t\t\t\t<div class=\"e-con-inner\">\n\t\t\t\t<div class=\"elementor-element elementor-element-063393c elementor-widget elementor-widget-text-editor\" data-id=\"063393c\" data-element_type=\"widget\" data-widget_type=\"text-editor.default\">\n\t\t\t\t<div class=\"elementor-widget-container\">\n\t\t\t\t\t\t\t<h2><b>Sobre las pasant\u00edas<\/b><\/h2><p><span style=\"font-weight: 400;\">Ofrezco pasant\u00edas en mis oficinas en Washington, DC, Las Vegas y Reno. Los pasantes podr\u00e1n aprender sobre el proceso legislativo y sobre c\u00f3mo mi oficina y yo servimos a los nevadenses.<\/span><\/p><h2><b>Responsabilidades y calificaciones<\/b><\/h2><p><span style=\"font-weight: 400;\">Pasantes en mi oficina en Washington, DC trabajan con mis equipos de prensa, legislaci\u00f3n y servicios al constituyente. Un d\u00eda t\u00edpico en mi oficina puede incluir contestar los tel\u00e9fonos, asistir con correspondencia, investigar diferentes \u00e1reas legislativas, asistir a audiencias de comit\u00e9, y dar recorridos del Capitolio. Aquellos <\/span><span style=\"font-weight: 400;\">interesados en las comunicaciones pol\u00edticas pueden aplicar para una pasant\u00eda con mi equipo de prensa y ayudar<\/span><span style=\"font-weight: 400;\"> a monitorear temas relevantes de la prensa, preparar comunicados de prensa y escribir publicaciones para nuestras redes sociales y digitales. <\/span><span style=\"font-weight: 400;\">Durante la pasant\u00eda, recibir\u00e1s comentarios detallados sobre tus escritos y observar\u00e1s el funcionamiento interno de un equipo de comunicaciones del Senado. Los solicitantes deben tener curiosidad por los medios pol\u00edticos, ser meticulosos y tener inter\u00e9s para aprender.<\/span><\/p><p><span style=\"font-weight: 400;\">Pasantes en mis oficinas en Las Vegas y Reno se enfocan en servicios al constituyente y aprenden sobre c\u00f3mo ayudamos a los nevadenses.<\/span><\/p><h2><b>Proceso de Aplicaci\u00f3n<\/b><\/h2><p><span style=\"font-weight: 400;\">Para entregar su aplicaci\u00f3n, cree una cuenta <\/span><a href=\"https:\/\/oampublic.senate.gov\/constituent\/login\/738e3b5e-5a8b-402e-bec2-2cc34e615efd\/\"><span style=\"font-weight: 400;\">aqu\u00ed<\/span><\/a><span style=\"font-weight: 400;\"> y llene el cuestionario. Al completar el cuestionario, podr\u00e1s ver en tu pantalla una lista de los documentos solicitados que incluye una carta de presentaci\u00f3n, su curr\u00edculum y una carta de recomendaci\u00f3n. Por favor suba estos documentos en formato PDF.<\/span><\/p><h2><b>Fechas limite<\/b><\/h2><p><span style=\"font-weight: 400;\">Primavera: 15 de diciembre<\/span><span style=\"font-weight: 400;\"><br \/><\/span><span style=\"font-weight: 400;\">Verano: 15 de abril<\/span><span style=\"font-weight: 400;\"><br \/><\/span><span style=\"font-weight: 400;\">Oto\u00f1o: 15 de julio<\/span><\/p><p><span style=\"font-weight: 400;\">Por favor env\u00ede un correo electr\u00f3nico\u00a0 a <\/span><a href=\"mailto:internships@cortezmasto.senate.gov\"><b>internships@cortezmasto.senate.gov<\/b><\/a><span style=\"font-weight: 400;\"> si tiene alguna pregunta.<\/span><\/p><h2><strong>Becas<\/strong><\/h2><p><span style=\"font-weight: 400;\">La senadora Cortez Masto ofrece becas para estudiantes aplicando para pasant\u00edas en sus oficinas Washington DC y Las Vegas. La beca es para estudiantes que son los primeros en su familia en asistir a la universidad. Por favor env\u00ede un correo electr\u00f3nico titulado \u201cBeca de Pasante\u201d a <\/span><a href=\"mailto:internships@cortezmasto.senate.gov\"><span style=\"font-weight: 400;\">internships@cortezmasto.senate.gov<\/span><\/a><span style=\"font-weight: 400;\"> con un ensayo de dos p\u00e1ginas contando su experiencia y opini\u00f3n sobre la importancia de la educaci\u00f3n. Esta porci\u00f3n de su aplicaci\u00f3n es aparte de su aplicaci\u00f3n\u00a0 para obtener una pasant\u00eda en la oficina y ser\u00e1 evaluada por separado.<\/span><\/p>\t\t\t\t\t\t<\/div>\n\t\t\t\t<\/div>\n\t\t\t\t\t<\/div>\n\t\t\t\t<\/div>\n\t\t<div class=\"elementor-element elementor-element-f6b4a9d e-flex e-con-boxed e-con e-parent\" data-id=\"f6b4a9d\" data-element_type=\"container\">\n\t\t\t\t\t<div class=\"e-con-inner\">\n\t\t\t\t<div class=\"elementor-element elementor-element-4d8631d elementor-widget elementor-widget-text-editor\" data-id=\"4d8631d\" data-element_type=\"widget\" data-widget_type=\"text-editor.default\">\n\t\t\t\t<div class=\"elementor-widget-container\">\n\t\t\t\t\t\t\t<p><strong>Estamos aceptando aplicaciones para pasant\u00edas.<\/strong><\/p>\t\t\t\t\t\t<\/div>\n\t\t\t\t<\/div>\n\t\t\t\t\t<\/div>\n\t\t\t\t<\/div>\n\t\t<div class=\"elementor-element elementor-element-96cf325 ButtonWrapper--primary e-flex e-con-boxed e-con e-parent\" data-id=\"96cf325\" data-element_type=\"container\">\n\t\t\t\t\t<div class=\"e-con-inner\">\n\t\t\t\t<div class=\"elementor-element elementor-element-14c500ca elementor-widget elementor-widget-button\" data-id=\"14c500ca\" data-element_type=\"widget\" data-widget_type=\"button.default\">\n\t\t\t\t<div class=\"elementor-widget-container\">\n\t\t\t\t\t\t\t<div class=\"elementor-button-wrapper\">\n\t\t\t\t\t<a class=\"elementor-button elementor-button-link elementor-size-sm\" href=\"https:\/\/oampublic.senate.gov\/constituent\/login\/738e3b5e-5a8b-402e-bec2-2cc34e615efd\/\" target=\"_blank\">\n\t\t\t\t\t\t<span class=\"elementor-button-content-wrapper\">\n\t\t\t\t\t\t<span class=\"elementor-button-icon\">\n\t\t\t\t<i aria-hidden=\"true\" class=\"fas fa-long-arrow-alt-right\"><\/i>\t\t\t<\/span>\n\t\t\t\t\t\t\t\t\t<span class=\"elementor-button-text\">solicite aqu\u00ed<\/span>\n\t\t\t\t\t<\/span>\n\t\t\t\t\t<\/a>\n\t\t\t\t<\/div>\n\t\t\t\t\t\t<\/div>\n\t\t\t\t<\/div>\n\t\t\t\t\t<\/div>\n\t\t\t\t<\/div>\n\t\t\t\t<\/div>\n\t\t","protected":false},"excerpt":{"rendered":"<p>Sobre las pasant\u00edas Ofrezco pasant\u00edas en mis oficinas en Washington, DC, Las Vegas y Reno. Los pasantes podr\u00e1n aprender sobre el proceso legislativo y sobre c\u00f3mo mi oficina y yo servimos a los nevadenses. Responsabilidades y calificaciones Pasantes en mi oficina en Washington, DC trabajan con mis equipos de prensa, legislaci\u00f3n y servicios al constituyente. [&hellip;]<\/p>\n","protected":false},"author":8,"featured_media":0,"parent":43000,"menu_order":0,"comment_status":"closed","ping_status":"closed","template":"","meta":{"_acf_changed":false,"inline_featured_image":false,"footnotes":""},"class_list":["post-43044","page","type-page","status-publish","hentry"],"acf":{"image":36479,"show_image":true,"blurb":"","blurb_overline":"","hide_default_heading":false},"yoast_head":"<!-- This site is optimized with the Yoast SEO plugin v24.0 - https:\/\/yoast.com\/wordpress\/plugins\/seo\/ -->\n<title>Pasant\u00edas - Senator Catherine Cortez Masto<\/title>\n<meta name=\"robots\" content=\"index, follow, max-snippet:-1, max-image-preview:large, max-video-preview:-1\" \/>\n<link rel=\"canonical\" href=\"https:\/\/www.cortezmasto.senate.gov\/es\/ayudandote\/servicios-a-los-constituyentes\/pasantias\/\" \/>\n<meta property=\"og:locale\" content=\"es_ES\" \/>\n<meta property=\"og:type\" content=\"article\" \/>\n<meta property=\"og:title\" content=\"Pasant\u00edas - Senator Catherine Cortez Masto\" \/>\n<meta property=\"og:description\" content=\"Sobre las pasant\u00edas Ofrezco pasant\u00edas en mis oficinas en Washington, DC, Las Vegas y Reno. Los pasantes podr\u00e1n aprender sobre el proceso legislativo y sobre c\u00f3mo mi oficina y yo servimos a los nevadenses. Responsabilidades y calificaciones Pasantes en mi oficina en Washington, DC trabajan con mis equipos de prensa, legislaci\u00f3n y servicios al constituyente. [&hellip;]\" \/>\n<meta property=\"og:url\" content=\"https:\/\/www.cortezmasto.senate.gov\/es\/ayudandote\/servicios-a-los-constituyentes\/pasantias\/\" \/>\n<meta property=\"og:site_name\" content=\"Senator Catherine Cortez Masto\" \/>\n<meta property=\"article:modified_time\" content=\"2023-10-18T17:56:22+00:00\" \/>\n<meta name=\"twitter:card\" content=\"summary_large_image\" \/>\n<meta name=\"twitter:label1\" content=\"Est. reading time\" \/>\n\t<meta name=\"twitter:data1\" content=\"2 minutes\" \/>\n<script type=\"application\/ld+json\" class=\"yoast-schema-graph\">{\"@context\":\"https:\/\/schema.org\",\"@graph\":[{\"@type\":\"WebPage\",\"@id\":\"https:\/\/www.cortezmasto.senate.gov\/es\/ayudandote\/servicios-a-los-constituyentes\/pasantias\/\",\"url\":\"https:\/\/www.cortezmasto.senate.gov\/es\/ayudandote\/servicios-a-los-constituyentes\/pasantias\/\",\"name\":\"Pasant\u00edas - Senator Catherine Cortez Masto\",\"isPartOf\":{\"@id\":\"https:\/\/www.cortezmasto.senate.gov\/#website\"},\"datePublished\":\"2023-07-28T19:13:48+00:00\",\"dateModified\":\"2023-10-18T17:56:22+00:00\",\"breadcrumb\":{\"@id\":\"https:\/\/www.cortezmasto.senate.gov\/es\/ayudandote\/servicios-a-los-constituyentes\/pasantias\/#breadcrumb\"},\"inLanguage\":\"es-ES\",\"potentialAction\":[{\"@type\":\"ReadAction\",\"target\":[\"https:\/\/www.cortezmasto.senate.gov\/es\/ayudandote\/servicios-a-los-constituyentes\/pasantias\/\"]}]},{\"@type\":\"BreadcrumbList\",\"@id\":\"https:\/\/www.cortezmasto.senate.gov\/es\/ayudandote\/servicios-a-los-constituyentes\/pasantias\/#breadcrumb\",\"itemListElement\":[{\"@type\":\"ListItem\",\"position\":1,\"name\":\"Home\",\"item\":\"https:\/\/www.cortezmasto.senate.gov\/\"},{\"@type\":\"ListItem\",\"position\":2,\"name\":\"Ayud\u00e1ndote\",\"item\":\"https:\/\/www.cortezmasto.senate.gov\/help\/\"},{\"@type\":\"ListItem\",\"position\":3,\"name\":\"Servicios a los Constituyentes\",\"item\":\"https:\/\/www.cortezmasto.senate.gov\/es\/ayudandote\/servicios-a-los-constituyentes\/\"},{\"@type\":\"ListItem\",\"position\":4,\"name\":\"Pasant\u00edas\"}]},{\"@type\":\"WebSite\",\"@id\":\"https:\/\/www.cortezmasto.senate.gov\/#website\",\"url\":\"https:\/\/www.cortezmasto.senate.gov\/\",\"name\":\"Senator Catherine Cortez Masto\",\"description\":\"U.S. Senator Catherine Cortez Masto of Nevada\",\"publisher\":{\"@id\":\"https:\/\/www.cortezmasto.senate.gov\/#organization\"},\"potentialAction\":[{\"@type\":\"SearchAction\",\"target\":{\"@type\":\"EntryPoint\",\"urlTemplate\":\"https:\/\/www.cortezmasto.senate.gov\/?s={search_term_string}\"},\"query-input\":{\"@type\":\"PropertyValueSpecification\",\"valueRequired\":true,\"valueName\":\"search_term_string\"}}],\"inLanguage\":\"es-ES\"},{\"@type\":\"Organization\",\"@id\":\"https:\/\/www.cortezmasto.senate.gov\/#organization\",\"name\":\"Senator Catherine Cortez Masto\",\"url\":\"https:\/\/www.cortezmasto.senate.gov\/\",\"logo\":{\"@type\":\"ImageObject\",\"inLanguage\":\"es-ES\",\"@id\":\"https:\/\/www.cortezmasto.senate.gov\/#\/schema\/logo\/image\/\",\"url\":\"https:\/\/www.cortezmasto.senate.gov\/wp-content\/uploads\/2023\/02\/CCM_Logo_Primary.svg\",\"contentUrl\":\"https:\/\/www.cortezmasto.senate.gov\/wp-content\/uploads\/2023\/02\/CCM_Logo_Primary.svg\",\"width\":1200,\"height\":626,\"caption\":\"Senator Catherine Cortez Masto\"},\"image\":{\"@id\":\"https:\/\/www.cortezmasto.senate.gov\/#\/schema\/logo\/image\/\"}}]}<\/script>\n<!-- \/ Yoast SEO plugin. -->","yoast_head_json":{"title":"Pasant\u00edas - Senator Catherine Cortez Masto","robots":{"index":"index","follow":"follow","max-snippet":"max-snippet:-1","max-image-preview":"max-image-preview:large","max-video-preview":"max-video-preview:-1"},"canonical":"https:\/\/www.cortezmasto.senate.gov\/es\/ayudandote\/servicios-a-los-constituyentes\/pasantias\/","og_locale":"es_ES","og_type":"article","og_title":"Pasant\u00edas - Senator Catherine Cortez Masto","og_description":"Sobre las pasant\u00edas Ofrezco pasant\u00edas en mis oficinas en Washington, DC, Las Vegas y Reno. Los pasantes podr\u00e1n aprender sobre el proceso legislativo y sobre c\u00f3mo mi oficina y yo servimos a los nevadenses. Responsabilidades y calificaciones Pasantes en mi oficina en Washington, DC trabajan con mis equipos de prensa, legislaci\u00f3n y servicios al constituyente. [&hellip;]","og_url":"https:\/\/www.cortezmasto.senate.gov\/es\/ayudandote\/servicios-a-los-constituyentes\/pasantias\/","og_site_name":"Senator Catherine Cortez Masto","article_modified_time":"2023-10-18T17:56:22+00:00","twitter_card":"summary_large_image","twitter_misc":{"Est. reading time":"2 minutes"},"schema":{"@context":"https:\/\/schema.org","@graph":[{"@type":"WebPage","@id":"https:\/\/www.cortezmasto.senate.gov\/es\/ayudandote\/servicios-a-los-constituyentes\/pasantias\/","url":"https:\/\/www.cortezmasto.senate.gov\/es\/ayudandote\/servicios-a-los-constituyentes\/pasantias\/","name":"Pasant\u00edas - Senator Catherine Cortez Masto","isPartOf":{"@id":"https:\/\/www.cortezmasto.senate.gov\/#website"},"datePublished":"2023-07-28T19:13:48+00:00","dateModified":"2023-10-18T17:56:22+00:00","breadcrumb":{"@id":"https:\/\/www.cortezmasto.senate.gov\/es\/ayudandote\/servicios-a-los-constituyentes\/pasantias\/#breadcrumb"},"inLanguage":"es-ES","potentialAction":[{"@type":"ReadAction","target":["https:\/\/www.cortezmasto.senate.gov\/es\/ayudandote\/servicios-a-los-constituyentes\/pasantias\/"]}]},{"@type":"BreadcrumbList","@id":"https:\/\/www.cortezmasto.senate.gov\/es\/ayudandote\/servicios-a-los-constituyentes\/pasantias\/#breadcrumb","itemListElement":[{"@type":"ListItem","position":1,"name":"Home","item":"https:\/\/www.cortezmasto.senate.gov\/"},{"@type":"ListItem","position":2,"name":"Ayud\u00e1ndote","item":"https:\/\/www.cortezmasto.senate.gov\/help\/"},{"@type":"ListItem","position":3,"name":"Servicios a los Constituyentes","item":"https:\/\/www.cortezmasto.senate.gov\/es\/ayudandote\/servicios-a-los-constituyentes\/"},{"@type":"ListItem","position":4,"name":"Pasant\u00edas"}]},{"@type":"WebSite","@id":"https:\/\/www.cortezmasto.senate.gov\/#website","url":"https:\/\/www.cortezmasto.senate.gov\/","name":"Senator Catherine Cortez Masto","description":"U.S. Senator Catherine Cortez Masto of Nevada","publisher":{"@id":"https:\/\/www.cortezmasto.senate.gov\/#organization"},"potentialAction":[{"@type":"SearchAction","target":{"@type":"EntryPoint","urlTemplate":"https:\/\/www.cortezmasto.senate.gov\/?s={search_term_string}"},"query-input":{"@type":"PropertyValueSpecification","valueRequired":true,"valueName":"search_term_string"}}],"inLanguage":"es-ES"},{"@type":"Organization","@id":"https:\/\/www.cortezmasto.senate.gov\/#organization","name":"Senator Catherine Cortez Masto","url":"https:\/\/www.cortezmasto.senate.gov\/","logo":{"@type":"ImageObject","inLanguage":"es-ES","@id":"https:\/\/www.cortezmasto.senate.gov\/#\/schema\/logo\/image\/","url":"https:\/\/www.cortezmasto.senate.gov\/wp-content\/uploads\/2023\/02\/CCM_Logo_Primary.svg","contentUrl":"https:\/\/www.cortezmasto.senate.gov\/wp-content\/uploads\/2023\/02\/CCM_Logo_Primary.svg","width":1200,"height":626,"caption":"Senator Catherine Cortez Masto"},"image":{"@id":"https:\/\/www.cortezmasto.senate.gov\/#\/schema\/logo\/image\/"}}]}},"_links":{"self":[{"href":"https:\/\/www.cortezmasto.senate.gov\/es\/wp-json\/wp\/v2\/pages\/43044"}],"collection":[{"href":"https:\/\/www.cortezmasto.senate.gov\/es\/wp-json\/wp\/v2\/pages"}],"about":[{"href":"https:\/\/www.cortezmasto.senate.gov\/es\/wp-json\/wp\/v2\/types\/page"}],"author":[{"embeddable":true,"href":"https:\/\/www.cortezmasto.senate.gov\/es\/wp-json\/wp\/v2\/users\/8"}],"replies":[{"embeddable":true,"href":"https:\/\/www.cortezmasto.senate.gov\/es\/wp-json\/wp\/v2\/comments?post=43044"}],"version-history":[{"count":13,"href":"https:\/\/www.cortezmasto.senate.gov\/es\/wp-json\/wp\/v2\/pages\/43044\/revisions"}],"predecessor-version":[{"id":44224,"href":"https:\/\/www.cortezmasto.senate.gov\/es\/wp-json\/wp\/v2\/pages\/43044\/revisions\/44224"}],"up":[{"embeddable":true,"href":"https:\/\/www.cortezmasto.senate.gov\/es\/wp-json\/wp\/v2\/pages\/43000"}],"wp:attachment":[{"href":"https:\/\/www.cortezmasto.senate.gov\/es\/wp-json\/wp\/v2\/media?parent=43044"}],"curies":[{"name":"wp","href":"https:\/\/api.w.org\/{rel}","templated":true}]}}