{"id":43000,"date":"2023-08-24T17:05:32","date_gmt":"2023-08-24T21:05:32","guid":{"rendered":"https:\/\/www.cortezmasto.senate.gov\/?page_id=43000"},"modified":"2023-10-17T15:14:46","modified_gmt":"2023-10-17T19:14:46","slug":"servicios-a-los-constituyentes","status":"publish","type":"page","link":"https:\/\/www.cortezmasto.senate.gov\/es\/ayudandote\/servicios-a-los-constituyentes\/","title":{"rendered":"Servicios a los Constituyentes"},"content":{"rendered":"\t\t<div data-elementor-type=\"wp-page\" data-elementor-id=\"43000\" class=\"elementor elementor-43000 elementor-30473\" data-elementor-post-type=\"page\">\n\t\t\t\t<div class=\"elementor-element elementor-element-2cc2ca77 e-flex e-con-boxed e-con e-parent\" data-id=\"2cc2ca77\" data-element_type=\"container\">\n\t\t\t\t\t<div class=\"e-con-inner\">\n\t\t<div class=\"elementor-element elementor-element-fab1dc3 e-con-full HighImpactList__row e-flex e-con e-child\" data-id=\"fab1dc3\" data-element_type=\"container\">\n\t\t<div class=\"elementor-element elementor-element-7d4de282 col-12 col-md-6 col-lg-4 e-flex e-con-boxed e-con e-child\" data-id=\"7d4de282\" data-element_type=\"container\">\n\t\t\t\t\t<div class=\"e-con-inner\">\n\t\t<a class=\"elementor-element elementor-element-70132e25 HighImpactListBlock rounded-corner e-flex e-con-boxed e-con e-child\" data-id=\"70132e25\" data-element_type=\"container\" href=\"https:\/\/www.cortezmasto.senate.gov\/help\/constituent-services\/academy-nominations\/\">\n\t\t\t\t\t<div class=\"e-con-inner\">\n\t\t\t\t<div class=\"elementor-element elementor-element-5f0b8997 elementor-view-stacked elementor-shape-circle elementor-widget elementor-widget-icon\" data-id=\"5f0b8997\" data-element_type=\"widget\" data-widget_type=\"icon.default\">\n\t\t\t\t<div class=\"elementor-widget-container\">\n\t\t\t\t\t<div class=\"elementor-icon-wrapper\">\n\t\t\t<div class=\"elementor-icon\">\n\t\t\t<i aria-hidden=\"true\" class=\"custom custom-medal\"><\/i>\t\t\t<\/div>\n\t\t<\/div>\n\t\t\t\t<\/div>\n\t\t\t\t<\/div>\n\t\t\t\t<div class=\"elementor-element elementor-element-1632a404 elementor-widget__width-initial elementor-widget elementor-widget-heading\" data-id=\"1632a404\" data-element_type=\"widget\" data-widget_type=\"heading.default\">\n\t\t\t\t<div class=\"elementor-widget-container\">\n\t\t\t<div class=\"elementor-heading-title elementor-size-default\">Nominaciones a la Academia<\/div>\t\t<\/div>\n\t\t\t\t<\/div>\n\t\t\t\t<div class=\"elementor-element elementor-element-1d90b5d9 btn-label elementor-widget elementor-widget-heading\" data-id=\"1d90b5d9\" data-element_type=\"widget\" data-widget_type=\"heading.default\">\n\t\t\t\t<div class=\"elementor-widget-container\">\n\t\t\t<div class=\"elementor-heading-title elementor-size-default\"><span class=\"btn-text\">M\u00e1s informaci\u00f3n<\/span>  <i class=\"fas fa-long-arrow-alt-right\" aria-hidden=\"true\"><\/i><\/div>\t\t<\/div>\n\t\t\t\t<\/div>\n\t\t\t\t\t<\/div>\n\t\t\t\t<\/a>\n\t\t\t\t\t<\/div>\n\t\t\t\t<\/div>\n\t\t<div class=\"elementor-element elementor-element-509cd940 col-12 col-md-6 col-lg-4 e-flex e-con-boxed e-con e-child\" data-id=\"509cd940\" data-element_type=\"container\">\n\t\t\t\t\t<div class=\"e-con-inner\">\n\t\t<a class=\"elementor-element elementor-element-1130caba HighImpactListBlock rounded-corner e-flex e-con-boxed e-con e-child\" data-id=\"1130caba\" data-element_type=\"container\" href=\"https:\/\/www.cortezmasto.senate.gov\/help\/constituent-services\/flag-requests\/\">\n\t\t\t\t\t<div class=\"e-con-inner\">\n\t\t\t\t<div class=\"elementor-element elementor-element-5200e10e elementor-view-stacked elementor-shape-circle elementor-widget elementor-widget-icon\" data-id=\"5200e10e\" data-element_type=\"widget\" data-widget_type=\"icon.default\">\n\t\t\t\t<div class=\"elementor-widget-container\">\n\t\t\t\t\t<div class=\"elementor-icon-wrapper\">\n\t\t\t<div class=\"elementor-icon\">\n\t\t\t<i aria-hidden=\"true\" class=\"custom custom-Flag-Requests\"><\/i>\t\t\t<\/div>\n\t\t<\/div>\n\t\t\t\t<\/div>\n\t\t\t\t<\/div>\n\t\t\t\t<div class=\"elementor-element elementor-element-2d2090bd elementor-widget__width-initial elementor-widget elementor-widget-heading\" data-id=\"2d2090bd\" data-element_type=\"widget\" data-widget_type=\"heading.default\">\n\t\t\t\t<div class=\"elementor-widget-container\">\n\t\t\t<div class=\"elementor-heading-title elementor-size-default\">Solicitudes de banderas<\/div>\t\t<\/div>\n\t\t\t\t<\/div>\n\t\t\t\t<div class=\"elementor-element elementor-element-70bd8f28 btn-label elementor-widget elementor-widget-heading\" data-id=\"70bd8f28\" data-element_type=\"widget\" data-widget_type=\"heading.default\">\n\t\t\t\t<div class=\"elementor-widget-container\">\n\t\t\t<div class=\"elementor-heading-title elementor-size-default\"><span class=\"btn-text\">M\u00e1s informaci\u00f3n<\/span>  <i class=\"fas fa-long-arrow-alt-right\" aria-hidden=\"true\"><\/i><\/div>\t\t<\/div>\n\t\t\t\t<\/div>\n\t\t\t\t\t<\/div>\n\t\t\t\t<\/a>\n\t\t\t\t\t<\/div>\n\t\t\t\t<\/div>\n\t\t<div class=\"elementor-element elementor-element-318a9ee0 col-12 col-md-6 col-lg-4 e-flex e-con-boxed e-con e-child\" data-id=\"318a9ee0\" data-element_type=\"container\">\n\t\t\t\t\t<div class=\"e-con-inner\">\n\t\t<a class=\"elementor-element elementor-element-5e4335e8 HighImpactListBlock rounded-corner e-flex e-con-boxed e-con e-child\" data-id=\"5e4335e8\" data-element_type=\"container\" href=\"https:\/\/www.cortezmasto.senate.gov\/help\/constituent-services\/visiting-dc\/\">\n\t\t\t\t\t<div class=\"e-con-inner\">\n\t\t\t\t<div class=\"elementor-element elementor-element-76701c87 elementor-view-stacked elementor-shape-circle elementor-widget elementor-widget-icon\" data-id=\"76701c87\" data-element_type=\"widget\" data-widget_type=\"icon.default\">\n\t\t\t\t<div class=\"elementor-widget-container\">\n\t\t\t\t\t<div class=\"elementor-icon-wrapper\">\n\t\t\t<div class=\"elementor-icon\">\n\t\t\t<i aria-hidden=\"true\" class=\"custom custom-Capitol\"><\/i>\t\t\t<\/div>\n\t\t<\/div>\n\t\t\t\t<\/div>\n\t\t\t\t<\/div>\n\t\t\t\t<div class=\"elementor-element elementor-element-32ef7ec8 elementor-widget__width-initial elementor-widget elementor-widget-heading\" data-id=\"32ef7ec8\" data-element_type=\"widget\" data-widget_type=\"heading.default\">\n\t\t\t\t<div class=\"elementor-widget-container\">\n\t\t\t<div class=\"elementor-heading-title elementor-size-default\">Solicitudes de recorridos tur\u00edsticos<\/div>\t\t<\/div>\n\t\t\t\t<\/div>\n\t\t\t\t<div class=\"elementor-element elementor-element-6b89124b btn-label elementor-widget elementor-widget-heading\" data-id=\"6b89124b\" data-element_type=\"widget\" data-widget_type=\"heading.default\">\n\t\t\t\t<div class=\"elementor-widget-container\">\n\t\t\t<div class=\"elementor-heading-title elementor-size-default\"><span class=\"btn-text\">M\u00e1s informaci\u00f3n<\/span>  <i class=\"fas fa-long-arrow-alt-right\" aria-hidden=\"true\"><\/i><\/div>\t\t<\/div>\n\t\t\t\t<\/div>\n\t\t\t\t\t<\/div>\n\t\t\t\t<\/a>\n\t\t\t\t\t<\/div>\n\t\t\t\t<\/div>\n\t\t<div class=\"elementor-element elementor-element-9973e7c col-12 col-md-6 col-lg-4 e-flex e-con-boxed e-con e-child\" data-id=\"9973e7c\" data-element_type=\"container\">\n\t\t\t\t\t<div class=\"e-con-inner\">\n\t\t<a class=\"elementor-element elementor-element-a82b0a7 HighImpactListBlock rounded-corner e-flex e-con-boxed e-con e-child\" data-id=\"a82b0a7\" data-element_type=\"container\" href=\"https:\/\/www.cortezmasto.senate.gov\/help\/constituent-services\/internships\/\">\n\t\t\t\t\t<div class=\"e-con-inner\">\n\t\t\t\t<div class=\"elementor-element elementor-element-d284cfc elementor-view-stacked elementor-shape-circle elementor-widget elementor-widget-icon\" data-id=\"d284cfc\" data-element_type=\"widget\" data-widget_type=\"icon.default\">\n\t\t\t\t<div class=\"elementor-widget-container\">\n\t\t\t\t\t<div class=\"elementor-icon-wrapper\">\n\t\t\t<div class=\"elementor-icon\">\n\t\t\t<i aria-hidden=\"true\" class=\"custom custom-Internships--Education-1\"><\/i>\t\t\t<\/div>\n\t\t<\/div>\n\t\t\t\t<\/div>\n\t\t\t\t<\/div>\n\t\t\t\t<div class=\"elementor-element elementor-element-8bcf95e elementor-widget__width-initial elementor-widget elementor-widget-heading\" data-id=\"8bcf95e\" data-element_type=\"widget\" data-widget_type=\"heading.default\">\n\t\t\t\t<div class=\"elementor-widget-container\">\n\t\t\t<div class=\"elementor-heading-title elementor-size-default\">Pasant\u00edas<\/div>\t\t<\/div>\n\t\t\t\t<\/div>\n\t\t\t\t<div class=\"elementor-element elementor-element-f4aabb5 btn-label elementor-widget elementor-widget-heading\" data-id=\"f4aabb5\" data-element_type=\"widget\" data-widget_type=\"heading.default\">\n\t\t\t\t<div class=\"elementor-widget-container\">\n\t\t\t<div class=\"elementor-heading-title elementor-size-default\"><span class=\"btn-text\">M\u00e1s informaci\u00f3n<\/span><i class=\"fas fa-long-arrow-alt-right\" aria-hidden=\"true\"><\/i><\/div>\t\t<\/div>\n\t\t\t\t<\/div>\n\t\t\t\t\t<\/div>\n\t\t\t\t<\/a>\n\t\t\t\t\t<\/div>\n\t\t\t\t<\/div>\n\t\t<div class=\"elementor-element elementor-element-e7a9eb3 col-12 col-md-6 col-lg-4 e-flex e-con-boxed e-con e-child\" data-id=\"e7a9eb3\" data-element_type=\"container\">\n\t\t\t\t\t<div class=\"e-con-inner\">\n\t\t<a class=\"elementor-element elementor-element-f5eea7c HighImpactListBlock rounded-corner e-flex e-con-boxed e-con e-child\" data-id=\"f5eea7c\" data-element_type=\"container\" href=\"https:\/\/www.cortezmasto.senate.gov\/help\/constituent-services\/senate-page-nominations\/\">\n\t\t\t\t\t<div class=\"e-con-inner\">\n\t\t\t\t<div class=\"elementor-element elementor-element-c0c2ada elementor-view-stacked elementor-shape-circle elementor-widget elementor-widget-icon\" data-id=\"c0c2ada\" data-element_type=\"widget\" data-widget_type=\"icon.default\">\n\t\t\t\t<div class=\"elementor-widget-container\">\n\t\t\t\t\t<div class=\"elementor-icon-wrapper\">\n\t\t\t<div class=\"elementor-icon\">\n\t\t\t<i aria-hidden=\"true\" class=\"custom custom-document\"><\/i>\t\t\t<\/div>\n\t\t<\/div>\n\t\t\t\t<\/div>\n\t\t\t\t<\/div>\n\t\t\t\t<div class=\"elementor-element elementor-element-793f209 elementor-widget__width-initial elementor-widget elementor-widget-heading\" data-id=\"793f209\" data-element_type=\"widget\" data-widget_type=\"heading.default\">\n\t\t\t\t<div class=\"elementor-widget-container\">\n\t\t\t<div class=\"elementor-heading-title elementor-size-default\">Nominaciones a la p\u00e1gina del Senado<\/div>\t\t<\/div>\n\t\t\t\t<\/div>\n\t\t\t\t<div class=\"elementor-element elementor-element-e7471ab btn-label elementor-widget elementor-widget-heading\" data-id=\"e7471ab\" data-element_type=\"widget\" data-widget_type=\"heading.default\">\n\t\t\t\t<div class=\"elementor-widget-container\">\n\t\t\t<div class=\"elementor-heading-title elementor-size-default\"><span class=\"btn-text\">M\u00e1s informaci\u00f3n<\/span> <i class=\"fas fa-long-arrow-alt-right\" aria-hidden=\"true\"><\/i><\/div>\t\t<\/div>\n\t\t\t\t<\/div>\n\t\t\t\t\t<\/div>\n\t\t\t\t<\/a>\n\t\t\t\t\t<\/div>\n\t\t\t\t<\/div>\n\t\t<div class=\"elementor-element elementor-element-29ffa56 col-12 col-md-6 col-lg-4 e-flex e-con-boxed e-con e-child\" data-id=\"29ffa56\" data-element_type=\"container\">\n\t\t\t\t\t<div class=\"e-con-inner\">\n\t\t<a class=\"elementor-element elementor-element-76dada2 HighImpactListBlock rounded-corner e-flex e-con-boxed e-con e-child\" data-id=\"76dada2\" data-element_type=\"container\" href=\"https:\/\/www.cortezmasto.senate.gov\/help\/constituent-services\/judiciary-applications\/\">\n\t\t\t\t\t<div class=\"e-con-inner\">\n\t\t\t\t<div class=\"elementor-element elementor-element-1315dfb elementor-view-stacked elementor-shape-circle elementor-widget elementor-widget-icon\" data-id=\"1315dfb\" data-element_type=\"widget\" data-widget_type=\"icon.default\">\n\t\t\t\t<div class=\"elementor-widget-container\">\n\t\t\t\t\t<div class=\"elementor-icon-wrapper\">\n\t\t\t<div class=\"elementor-icon\">\n\t\t\t<i aria-hidden=\"true\" class=\"custom custom-Government\"><\/i>\t\t\t<\/div>\n\t\t<\/div>\n\t\t\t\t<\/div>\n\t\t\t\t<\/div>\n\t\t\t\t<div class=\"elementor-element elementor-element-c818475 elementor-widget__width-initial elementor-widget elementor-widget-heading\" data-id=\"c818475\" data-element_type=\"widget\" data-widget_type=\"heading.default\">\n\t\t\t\t<div class=\"elementor-widget-container\">\n\t\t\t<div class=\"elementor-heading-title elementor-size-default\">Aplicaciones judiciales<\/div>\t\t<\/div>\n\t\t\t\t<\/div>\n\t\t\t\t<div class=\"elementor-element elementor-element-2a08efe btn-label elementor-widget elementor-widget-heading\" data-id=\"2a08efe\" data-element_type=\"widget\" data-widget_type=\"heading.default\">\n\t\t\t\t<div class=\"elementor-widget-container\">\n\t\t\t<div class=\"elementor-heading-title elementor-size-default\"><span class=\"btn-text\">M\u00e1s informaci\u00f3n<\/span> <i class=\"fas fa-long-arrow-alt-right\" aria-hidden=\"true\"><\/i><\/div>\t\t<\/div>\n\t\t\t\t<\/div>\n\t\t\t\t\t<\/div>\n\t\t\t\t<\/a>\n\t\t\t\t\t<\/div>\n\t\t\t\t<\/div>\n\t\t\t\t<\/div>\n\t\t\t\t\t<\/div>\n\t\t\t\t<\/div>\n\t\t\t\t<\/div>\n\t\t","protected":false},"excerpt":{"rendered":"<p>Nominaciones a la Academia M\u00e1s informaci\u00f3n Solicitudes de banderas M\u00e1s informaci\u00f3n Solicitudes de recorridos tur\u00edsticos M\u00e1s informaci\u00f3n Pasant\u00edas M\u00e1s informaci\u00f3n Nominaciones a la p\u00e1gina del Senado M\u00e1s informaci\u00f3n Aplicaciones judiciales M\u00e1s informaci\u00f3n<\/p>\n","protected":false},"author":8,"featured_media":0,"parent":42889,"menu_order":0,"comment_status":"closed","ping_status":"closed","template":"","meta":{"_acf_changed":false,"inline_featured_image":false,"footnotes":""},"class_list":["post-43000","page","type-page","status-publish","hentry"],"acf":[],"yoast_head":"<!-- This site is optimized with the Yoast SEO plugin v24.0 - https:\/\/yoast.com\/wordpress\/plugins\/seo\/ -->\n<title>Servicios a los Constituyentes - Senator Catherine Cortez Masto<\/title>\n<meta name=\"robots\" content=\"index, follow, max-snippet:-1, max-image-preview:large, max-video-preview:-1\" \/>\n<link rel=\"canonical\" href=\"https:\/\/www.cortezmasto.senate.gov\/es\/ayudandote\/servicios-a-los-constituyentes\/\" \/>\n<meta property=\"og:locale\" content=\"es_ES\" \/>\n<meta property=\"og:type\" content=\"article\" \/>\n<meta property=\"og:title\" content=\"Servicios a los Constituyentes - Senator Catherine Cortez Masto\" \/>\n<meta property=\"og:description\" content=\"Nominaciones a la Academia M\u00e1s informaci\u00f3n Solicitudes de banderas M\u00e1s informaci\u00f3n Solicitudes de recorridos tur\u00edsticos M\u00e1s informaci\u00f3n Pasant\u00edas M\u00e1s informaci\u00f3n Nominaciones a la p\u00e1gina del Senado M\u00e1s informaci\u00f3n Aplicaciones judiciales M\u00e1s informaci\u00f3n\" \/>\n<meta property=\"og:url\" content=\"https:\/\/www.cortezmasto.senate.gov\/es\/ayudandote\/servicios-a-los-constituyentes\/\" \/>\n<meta property=\"og:site_name\" content=\"Senator Catherine Cortez Masto\" \/>\n<meta property=\"article:modified_time\" content=\"2023-10-17T19:14:46+00:00\" \/>\n<meta name=\"twitter:card\" content=\"summary_large_image\" \/>\n<meta name=\"twitter:label1\" content=\"Est. reading time\" \/>\n\t<meta name=\"twitter:data1\" content=\"1 minute\" \/>\n<script type=\"application\/ld+json\" class=\"yoast-schema-graph\">{\"@context\":\"https:\/\/schema.org\",\"@graph\":[{\"@type\":\"WebPage\",\"@id\":\"https:\/\/www.cortezmasto.senate.gov\/es\/ayudandote\/servicios-a-los-constituyentes\/\",\"url\":\"https:\/\/www.cortezmasto.senate.gov\/es\/ayudandote\/servicios-a-los-constituyentes\/\",\"name\":\"Servicios a los Constituyentes - Senator Catherine Cortez Masto\",\"isPartOf\":{\"@id\":\"https:\/\/www.cortezmasto.senate.gov\/#website\"},\"datePublished\":\"2023-08-24T21:05:32+00:00\",\"dateModified\":\"2023-10-17T19:14:46+00:00\",\"breadcrumb\":{\"@id\":\"https:\/\/www.cortezmasto.senate.gov\/es\/ayudandote\/servicios-a-los-constituyentes\/#breadcrumb\"},\"inLanguage\":\"es-ES\",\"potentialAction\":[{\"@type\":\"ReadAction\",\"target\":[\"https:\/\/www.cortezmasto.senate.gov\/es\/ayudandote\/servicios-a-los-constituyentes\/\"]}]},{\"@type\":\"BreadcrumbList\",\"@id\":\"https:\/\/www.cortezmasto.senate.gov\/es\/ayudandote\/servicios-a-los-constituyentes\/#breadcrumb\",\"itemListElement\":[{\"@type\":\"ListItem\",\"position\":1,\"name\":\"Home\",\"item\":\"https:\/\/www.cortezmasto.senate.gov\/\"},{\"@type\":\"ListItem\",\"position\":2,\"name\":\"Ayud\u00e1ndote\",\"item\":\"https:\/\/www.cortezmasto.senate.gov\/help\/\"},{\"@type\":\"ListItem\",\"position\":3,\"name\":\"Servicios a los Constituyentes\"}]},{\"@type\":\"WebSite\",\"@id\":\"https:\/\/www.cortezmasto.senate.gov\/#website\",\"url\":\"https:\/\/www.cortezmasto.senate.gov\/\",\"name\":\"Senator Catherine Cortez Masto\",\"description\":\"U.S. Senator Catherine Cortez Masto of Nevada\",\"publisher\":{\"@id\":\"https:\/\/www.cortezmasto.senate.gov\/#organization\"},\"potentialAction\":[{\"@type\":\"SearchAction\",\"target\":{\"@type\":\"EntryPoint\",\"urlTemplate\":\"https:\/\/www.cortezmasto.senate.gov\/?s={search_term_string}\"},\"query-input\":{\"@type\":\"PropertyValueSpecification\",\"valueRequired\":true,\"valueName\":\"search_term_string\"}}],\"inLanguage\":\"es-ES\"},{\"@type\":\"Organization\",\"@id\":\"https:\/\/www.cortezmasto.senate.gov\/#organization\",\"name\":\"Senator Catherine Cortez Masto\",\"url\":\"https:\/\/www.cortezmasto.senate.gov\/\",\"logo\":{\"@type\":\"ImageObject\",\"inLanguage\":\"es-ES\",\"@id\":\"https:\/\/www.cortezmasto.senate.gov\/#\/schema\/logo\/image\/\",\"url\":\"https:\/\/www.cortezmasto.senate.gov\/wp-content\/uploads\/2023\/02\/CCM_Logo_Primary.svg\",\"contentUrl\":\"https:\/\/www.cortezmasto.senate.gov\/wp-content\/uploads\/2023\/02\/CCM_Logo_Primary.svg\",\"width\":1200,\"height\":626,\"caption\":\"Senator Catherine Cortez Masto\"},\"image\":{\"@id\":\"https:\/\/www.cortezmasto.senate.gov\/#\/schema\/logo\/image\/\"}}]}<\/script>\n<!-- \/ Yoast SEO plugin. -->","yoast_head_json":{"title":"Servicios a los Constituyentes - Senator Catherine Cortez Masto","robots":{"index":"index","follow":"follow","max-snippet":"max-snippet:-1","max-image-preview":"max-image-preview:large","max-video-preview":"max-video-preview:-1"},"canonical":"https:\/\/www.cortezmasto.senate.gov\/es\/ayudandote\/servicios-a-los-constituyentes\/","og_locale":"es_ES","og_type":"article","og_title":"Servicios a los Constituyentes - Senator Catherine Cortez Masto","og_description":"Nominaciones a la Academia M\u00e1s informaci\u00f3n Solicitudes de banderas M\u00e1s informaci\u00f3n Solicitudes de recorridos tur\u00edsticos M\u00e1s informaci\u00f3n Pasant\u00edas M\u00e1s informaci\u00f3n Nominaciones a la p\u00e1gina del Senado M\u00e1s informaci\u00f3n Aplicaciones judiciales M\u00e1s informaci\u00f3n","og_url":"https:\/\/www.cortezmasto.senate.gov\/es\/ayudandote\/servicios-a-los-constituyentes\/","og_site_name":"Senator Catherine Cortez Masto","article_modified_time":"2023-10-17T19:14:46+00:00","twitter_card":"summary_large_image","twitter_misc":{"Est. reading time":"1 minute"},"schema":{"@context":"https:\/\/schema.org","@graph":[{"@type":"WebPage","@id":"https:\/\/www.cortezmasto.senate.gov\/es\/ayudandote\/servicios-a-los-constituyentes\/","url":"https:\/\/www.cortezmasto.senate.gov\/es\/ayudandote\/servicios-a-los-constituyentes\/","name":"Servicios a los Constituyentes - Senator Catherine Cortez Masto","isPartOf":{"@id":"https:\/\/www.cortezmasto.senate.gov\/#website"},"datePublished":"2023-08-24T21:05:32+00:00","dateModified":"2023-10-17T19:14:46+00:00","breadcrumb":{"@id":"https:\/\/www.cortezmasto.senate.gov\/es\/ayudandote\/servicios-a-los-constituyentes\/#breadcrumb"},"inLanguage":"es-ES","potentialAction":[{"@type":"ReadAction","target":["https:\/\/www.cortezmasto.senate.gov\/es\/ayudandote\/servicios-a-los-constituyentes\/"]}]},{"@type":"BreadcrumbList","@id":"https:\/\/www.cortezmasto.senate.gov\/es\/ayudandote\/servicios-a-los-constituyentes\/#breadcrumb","itemListElement":[{"@type":"ListItem","position":1,"name":"Home","item":"https:\/\/www.cortezmasto.senate.gov\/"},{"@type":"ListItem","position":2,"name":"Ayud\u00e1ndote","item":"https:\/\/www.cortezmasto.senate.gov\/help\/"},{"@type":"ListItem","position":3,"name":"Servicios a los Constituyentes"}]},{"@type":"WebSite","@id":"https:\/\/www.cortezmasto.senate.gov\/#website","url":"https:\/\/www.cortezmasto.senate.gov\/","name":"Senator Catherine Cortez Masto","description":"U.S. Senator Catherine Cortez Masto of Nevada","publisher":{"@id":"https:\/\/www.cortezmasto.senate.gov\/#organization"},"potentialAction":[{"@type":"SearchAction","target":{"@type":"EntryPoint","urlTemplate":"https:\/\/www.cortezmasto.senate.gov\/?s={search_term_string}"},"query-input":{"@type":"PropertyValueSpecification","valueRequired":true,"valueName":"search_term_string"}}],"inLanguage":"es-ES"},{"@type":"Organization","@id":"https:\/\/www.cortezmasto.senate.gov\/#organization","name":"Senator Catherine Cortez Masto","url":"https:\/\/www.cortezmasto.senate.gov\/","logo":{"@type":"ImageObject","inLanguage":"es-ES","@id":"https:\/\/www.cortezmasto.senate.gov\/#\/schema\/logo\/image\/","url":"https:\/\/www.cortezmasto.senate.gov\/wp-content\/uploads\/2023\/02\/CCM_Logo_Primary.svg","contentUrl":"https:\/\/www.cortezmasto.senate.gov\/wp-content\/uploads\/2023\/02\/CCM_Logo_Primary.svg","width":1200,"height":626,"caption":"Senator Catherine Cortez Masto"},"image":{"@id":"https:\/\/www.cortezmasto.senate.gov\/#\/schema\/logo\/image\/"}}]}},"_links":{"self":[{"href":"https:\/\/www.cortezmasto.senate.gov\/es\/wp-json\/wp\/v2\/pages\/43000"}],"collection":[{"href":"https:\/\/www.cortezmasto.senate.gov\/es\/wp-json\/wp\/v2\/pages"}],"about":[{"href":"https:\/\/www.cortezmasto.senate.gov\/es\/wp-json\/wp\/v2\/types\/page"}],"author":[{"embeddable":true,"href":"https:\/\/www.cortezmasto.senate.gov\/es\/wp-json\/wp\/v2\/users\/8"}],"replies":[{"embeddable":true,"href":"https:\/\/www.cortezmasto.senate.gov\/es\/wp-json\/wp\/v2\/comments?post=43000"}],"version-history":[{"count":31,"href":"https:\/\/www.cortezmasto.senate.gov\/es\/wp-json\/wp\/v2\/pages\/43000\/revisions"}],"predecessor-version":[{"id":43862,"href":"https:\/\/www.cortezmasto.senate.gov\/es\/wp-json\/wp\/v2\/pages\/43000\/revisions\/43862"}],"up":[{"embeddable":true,"href":"https:\/\/www.cortezmasto.senate.gov\/es\/wp-json\/wp\/v2\/pages\/42889"}],"wp:attachment":[{"href":"https:\/\/www.cortezmasto.senate.gov\/es\/wp-json\/wp\/v2\/media?parent=43000"}],"curies":[{"name":"wp","href":"https:\/\/api.w.org\/{rel}","templated":true}]}}