{"id":42990,"date":"2023-08-01T14:00:02","date_gmt":"2023-08-01T18:00:02","guid":{"rendered":"https:\/\/www.cortezmasto.senate.gov\/?page_id=42990"},"modified":"2023-10-18T13:54:16","modified_gmt":"2023-10-18T17:54:16","slug":"otro","status":"publish","type":"page","link":"https:\/\/www.cortezmasto.senate.gov\/es\/ayudandote\/ayuda-con-una-agencia-federal\/otro\/","title":{"rendered":"Otro"},"content":{"rendered":"\t\t<div data-elementor-type=\"wp-page\" data-elementor-id=\"42990\" class=\"elementor elementor-42990 elementor-24472\" data-elementor-post-type=\"page\">\n\t\t\t\t<div class=\"elementor-element elementor-element-06c56cc e-flex e-con-boxed e-con e-parent\" data-id=\"06c56cc\" data-element_type=\"container\">\n\t\t\t\t\t<div class=\"e-con-inner\">\n\t\t\t\t<div class=\"elementor-element elementor-element-d7e9e74 elementor-widget elementor-widget-text-editor\" data-id=\"d7e9e74\" data-element_type=\"widget\" data-widget_type=\"text-editor.default\">\n\t\t\t\t<div class=\"elementor-widget-container\">\n\t\t\t\t\t\t\t<p><span style=\"font-weight: 400;\">Gracias por contactar a mi oficina para obtener ayuda.<\/span><\/p><p><span style=\"font-weight: 400;\">Como su Senadora de los Estados Unidos, mi deber es asistir con temas bajo el gobierno federal. Aunque mi oficina puede ayudar con una variedad de temas, existen limitaciones en los temas en los cuales la oficina del senado puede asistir con asuntos estatales o locales. Temas con agencias como el Departamento de Veh\u00edculos Motorizados de Nevada o el Departamento de Empleo, Capacitaci\u00f3n y Rehabilitaci\u00f3n (DETR) deben dirigirse a su <\/span><a href=\"https:\/\/www.leg.state.nv.us\/\"><span style=\"font-weight: 400;\">legislador estatal<\/span><\/a><span style=\"font-weight: 400;\"> o a la <\/span><a href=\"https:\/\/gov.nv.gov\/contact\/contact\/\"><span style=\"font-weight: 400;\">oficina del Gobernador <\/span><\/a><span style=\"font-weight: 400;\">para obtener asistencia.\u00a0\u00a0\u00a0<\/span><\/p><p><span style=\"font-weight: 400;\">Por las Reglas de \u00c9tica del Senado, mi personal y yo tenemos prohibido brindar asesoramiento legal o intervenir en un procedimiento. Si necesita ayuda para obtener un abogado o asesoramiento legal, por favor vaya a la p\u00e1gina de recursos legales.<\/span><\/p><p><em><strong>*Tengan en cuenta: S\u00f3lo una oficina del congreso puede presentar una consulta en nombre de un elector. Si actualmente est\u00e1 trabajando con otra oficina del congreso, debe continuar trabajando directamente con esa oficina.<\/strong><\/em><\/p>\t\t\t\t\t\t<\/div>\n\t\t\t\t<\/div>\n\t\t\t\t\t<\/div>\n\t\t\t\t<\/div>\n\t\t<div class=\"elementor-element elementor-element-18644358 ButtonWrapper--secondary e-flex e-con-boxed e-con e-parent\" data-id=\"18644358\" data-element_type=\"container\">\n\t\t\t\t\t<div class=\"e-con-inner\">\n\t\t\t\t<div class=\"elementor-element elementor-element-56a896ee elementor-widget elementor-widget-button\" data-id=\"56a896ee\" data-element_type=\"widget\" data-widget_type=\"button.default\">\n\t\t\t\t<div class=\"elementor-widget-container\">\n\t\t\t\t\t\t\t<div class=\"elementor-button-wrapper\">\n\t\t\t\t\t<a class=\"elementor-button elementor-button-link elementor-size-sm\" href=\"https:\/\/outreach.senate.gov\/iqextranet\/EForm.aspx?__cid=SenMasto&#038;__fid=200364\" target=\"_blank\">\n\t\t\t\t\t\t<span class=\"elementor-button-content-wrapper\">\n\t\t\t\t\t\t<span class=\"elementor-button-icon\">\n\t\t\t\t<i aria-hidden=\"true\" class=\"fas fa-long-arrow-alt-right\"><\/i>\t\t\t<\/span>\n\t\t\t\t\t\t\t\t\t<span class=\"elementor-button-text\">He le\u00eddo y reconozco la informaci\u00f3n anterior y deseo continuar con el Formulario de la Ley de Privacidad<\/span>\n\t\t\t\t\t<\/span>\n\t\t\t\t\t<\/a>\n\t\t\t\t<\/div>\n\t\t\t\t\t\t<\/div>\n\t\t\t\t<\/div>\n\t\t\t\t\t<\/div>\n\t\t\t\t<\/div>\n\t\t\t\t<\/div>\n\t\t","protected":false},"excerpt":{"rendered":"<p>Gracias por contactar a mi oficina para obtener ayuda. Como su Senadora de los Estados Unidos, mi deber es asistir con temas bajo el gobierno federal. Aunque mi oficina puede ayudar con una variedad de temas, existen limitaciones en los temas en los cuales la oficina del senado puede asistir con asuntos estatales o locales. [&hellip;]<\/p>\n","protected":false},"author":8,"featured_media":0,"parent":42898,"menu_order":0,"comment_status":"closed","ping_status":"closed","template":"","meta":{"_acf_changed":false,"inline_featured_image":false,"footnotes":""},"class_list":["post-42990","page","type-page","status-publish","hentry"],"acf":{"image":"","show_image":false,"blurb":"","blurb_overline":"","hide_default_heading":false},"yoast_head":"<!-- This site is optimized with the Yoast SEO plugin v24.0 - https:\/\/yoast.com\/wordpress\/plugins\/seo\/ -->\n<title>Otro - Senator Catherine Cortez Masto<\/title>\n<meta name=\"robots\" content=\"index, follow, max-snippet:-1, max-image-preview:large, max-video-preview:-1\" \/>\n<link rel=\"canonical\" href=\"https:\/\/www.cortezmasto.senate.gov\/es\/ayudandote\/ayuda-con-una-agencia-federal\/otro\/\" \/>\n<meta property=\"og:locale\" content=\"es_ES\" \/>\n<meta property=\"og:type\" content=\"article\" \/>\n<meta property=\"og:title\" content=\"Otro - Senator Catherine Cortez Masto\" \/>\n<meta property=\"og:description\" content=\"Gracias por contactar a mi oficina para obtener ayuda. Como su Senadora de los Estados Unidos, mi deber es asistir con temas bajo el gobierno federal. Aunque mi oficina puede ayudar con una variedad de temas, existen limitaciones en los temas en los cuales la oficina del senado puede asistir con asuntos estatales o locales. [&hellip;]\" \/>\n<meta property=\"og:url\" content=\"https:\/\/www.cortezmasto.senate.gov\/es\/ayudandote\/ayuda-con-una-agencia-federal\/otro\/\" \/>\n<meta property=\"og:site_name\" content=\"Senator Catherine Cortez Masto\" \/>\n<meta property=\"article:modified_time\" content=\"2023-10-18T17:54:16+00:00\" \/>\n<meta name=\"twitter:card\" content=\"summary_large_image\" \/>\n<meta name=\"twitter:label1\" content=\"Est. reading time\" \/>\n\t<meta name=\"twitter:data1\" content=\"1 minute\" \/>\n<script type=\"application\/ld+json\" class=\"yoast-schema-graph\">{\"@context\":\"https:\/\/schema.org\",\"@graph\":[{\"@type\":\"WebPage\",\"@id\":\"https:\/\/www.cortezmasto.senate.gov\/es\/ayudandote\/ayuda-con-una-agencia-federal\/otro\/\",\"url\":\"https:\/\/www.cortezmasto.senate.gov\/es\/ayudandote\/ayuda-con-una-agencia-federal\/otro\/\",\"name\":\"Otro - Senator Catherine Cortez Masto\",\"isPartOf\":{\"@id\":\"https:\/\/www.cortezmasto.senate.gov\/#website\"},\"datePublished\":\"2023-08-01T18:00:02+00:00\",\"dateModified\":\"2023-10-18T17:54:16+00:00\",\"breadcrumb\":{\"@id\":\"https:\/\/www.cortezmasto.senate.gov\/es\/ayudandote\/ayuda-con-una-agencia-federal\/otro\/#breadcrumb\"},\"inLanguage\":\"es-ES\",\"potentialAction\":[{\"@type\":\"ReadAction\",\"target\":[\"https:\/\/www.cortezmasto.senate.gov\/es\/ayudandote\/ayuda-con-una-agencia-federal\/otro\/\"]}]},{\"@type\":\"BreadcrumbList\",\"@id\":\"https:\/\/www.cortezmasto.senate.gov\/es\/ayudandote\/ayuda-con-una-agencia-federal\/otro\/#breadcrumb\",\"itemListElement\":[{\"@type\":\"ListItem\",\"position\":1,\"name\":\"Home\",\"item\":\"https:\/\/www.cortezmasto.senate.gov\/\"},{\"@type\":\"ListItem\",\"position\":2,\"name\":\"Ayud\u00e1ndote\",\"item\":\"https:\/\/www.cortezmasto.senate.gov\/help\/\"},{\"@type\":\"ListItem\",\"position\":3,\"name\":\"Ayuda con una agencia federal\",\"item\":\"https:\/\/www.cortezmasto.senate.gov\/help\/help-with-a-federal-agency\/\"},{\"@type\":\"ListItem\",\"position\":4,\"name\":\"Otro\"}]},{\"@type\":\"WebSite\",\"@id\":\"https:\/\/www.cortezmasto.senate.gov\/#website\",\"url\":\"https:\/\/www.cortezmasto.senate.gov\/\",\"name\":\"Senator Catherine Cortez Masto\",\"description\":\"U.S. Senator Catherine Cortez Masto of Nevada\",\"publisher\":{\"@id\":\"https:\/\/www.cortezmasto.senate.gov\/#organization\"},\"potentialAction\":[{\"@type\":\"SearchAction\",\"target\":{\"@type\":\"EntryPoint\",\"urlTemplate\":\"https:\/\/www.cortezmasto.senate.gov\/?s={search_term_string}\"},\"query-input\":{\"@type\":\"PropertyValueSpecification\",\"valueRequired\":true,\"valueName\":\"search_term_string\"}}],\"inLanguage\":\"es-ES\"},{\"@type\":\"Organization\",\"@id\":\"https:\/\/www.cortezmasto.senate.gov\/#organization\",\"name\":\"Senator Catherine Cortez Masto\",\"url\":\"https:\/\/www.cortezmasto.senate.gov\/\",\"logo\":{\"@type\":\"ImageObject\",\"inLanguage\":\"es-ES\",\"@id\":\"https:\/\/www.cortezmasto.senate.gov\/#\/schema\/logo\/image\/\",\"url\":\"https:\/\/www.cortezmasto.senate.gov\/wp-content\/uploads\/2023\/02\/CCM_Logo_Primary.svg\",\"contentUrl\":\"https:\/\/www.cortezmasto.senate.gov\/wp-content\/uploads\/2023\/02\/CCM_Logo_Primary.svg\",\"width\":1200,\"height\":626,\"caption\":\"Senator Catherine Cortez Masto\"},\"image\":{\"@id\":\"https:\/\/www.cortezmasto.senate.gov\/#\/schema\/logo\/image\/\"}}]}<\/script>\n<!-- \/ Yoast SEO plugin. -->","yoast_head_json":{"title":"Otro - Senator Catherine Cortez Masto","robots":{"index":"index","follow":"follow","max-snippet":"max-snippet:-1","max-image-preview":"max-image-preview:large","max-video-preview":"max-video-preview:-1"},"canonical":"https:\/\/www.cortezmasto.senate.gov\/es\/ayudandote\/ayuda-con-una-agencia-federal\/otro\/","og_locale":"es_ES","og_type":"article","og_title":"Otro - Senator Catherine Cortez Masto","og_description":"Gracias por contactar a mi oficina para obtener ayuda. Como su Senadora de los Estados Unidos, mi deber es asistir con temas bajo el gobierno federal. Aunque mi oficina puede ayudar con una variedad de temas, existen limitaciones en los temas en los cuales la oficina del senado puede asistir con asuntos estatales o locales. [&hellip;]","og_url":"https:\/\/www.cortezmasto.senate.gov\/es\/ayudandote\/ayuda-con-una-agencia-federal\/otro\/","og_site_name":"Senator Catherine Cortez Masto","article_modified_time":"2023-10-18T17:54:16+00:00","twitter_card":"summary_large_image","twitter_misc":{"Est. reading time":"1 minute"},"schema":{"@context":"https:\/\/schema.org","@graph":[{"@type":"WebPage","@id":"https:\/\/www.cortezmasto.senate.gov\/es\/ayudandote\/ayuda-con-una-agencia-federal\/otro\/","url":"https:\/\/www.cortezmasto.senate.gov\/es\/ayudandote\/ayuda-con-una-agencia-federal\/otro\/","name":"Otro - Senator Catherine Cortez Masto","isPartOf":{"@id":"https:\/\/www.cortezmasto.senate.gov\/#website"},"datePublished":"2023-08-01T18:00:02+00:00","dateModified":"2023-10-18T17:54:16+00:00","breadcrumb":{"@id":"https:\/\/www.cortezmasto.senate.gov\/es\/ayudandote\/ayuda-con-una-agencia-federal\/otro\/#breadcrumb"},"inLanguage":"es-ES","potentialAction":[{"@type":"ReadAction","target":["https:\/\/www.cortezmasto.senate.gov\/es\/ayudandote\/ayuda-con-una-agencia-federal\/otro\/"]}]},{"@type":"BreadcrumbList","@id":"https:\/\/www.cortezmasto.senate.gov\/es\/ayudandote\/ayuda-con-una-agencia-federal\/otro\/#breadcrumb","itemListElement":[{"@type":"ListItem","position":1,"name":"Home","item":"https:\/\/www.cortezmasto.senate.gov\/"},{"@type":"ListItem","position":2,"name":"Ayud\u00e1ndote","item":"https:\/\/www.cortezmasto.senate.gov\/help\/"},{"@type":"ListItem","position":3,"name":"Ayuda con una agencia federal","item":"https:\/\/www.cortezmasto.senate.gov\/help\/help-with-a-federal-agency\/"},{"@type":"ListItem","position":4,"name":"Otro"}]},{"@type":"WebSite","@id":"https:\/\/www.cortezmasto.senate.gov\/#website","url":"https:\/\/www.cortezmasto.senate.gov\/","name":"Senator Catherine Cortez Masto","description":"U.S. Senator Catherine Cortez Masto of Nevada","publisher":{"@id":"https:\/\/www.cortezmasto.senate.gov\/#organization"},"potentialAction":[{"@type":"SearchAction","target":{"@type":"EntryPoint","urlTemplate":"https:\/\/www.cortezmasto.senate.gov\/?s={search_term_string}"},"query-input":{"@type":"PropertyValueSpecification","valueRequired":true,"valueName":"search_term_string"}}],"inLanguage":"es-ES"},{"@type":"Organization","@id":"https:\/\/www.cortezmasto.senate.gov\/#organization","name":"Senator Catherine Cortez Masto","url":"https:\/\/www.cortezmasto.senate.gov\/","logo":{"@type":"ImageObject","inLanguage":"es-ES","@id":"https:\/\/www.cortezmasto.senate.gov\/#\/schema\/logo\/image\/","url":"https:\/\/www.cortezmasto.senate.gov\/wp-content\/uploads\/2023\/02\/CCM_Logo_Primary.svg","contentUrl":"https:\/\/www.cortezmasto.senate.gov\/wp-content\/uploads\/2023\/02\/CCM_Logo_Primary.svg","width":1200,"height":626,"caption":"Senator Catherine Cortez Masto"},"image":{"@id":"https:\/\/www.cortezmasto.senate.gov\/#\/schema\/logo\/image\/"}}]}},"_links":{"self":[{"href":"https:\/\/www.cortezmasto.senate.gov\/es\/wp-json\/wp\/v2\/pages\/42990"}],"collection":[{"href":"https:\/\/www.cortezmasto.senate.gov\/es\/wp-json\/wp\/v2\/pages"}],"about":[{"href":"https:\/\/www.cortezmasto.senate.gov\/es\/wp-json\/wp\/v2\/types\/page"}],"author":[{"embeddable":true,"href":"https:\/\/www.cortezmasto.senate.gov\/es\/wp-json\/wp\/v2\/users\/8"}],"replies":[{"embeddable":true,"href":"https:\/\/www.cortezmasto.senate.gov\/es\/wp-json\/wp\/v2\/comments?post=42990"}],"version-history":[{"count":10,"href":"https:\/\/www.cortezmasto.senate.gov\/es\/wp-json\/wp\/v2\/pages\/42990\/revisions"}],"predecessor-version":[{"id":44213,"href":"https:\/\/www.cortezmasto.senate.gov\/es\/wp-json\/wp\/v2\/pages\/42990\/revisions\/44213"}],"up":[{"embeddable":true,"href":"https:\/\/www.cortezmasto.senate.gov\/es\/wp-json\/wp\/v2\/pages\/42898"}],"wp:attachment":[{"href":"https:\/\/www.cortezmasto.senate.gov\/es\/wp-json\/wp\/v2\/media?parent=42990"}],"curies":[{"name":"wp","href":"https:\/\/api.w.org\/{rel}","templated":true}]}}