{"id":42898,"date":"2023-07-28T15:08:29","date_gmt":"2023-07-28T19:08:29","guid":{"rendered":"https:\/\/www.cortezmasto.senate.gov\/?page_id=42898"},"modified":"2023-10-17T14:44:20","modified_gmt":"2023-10-17T18:44:20","slug":"ayuda-con-una-agencia-federal","status":"publish","type":"page","link":"https:\/\/www.cortezmasto.senate.gov\/es\/ayudandote\/ayuda-con-una-agencia-federal\/","title":{"rendered":"Ayuda con una agencia federal"},"content":{"rendered":"\t\t<div data-elementor-type=\"wp-page\" data-elementor-id=\"42898\" class=\"elementor elementor-42898 elementor-23870\" data-elementor-post-type=\"page\">\n\t\t\t\t<div class=\"elementor-element elementor-element-40a74003 e-flex e-con-boxed e-con e-parent\" data-id=\"40a74003\" data-element_type=\"container\">\n\t\t\t\t\t<div class=\"e-con-inner\">\n\t\t<div class=\"elementor-element elementor-element-38635b8f e-con-full HighImpactList__row e-flex e-con e-child\" data-id=\"38635b8f\" data-element_type=\"container\">\n\t\t<div class=\"elementor-element elementor-element-6ce1327d col-12 col-md-6 col-lg-4 e-flex e-con-boxed e-con e-child\" data-id=\"6ce1327d\" data-element_type=\"container\">\n\t\t\t\t\t<div class=\"e-con-inner\">\n\t\t<a class=\"elementor-element elementor-element-3ba808ee HighImpactListBlock rounded-corner e-flex e-con-boxed e-con e-child\" data-id=\"3ba808ee\" data-element_type=\"container\" href=\"https:\/\/www.cortezmasto.senate.gov\/help\/help-with-a-federal-agency\/health-care\/\">\n\t\t\t\t\t<div class=\"e-con-inner\">\n\t\t\t\t<div class=\"elementor-element elementor-element-1d31c175 elementor-view-stacked elementor-shape-circle elementor-widget elementor-widget-icon\" data-id=\"1d31c175\" data-element_type=\"widget\" data-widget_type=\"icon.default\">\n\t\t\t\t<div class=\"elementor-widget-container\">\n\t\t\t\t\t<div class=\"elementor-icon-wrapper\">\n\t\t\t<div class=\"elementor-icon\">\n\t\t\t<i aria-hidden=\"true\" class=\"custom custom-Natural-Disasters\"><\/i>\t\t\t<\/div>\n\t\t<\/div>\n\t\t\t\t<\/div>\n\t\t\t\t<\/div>\n\t\t\t\t<div class=\"elementor-element elementor-element-73c68396 elementor-widget__width-initial elementor-widget elementor-widget-heading\" data-id=\"73c68396\" data-element_type=\"widget\" data-widget_type=\"heading.default\">\n\t\t\t\t<div class=\"elementor-widget-container\">\n\t\t\t<div class=\"elementor-heading-title elementor-size-default\">Cuidado de la salud<\/div>\t\t<\/div>\n\t\t\t\t<\/div>\n\t\t\t\t<div class=\"elementor-element elementor-element-6732eec3 btn-label elementor-widget elementor-widget-heading\" data-id=\"6732eec3\" data-element_type=\"widget\" data-widget_type=\"heading.default\">\n\t\t\t\t<div class=\"elementor-widget-container\">\n\t\t\t<div class=\"elementor-heading-title elementor-size-default\"><span class=\"btn-text\">M\u00c1S INFORMACI\u00d3N<\/span> <i class=\"fa fa-long-arrow-right\" aria-hidden=\"true\"><\/i><\/div>\t\t<\/div>\n\t\t\t\t<\/div>\n\t\t\t\t\t<\/div>\n\t\t\t\t<\/a>\n\t\t\t\t\t<\/div>\n\t\t\t\t<\/div>\n\t\t<div class=\"elementor-element elementor-element-162128b9 col-12 col-md-6 col-lg-4 e-flex e-con-boxed e-con e-child\" data-id=\"162128b9\" data-element_type=\"container\">\n\t\t\t\t\t<div class=\"e-con-inner\">\n\t\t<a class=\"elementor-element elementor-element-66c69cce HighImpactListBlock rounded-corner e-flex e-con-boxed e-con e-child\" data-id=\"66c69cce\" data-element_type=\"container\" href=\"https:\/\/www.cortezmasto.senate.gov\/help\/help-with-a-federal-agency\/housing-financial-services\/\">\n\t\t\t\t\t<div class=\"e-con-inner\">\n\t\t\t\t<div class=\"elementor-element elementor-element-1941ecab elementor-view-stacked elementor-shape-circle elementor-widget elementor-widget-icon\" data-id=\"1941ecab\" data-element_type=\"widget\" data-widget_type=\"icon.default\">\n\t\t\t\t<div class=\"elementor-widget-container\">\n\t\t\t\t\t<div class=\"elementor-icon-wrapper\">\n\t\t\t<div class=\"elementor-icon\">\n\t\t\t<i aria-hidden=\"true\" class=\"custom custom-Housing\"><\/i>\t\t\t<\/div>\n\t\t<\/div>\n\t\t\t\t<\/div>\n\t\t\t\t<\/div>\n\t\t\t\t<div class=\"elementor-element elementor-element-1e0b12d1 elementor-widget__width-initial elementor-widget elementor-widget-heading\" data-id=\"1e0b12d1\" data-element_type=\"widget\" data-widget_type=\"heading.default\">\n\t\t\t\t<div class=\"elementor-widget-container\">\n\t\t\t<div class=\"elementor-heading-title elementor-size-default\">Vivienda y servicios financieros<\/div>\t\t<\/div>\n\t\t\t\t<\/div>\n\t\t\t\t<div class=\"elementor-element elementor-element-7a03a89c btn-label elementor-widget elementor-widget-heading\" data-id=\"7a03a89c\" data-element_type=\"widget\" data-widget_type=\"heading.default\">\n\t\t\t\t<div class=\"elementor-widget-container\">\n\t\t\t<div class=\"elementor-heading-title elementor-size-default\"><span class=\"btn-text\">M\u00c1S INFORMACI\u00d3N<\/span> <i class=\"fa fa-long-arrow-right\" aria-hidden=\"true\"><\/i><\/div>\t\t<\/div>\n\t\t\t\t<\/div>\n\t\t\t\t\t<\/div>\n\t\t\t\t<\/a>\n\t\t\t\t\t<\/div>\n\t\t\t\t<\/div>\n\t\t<div class=\"elementor-element elementor-element-f5da7da col-12 col-md-6 col-lg-4 e-flex e-con-boxed e-con e-child\" data-id=\"f5da7da\" data-element_type=\"container\">\n\t\t\t\t\t<div class=\"e-con-inner\">\n\t\t<a class=\"elementor-element elementor-element-4dcab778 HighImpactListBlock rounded-corner e-flex e-con-boxed e-con e-child\" data-id=\"4dcab778\" data-element_type=\"container\" href=\"https:\/\/www.cortezmasto.senate.gov\/help\/help-with-a-federal-agency\/immigration-citizenship\/\">\n\t\t\t\t\t<div class=\"e-con-inner\">\n\t\t\t\t<div class=\"elementor-element elementor-element-1ef49c69 elementor-view-stacked elementor-shape-circle elementor-widget elementor-widget-icon\" data-id=\"1ef49c69\" data-element_type=\"widget\" data-widget_type=\"icon.default\">\n\t\t\t\t<div class=\"elementor-widget-container\">\n\t\t\t\t\t<div class=\"elementor-icon-wrapper\">\n\t\t\t<div class=\"elementor-icon\">\n\t\t\t<i aria-hidden=\"true\" class=\"custom custom-document\"><\/i>\t\t\t<\/div>\n\t\t<\/div>\n\t\t\t\t<\/div>\n\t\t\t\t<\/div>\n\t\t\t\t<div class=\"elementor-element elementor-element-1b944e6c elementor-widget__width-initial elementor-widget elementor-widget-heading\" data-id=\"1b944e6c\" data-element_type=\"widget\" data-widget_type=\"heading.default\">\n\t\t\t\t<div class=\"elementor-widget-container\">\n\t\t\t<div class=\"elementor-heading-title elementor-size-default\">Inmigraci\u00f3n y ciudadan\u00eda<\/div>\t\t<\/div>\n\t\t\t\t<\/div>\n\t\t\t\t<div class=\"elementor-element elementor-element-56ae6f0 btn-label elementor-widget elementor-widget-heading\" data-id=\"56ae6f0\" data-element_type=\"widget\" data-widget_type=\"heading.default\">\n\t\t\t\t<div class=\"elementor-widget-container\">\n\t\t\t<div class=\"elementor-heading-title elementor-size-default\"><span class=\"btn-text\">M\u00c1S INFORMACI\u00d3N<\/span> <i class=\"fa fa-long-arrow-right\" aria-hidden=\"true\"><\/i><\/div>\t\t<\/div>\n\t\t\t\t<\/div>\n\t\t\t\t\t<\/div>\n\t\t\t\t<\/a>\n\t\t\t\t\t<\/div>\n\t\t\t\t<\/div>\n\t\t<div class=\"elementor-element elementor-element-61853de col-12 col-md-6 col-lg-4 e-flex e-con-boxed e-con e-child\" data-id=\"61853de\" data-element_type=\"container\">\n\t\t\t\t\t<div class=\"e-con-inner\">\n\t\t<a class=\"elementor-element elementor-element-db8844f HighImpactListBlock rounded-corner e-flex e-con-boxed e-con e-child\" data-id=\"db8844f\" data-element_type=\"container\" href=\"https:\/\/www.cortezmasto.senate.gov\/help\/help-with-a-federal-agency\/passports\/\">\n\t\t\t\t\t<div class=\"e-con-inner\">\n\t\t\t\t<div class=\"elementor-element elementor-element-1cba574 elementor-view-stacked elementor-shape-circle elementor-widget elementor-widget-icon\" data-id=\"1cba574\" data-element_type=\"widget\" data-widget_type=\"icon.default\">\n\t\t\t\t<div class=\"elementor-widget-container\">\n\t\t\t\t\t<div class=\"elementor-icon-wrapper\">\n\t\t\t<div class=\"elementor-icon\">\n\t\t\t<i aria-hidden=\"true\" class=\"custom custom-Immigration\"><\/i>\t\t\t<\/div>\n\t\t<\/div>\n\t\t\t\t<\/div>\n\t\t\t\t<\/div>\n\t\t\t\t<div class=\"elementor-element elementor-element-8b3fc69 elementor-widget__width-initial elementor-widget elementor-widget-heading\" data-id=\"8b3fc69\" data-element_type=\"widget\" data-widget_type=\"heading.default\">\n\t\t\t\t<div class=\"elementor-widget-container\">\n\t\t\t<div class=\"elementor-heading-title elementor-size-default\">Pasaportes<\/div>\t\t<\/div>\n\t\t\t\t<\/div>\n\t\t\t\t<div class=\"elementor-element elementor-element-a27faa6 btn-label elementor-widget elementor-widget-heading\" data-id=\"a27faa6\" data-element_type=\"widget\" data-widget_type=\"heading.default\">\n\t\t\t\t<div class=\"elementor-widget-container\">\n\t\t\t<div class=\"elementor-heading-title elementor-size-default\"><span class=\"btn-text\">M\u00c1S INFORMACI\u00d3N<\/span> <i class=\"fa fa-long-arrow-right\" aria-hidden=\"true\"><\/i><\/div>\t\t<\/div>\n\t\t\t\t<\/div>\n\t\t\t\t\t<\/div>\n\t\t\t\t<\/a>\n\t\t\t\t\t<\/div>\n\t\t\t\t<\/div>\n\t\t<div class=\"elementor-element elementor-element-ae60150 col-12 col-md-6 col-lg-4 e-flex e-con-boxed e-con e-child\" data-id=\"ae60150\" data-element_type=\"container\">\n\t\t\t\t\t<div class=\"e-con-inner\">\n\t\t<a class=\"elementor-element elementor-element-57c7b6b HighImpactListBlock rounded-corner e-flex e-con-boxed e-con e-child\" data-id=\"57c7b6b\" data-element_type=\"container\" href=\"https:\/\/www.cortezmasto.senate.gov\/help\/help-with-a-federal-agency\/social-security\/\">\n\t\t\t\t\t<div class=\"e-con-inner\">\n\t\t\t\t<div class=\"elementor-element elementor-element-915f54d elementor-view-stacked elementor-shape-circle elementor-widget elementor-widget-icon\" data-id=\"915f54d\" data-element_type=\"widget\" data-widget_type=\"icon.default\">\n\t\t\t\t<div class=\"elementor-widget-container\">\n\t\t\t\t\t<div class=\"elementor-icon-wrapper\">\n\t\t\t<div class=\"elementor-icon\">\n\t\t\t<i aria-hidden=\"true\" class=\"custom custom-Seniors\"><\/i>\t\t\t<\/div>\n\t\t<\/div>\n\t\t\t\t<\/div>\n\t\t\t\t<\/div>\n\t\t\t\t<div class=\"elementor-element elementor-element-ea486c5 elementor-widget__width-initial elementor-widget elementor-widget-heading\" data-id=\"ea486c5\" data-element_type=\"widget\" data-widget_type=\"heading.default\">\n\t\t\t\t<div class=\"elementor-widget-container\">\n\t\t\t<div class=\"elementor-heading-title elementor-size-default\">Seguridad Social<\/div>\t\t<\/div>\n\t\t\t\t<\/div>\n\t\t\t\t<div class=\"elementor-element elementor-element-76d0601 btn-label elementor-widget elementor-widget-heading\" data-id=\"76d0601\" data-element_type=\"widget\" data-widget_type=\"heading.default\">\n\t\t\t\t<div class=\"elementor-widget-container\">\n\t\t\t<div class=\"elementor-heading-title elementor-size-default\"><span class=\"btn-text\">M\u00c1S INFORMACI\u00d3N<\/span> <i class=\"fa fa-long-arrow-right\" aria-hidden=\"true\"><\/i><\/div>\t\t<\/div>\n\t\t\t\t<\/div>\n\t\t\t\t\t<\/div>\n\t\t\t\t<\/a>\n\t\t\t\t\t<\/div>\n\t\t\t\t<\/div>\n\t\t<div class=\"elementor-element elementor-element-d921028 col-12 col-md-6 col-lg-4 e-flex e-con-boxed e-con e-child\" data-id=\"d921028\" data-element_type=\"container\">\n\t\t\t\t\t<div class=\"e-con-inner\">\n\t\t<a class=\"elementor-element elementor-element-3086e73 HighImpactListBlock rounded-corner e-flex e-con-boxed e-con e-child\" data-id=\"3086e73\" data-element_type=\"container\" href=\"https:\/\/www.cortezmasto.senate.gov\/help\/help-with-a-federal-agency\/taxes-irs\/\">\n\t\t\t\t\t<div class=\"e-con-inner\">\n\t\t\t\t<div class=\"elementor-element elementor-element-1df285e elementor-view-stacked elementor-shape-circle elementor-widget elementor-widget-icon\" data-id=\"1df285e\" data-element_type=\"widget\" data-widget_type=\"icon.default\">\n\t\t\t\t<div class=\"elementor-widget-container\">\n\t\t\t\t\t<div class=\"elementor-icon-wrapper\">\n\t\t\t<div class=\"elementor-icon\">\n\t\t\t<i aria-hidden=\"true\" class=\"custom custom-Government\"><\/i>\t\t\t<\/div>\n\t\t<\/div>\n\t\t\t\t<\/div>\n\t\t\t\t<\/div>\n\t\t\t\t<div class=\"elementor-element elementor-element-5713f8f elementor-widget__width-initial elementor-widget elementor-widget-heading\" data-id=\"5713f8f\" data-element_type=\"widget\" data-widget_type=\"heading.default\">\n\t\t\t\t<div class=\"elementor-widget-container\">\n\t\t\t<div class=\"elementor-heading-title elementor-size-default\">Impuestos y el IRS<\/div>\t\t<\/div>\n\t\t\t\t<\/div>\n\t\t\t\t<div class=\"elementor-element elementor-element-d61c213 btn-label elementor-widget elementor-widget-heading\" data-id=\"d61c213\" data-element_type=\"widget\" data-widget_type=\"heading.default\">\n\t\t\t\t<div class=\"elementor-widget-container\">\n\t\t\t<div class=\"elementor-heading-title elementor-size-default\"><span class=\"btn-text\">M\u00c1S INFORMACI\u00d3N<\/span> <i class=\"fa fa-long-arrow-right\" aria-hidden=\"true\"><\/i><\/div>\t\t<\/div>\n\t\t\t\t<\/div>\n\t\t\t\t\t<\/div>\n\t\t\t\t<\/a>\n\t\t\t\t\t<\/div>\n\t\t\t\t<\/div>\n\t\t<div class=\"elementor-element elementor-element-6aa8e3e col-12 col-md-6 col-lg-6 e-flex e-con-boxed e-con e-child\" data-id=\"6aa8e3e\" data-element_type=\"container\">\n\t\t\t\t\t<div class=\"e-con-inner\">\n\t\t<a class=\"elementor-element elementor-element-72fa193 HighImpactListBlock rounded-corner e-flex e-con-boxed e-con e-child\" data-id=\"72fa193\" data-element_type=\"container\" href=\"https:\/\/www.cortezmasto.senate.gov\/es\/ayudandote\/ayuda-con-una-agencia-federal\/veteranos-y-militares\/\">\n\t\t\t\t\t<div class=\"e-con-inner\">\n\t\t\t\t<div class=\"elementor-element elementor-element-8a6b2b2 elementor-view-stacked elementor-shape-circle elementor-widget elementor-widget-icon\" data-id=\"8a6b2b2\" data-element_type=\"widget\" data-widget_type=\"icon.default\">\n\t\t\t\t<div class=\"elementor-widget-container\">\n\t\t\t\t\t<div class=\"elementor-icon-wrapper\">\n\t\t\t<div class=\"elementor-icon\">\n\t\t\t<i aria-hidden=\"true\" class=\"custom custom-medal\"><\/i>\t\t\t<\/div>\n\t\t<\/div>\n\t\t\t\t<\/div>\n\t\t\t\t<\/div>\n\t\t\t\t<div class=\"elementor-element elementor-element-3b02278 elementor-widget__width-initial elementor-widget elementor-widget-heading\" data-id=\"3b02278\" data-element_type=\"widget\" data-widget_type=\"heading.default\">\n\t\t\t\t<div class=\"elementor-widget-container\">\n\t\t\t<div class=\"elementor-heading-title elementor-size-default\">Veteranos y militares<\/div>\t\t<\/div>\n\t\t\t\t<\/div>\n\t\t\t\t<div class=\"elementor-element elementor-element-fbcea29 btn-label elementor-widget elementor-widget-heading\" data-id=\"fbcea29\" data-element_type=\"widget\" data-widget_type=\"heading.default\">\n\t\t\t\t<div class=\"elementor-widget-container\">\n\t\t\t<div class=\"elementor-heading-title elementor-size-default\"><span class=\"btn-text\">M\u00c1S INFORMACI\u00d3N<\/span> <i class=\"fa fa-long-arrow-right\" aria-hidden=\"true\"><\/i><\/div>\t\t<\/div>\n\t\t\t\t<\/div>\n\t\t\t\t\t<\/div>\n\t\t\t\t<\/a>\n\t\t\t\t\t<\/div>\n\t\t\t\t<\/div>\n\t\t<div class=\"elementor-element elementor-element-6306baa col-12 col-md-6 col-lg-6 e-flex e-con-boxed e-con e-child\" data-id=\"6306baa\" data-element_type=\"container\">\n\t\t\t\t\t<div class=\"e-con-inner\">\n\t\t<a class=\"elementor-element elementor-element-59a7426 HighImpactListBlock rounded-corner e-flex e-con-boxed e-con e-child\" data-id=\"59a7426\" data-element_type=\"container\" href=\"https:\/\/www.cortezmasto.senate.gov\/es\/ayudandote\/ayuda-con-una-agencia-federal\/otro\/\">\n\t\t\t\t\t<div class=\"e-con-inner\">\n\t\t\t\t<div class=\"elementor-element elementor-element-dc0a67c elementor-view-stacked elementor-shape-circle elementor-widget elementor-widget-icon\" data-id=\"dc0a67c\" data-element_type=\"widget\" data-widget_type=\"icon.default\">\n\t\t\t\t<div class=\"elementor-widget-container\">\n\t\t\t\t\t<div class=\"elementor-icon-wrapper\">\n\t\t\t<div class=\"elementor-icon\">\n\t\t\t<i aria-hidden=\"true\" class=\"custom custom-Government\"><\/i>\t\t\t<\/div>\n\t\t<\/div>\n\t\t\t\t<\/div>\n\t\t\t\t<\/div>\n\t\t\t\t<div class=\"elementor-element elementor-element-077d5f0 elementor-widget__width-initial elementor-widget elementor-widget-heading\" data-id=\"077d5f0\" data-element_type=\"widget\" data-widget_type=\"heading.default\">\n\t\t\t\t<div class=\"elementor-widget-container\">\n\t\t\t<div class=\"elementor-heading-title elementor-size-default\">Otro<\/div>\t\t<\/div>\n\t\t\t\t<\/div>\n\t\t\t\t<div class=\"elementor-element elementor-element-c3e0983 btn-label elementor-widget elementor-widget-heading\" data-id=\"c3e0983\" data-element_type=\"widget\" data-widget_type=\"heading.default\">\n\t\t\t\t<div class=\"elementor-widget-container\">\n\t\t\t<div class=\"elementor-heading-title elementor-size-default\"><span class=\"btn-text\">M\u00c1S INFORMACI\u00d3N<\/span> <i class=\"fa fa-long-arrow-right\" aria-hidden=\"true\"><\/i><\/div>\t\t<\/div>\n\t\t\t\t<\/div>\n\t\t\t\t\t<\/div>\n\t\t\t\t<\/a>\n\t\t\t\t\t<\/div>\n\t\t\t\t<\/div>\n\t\t\t\t<\/div>\n\t\t\t\t\t<\/div>\n\t\t\t\t<\/div>\n\t\t\t\t<\/div>\n\t\t","protected":false},"excerpt":{"rendered":"<p>Cuidado de la salud M\u00c1S INFORMACI\u00d3N Vivienda y servicios financieros M\u00c1S INFORMACI\u00d3N Inmigraci\u00f3n y ciudadan\u00eda M\u00c1S INFORMACI\u00d3N Pasaportes M\u00c1S INFORMACI\u00d3N Seguridad Social M\u00c1S INFORMACI\u00d3N Impuestos y el IRS M\u00c1S INFORMACI\u00d3N Veteranos y militares M\u00c1S INFORMACI\u00d3N Otro M\u00c1S INFORMACI\u00d3N<\/p>\n","protected":false},"author":8,"featured_media":0,"parent":42889,"menu_order":0,"comment_status":"closed","ping_status":"closed","template":"","meta":{"_acf_changed":false,"inline_featured_image":false,"footnotes":""},"class_list":["post-42898","page","type-page","status-publish","hentry"],"acf":{"image":36071,"show_image":true,"blurb":"","blurb_overline":"","hide_default_heading":false},"yoast_head":"<!-- This site is optimized with the Yoast SEO plugin v24.0 - https:\/\/yoast.com\/wordpress\/plugins\/seo\/ -->\n<title>Ayuda con una agencia federal - Senator Catherine Cortez Masto<\/title>\n<meta name=\"robots\" content=\"index, follow, max-snippet:-1, max-image-preview:large, max-video-preview:-1\" \/>\n<link rel=\"canonical\" href=\"https:\/\/www.cortezmasto.senate.gov\/help\/help-with-a-federal-agency\/\" \/>\n<meta property=\"og:locale\" content=\"es_ES\" \/>\n<meta property=\"og:type\" content=\"article\" \/>\n<meta property=\"og:title\" content=\"Ayuda con una agencia federal - Senator Catherine Cortez Masto\" \/>\n<meta property=\"og:description\" content=\"Cuidado de la salud M\u00c1S INFORMACI\u00d3N Vivienda y servicios financieros M\u00c1S INFORMACI\u00d3N Inmigraci\u00f3n y ciudadan\u00eda M\u00c1S INFORMACI\u00d3N Pasaportes M\u00c1S INFORMACI\u00d3N Seguridad Social M\u00c1S INFORMACI\u00d3N Impuestos y el IRS M\u00c1S INFORMACI\u00d3N Veteranos y militares M\u00c1S INFORMACI\u00d3N Otro M\u00c1S INFORMACI\u00d3N\" \/>\n<meta property=\"og:url\" content=\"https:\/\/www.cortezmasto.senate.gov\/help\/help-with-a-federal-agency\/\" \/>\n<meta property=\"og:site_name\" content=\"Senator Catherine Cortez Masto\" \/>\n<meta property=\"article:modified_time\" content=\"2023-10-17T18:44:20+00:00\" \/>\n<meta name=\"twitter:card\" content=\"summary_large_image\" \/>\n<meta name=\"twitter:label1\" content=\"Est. reading time\" \/>\n\t<meta name=\"twitter:data1\" content=\"1 minute\" \/>\n<script type=\"application\/ld+json\" class=\"yoast-schema-graph\">{\"@context\":\"https:\/\/schema.org\",\"@graph\":[{\"@type\":\"WebPage\",\"@id\":\"https:\/\/www.cortezmasto.senate.gov\/help\/help-with-a-federal-agency\/\",\"url\":\"https:\/\/www.cortezmasto.senate.gov\/help\/help-with-a-federal-agency\/\",\"name\":\"Ayuda con una agencia federal - Senator Catherine Cortez Masto\",\"isPartOf\":{\"@id\":\"https:\/\/www.cortezmasto.senate.gov\/#website\"},\"datePublished\":\"2023-07-28T19:08:29+00:00\",\"dateModified\":\"2023-10-17T18:44:20+00:00\",\"breadcrumb\":{\"@id\":\"https:\/\/www.cortezmasto.senate.gov\/help\/help-with-a-federal-agency\/#breadcrumb\"},\"inLanguage\":\"es-ES\",\"potentialAction\":[{\"@type\":\"ReadAction\",\"target\":[\"https:\/\/www.cortezmasto.senate.gov\/help\/help-with-a-federal-agency\/\"]}]},{\"@type\":\"BreadcrumbList\",\"@id\":\"https:\/\/www.cortezmasto.senate.gov\/help\/help-with-a-federal-agency\/#breadcrumb\",\"itemListElement\":[{\"@type\":\"ListItem\",\"position\":1,\"name\":\"Home\",\"item\":\"https:\/\/www.cortezmasto.senate.gov\/\"},{\"@type\":\"ListItem\",\"position\":2,\"name\":\"Ayud\u00e1ndote\",\"item\":\"https:\/\/www.cortezmasto.senate.gov\/help\/\"},{\"@type\":\"ListItem\",\"position\":3,\"name\":\"Ayuda con una agencia federal\"}]},{\"@type\":\"WebSite\",\"@id\":\"https:\/\/www.cortezmasto.senate.gov\/#website\",\"url\":\"https:\/\/www.cortezmasto.senate.gov\/\",\"name\":\"Senator Catherine Cortez Masto\",\"description\":\"U.S. Senator Catherine Cortez Masto of Nevada\",\"publisher\":{\"@id\":\"https:\/\/www.cortezmasto.senate.gov\/#organization\"},\"potentialAction\":[{\"@type\":\"SearchAction\",\"target\":{\"@type\":\"EntryPoint\",\"urlTemplate\":\"https:\/\/www.cortezmasto.senate.gov\/?s={search_term_string}\"},\"query-input\":{\"@type\":\"PropertyValueSpecification\",\"valueRequired\":true,\"valueName\":\"search_term_string\"}}],\"inLanguage\":\"es-ES\"},{\"@type\":\"Organization\",\"@id\":\"https:\/\/www.cortezmasto.senate.gov\/#organization\",\"name\":\"Senator Catherine Cortez Masto\",\"url\":\"https:\/\/www.cortezmasto.senate.gov\/\",\"logo\":{\"@type\":\"ImageObject\",\"inLanguage\":\"es-ES\",\"@id\":\"https:\/\/www.cortezmasto.senate.gov\/#\/schema\/logo\/image\/\",\"url\":\"https:\/\/www.cortezmasto.senate.gov\/wp-content\/uploads\/2023\/02\/CCM_Logo_Primary.svg\",\"contentUrl\":\"https:\/\/www.cortezmasto.senate.gov\/wp-content\/uploads\/2023\/02\/CCM_Logo_Primary.svg\",\"width\":1200,\"height\":626,\"caption\":\"Senator Catherine Cortez Masto\"},\"image\":{\"@id\":\"https:\/\/www.cortezmasto.senate.gov\/#\/schema\/logo\/image\/\"}}]}<\/script>\n<!-- \/ Yoast SEO plugin. -->","yoast_head_json":{"title":"Ayuda con una agencia federal - Senator Catherine Cortez Masto","robots":{"index":"index","follow":"follow","max-snippet":"max-snippet:-1","max-image-preview":"max-image-preview:large","max-video-preview":"max-video-preview:-1"},"canonical":"https:\/\/www.cortezmasto.senate.gov\/help\/help-with-a-federal-agency\/","og_locale":"es_ES","og_type":"article","og_title":"Ayuda con una agencia federal - Senator Catherine Cortez Masto","og_description":"Cuidado de la salud M\u00c1S INFORMACI\u00d3N Vivienda y servicios financieros M\u00c1S INFORMACI\u00d3N Inmigraci\u00f3n y ciudadan\u00eda M\u00c1S INFORMACI\u00d3N Pasaportes M\u00c1S INFORMACI\u00d3N Seguridad Social M\u00c1S INFORMACI\u00d3N Impuestos y el IRS M\u00c1S INFORMACI\u00d3N Veteranos y militares M\u00c1S INFORMACI\u00d3N Otro M\u00c1S INFORMACI\u00d3N","og_url":"https:\/\/www.cortezmasto.senate.gov\/help\/help-with-a-federal-agency\/","og_site_name":"Senator Catherine Cortez Masto","article_modified_time":"2023-10-17T18:44:20+00:00","twitter_card":"summary_large_image","twitter_misc":{"Est. reading time":"1 minute"},"schema":{"@context":"https:\/\/schema.org","@graph":[{"@type":"WebPage","@id":"https:\/\/www.cortezmasto.senate.gov\/help\/help-with-a-federal-agency\/","url":"https:\/\/www.cortezmasto.senate.gov\/help\/help-with-a-federal-agency\/","name":"Ayuda con una agencia federal - Senator Catherine Cortez Masto","isPartOf":{"@id":"https:\/\/www.cortezmasto.senate.gov\/#website"},"datePublished":"2023-07-28T19:08:29+00:00","dateModified":"2023-10-17T18:44:20+00:00","breadcrumb":{"@id":"https:\/\/www.cortezmasto.senate.gov\/help\/help-with-a-federal-agency\/#breadcrumb"},"inLanguage":"es-ES","potentialAction":[{"@type":"ReadAction","target":["https:\/\/www.cortezmasto.senate.gov\/help\/help-with-a-federal-agency\/"]}]},{"@type":"BreadcrumbList","@id":"https:\/\/www.cortezmasto.senate.gov\/help\/help-with-a-federal-agency\/#breadcrumb","itemListElement":[{"@type":"ListItem","position":1,"name":"Home","item":"https:\/\/www.cortezmasto.senate.gov\/"},{"@type":"ListItem","position":2,"name":"Ayud\u00e1ndote","item":"https:\/\/www.cortezmasto.senate.gov\/help\/"},{"@type":"ListItem","position":3,"name":"Ayuda con una agencia federal"}]},{"@type":"WebSite","@id":"https:\/\/www.cortezmasto.senate.gov\/#website","url":"https:\/\/www.cortezmasto.senate.gov\/","name":"Senator Catherine Cortez Masto","description":"U.S. Senator Catherine Cortez Masto of Nevada","publisher":{"@id":"https:\/\/www.cortezmasto.senate.gov\/#organization"},"potentialAction":[{"@type":"SearchAction","target":{"@type":"EntryPoint","urlTemplate":"https:\/\/www.cortezmasto.senate.gov\/?s={search_term_string}"},"query-input":{"@type":"PropertyValueSpecification","valueRequired":true,"valueName":"search_term_string"}}],"inLanguage":"es-ES"},{"@type":"Organization","@id":"https:\/\/www.cortezmasto.senate.gov\/#organization","name":"Senator Catherine Cortez Masto","url":"https:\/\/www.cortezmasto.senate.gov\/","logo":{"@type":"ImageObject","inLanguage":"es-ES","@id":"https:\/\/www.cortezmasto.senate.gov\/#\/schema\/logo\/image\/","url":"https:\/\/www.cortezmasto.senate.gov\/wp-content\/uploads\/2023\/02\/CCM_Logo_Primary.svg","contentUrl":"https:\/\/www.cortezmasto.senate.gov\/wp-content\/uploads\/2023\/02\/CCM_Logo_Primary.svg","width":1200,"height":626,"caption":"Senator Catherine Cortez Masto"},"image":{"@id":"https:\/\/www.cortezmasto.senate.gov\/#\/schema\/logo\/image\/"}}]}},"_links":{"self":[{"href":"https:\/\/www.cortezmasto.senate.gov\/es\/wp-json\/wp\/v2\/pages\/42898"}],"collection":[{"href":"https:\/\/www.cortezmasto.senate.gov\/es\/wp-json\/wp\/v2\/pages"}],"about":[{"href":"https:\/\/www.cortezmasto.senate.gov\/es\/wp-json\/wp\/v2\/types\/page"}],"author":[{"embeddable":true,"href":"https:\/\/www.cortezmasto.senate.gov\/es\/wp-json\/wp\/v2\/users\/8"}],"replies":[{"embeddable":true,"href":"https:\/\/www.cortezmasto.senate.gov\/es\/wp-json\/wp\/v2\/comments?post=42898"}],"version-history":[{"count":12,"href":"https:\/\/www.cortezmasto.senate.gov\/es\/wp-json\/wp\/v2\/pages\/42898\/revisions"}],"predecessor-version":[{"id":43826,"href":"https:\/\/www.cortezmasto.senate.gov\/es\/wp-json\/wp\/v2\/pages\/42898\/revisions\/43826"}],"up":[{"embeddable":true,"href":"https:\/\/www.cortezmasto.senate.gov\/es\/wp-json\/wp\/v2\/pages\/42889"}],"wp:attachment":[{"href":"https:\/\/www.cortezmasto.senate.gov\/es\/wp-json\/wp\/v2\/media?parent=42898"}],"curies":[{"name":"wp","href":"https:\/\/api.w.org\/{rel}","templated":true}]}}