{"id":42851,"date":"2023-07-28T14:50:25","date_gmt":"2023-07-28T18:50:25","guid":{"rendered":"https:\/\/www.cortezmasto.senate.gov\/?page_id=42851"},"modified":"2023-10-18T14:27:22","modified_gmt":"2023-10-18T18:27:22","slug":"comites","status":"publish","type":"page","link":"https:\/\/www.cortezmasto.senate.gov\/es\/conoce-a-catherine\/comites\/","title":{"rendered":"Comit\u00e9s"},"content":{"rendered":"\t\t<div data-elementor-type=\"wp-page\" data-elementor-id=\"42851\" class=\"elementor elementor-42851 elementor-23828\" data-elementor-post-type=\"page\">\n\t\t\t\t<div class=\"elementor-element elementor-element-07b69e3 e-flex e-con-boxed e-con e-parent\" data-id=\"07b69e3\" data-element_type=\"container\">\n\t\t\t\t\t<div class=\"e-con-inner\">\n\t\t\t\t<div class=\"elementor-element elementor-element-f9f2468 elementor-widget elementor-widget-text-editor\" data-id=\"f9f2468\" data-element_type=\"widget\" data-widget_type=\"text-editor.default\">\n\t\t\t\t<div class=\"elementor-widget-container\">\n\t\t\t\t\t\t\t<p><span style=\"font-weight: 400;\">Mi trabajo es luchar por Nevada y es por eso que soy parte de comit\u00e9s enfocados en cumplir con nuestro estado. Estoy trabajando para abordar los altos costos de vivienda y mantener a los consumidores seguros en el comit\u00e9 de Banca y Vivienda, proteger el Seguro Social, Medicare y Medicaid y construir un c\u00f3digo fiscal m\u00e1s justo en el comit\u00e9 de Finanzas, crear empleos de energ\u00eda limpia y conservar nuestras tierras p\u00fablicas en el Comit\u00e9 de Energ\u00eda y Recursos Naturales, y garantizar que las comunidades tribales en Nevada sean tomadas en cuenta en el comit\u00e9 de Asuntos Ind\u00edgenas.<\/span><\/p>\t\t\t\t\t\t<\/div>\n\t\t\t\t<\/div>\n\t\t\t\t\t<\/div>\n\t\t\t\t<\/div>\n\t\t<div class=\"elementor-element elementor-element-052975d e-flex e-con-boxed e-con e-parent\" data-id=\"052975d\" data-element_type=\"container\">\n\t\t\t\t\t<div class=\"e-con-inner\">\n\t\t<div class=\"elementor-element elementor-element-3d06275 e-con-full e-flex e-con e-child\" data-id=\"3d06275\" data-element_type=\"container\">\n\t\t\t\t<div class=\"elementor-element elementor-element-3abb0f5 elementor-widget elementor-widget-heading\" data-id=\"3abb0f5\" data-element_type=\"widget\" data-widget_type=\"heading.default\">\n\t\t\t\t<div class=\"elementor-widget-container\">\n\t\t\t<h2 class=\"elementor-heading-title elementor-size-default\">Finanzas<\/h2>\t\t<\/div>\n\t\t\t\t<\/div>\n\t\t<div class=\"elementor-element elementor-element-650e67d ButtonWrapper--primary e-flex e-con-boxed e-con e-child\" data-id=\"650e67d\" data-element_type=\"container\">\n\t\t\t\t\t<div class=\"e-con-inner\">\n\t\t\t\t<div class=\"elementor-element elementor-element-5c40e92 elementor-widget elementor-widget-button\" data-id=\"5c40e92\" data-element_type=\"widget\" data-widget_type=\"button.default\">\n\t\t\t\t<div class=\"elementor-widget-container\">\n\t\t\t\t\t\t\t<div class=\"elementor-button-wrapper\">\n\t\t\t\t\t<a class=\"elementor-button elementor-button-link elementor-size-sm\" href=\"https:\/\/www.finance.senate.gov\/\" target=\"_blank\">\n\t\t\t\t\t\t<span class=\"elementor-button-content-wrapper\">\n\t\t\t\t\t\t<span class=\"elementor-button-icon\">\n\t\t\t\t<i aria-hidden=\"true\" class=\"fas fa-long-arrow-alt-right\"><\/i>\t\t\t<\/span>\n\t\t\t\t\t\t\t\t\t<span class=\"elementor-button-text\"> VISITE SITIO WEB<\/span>\n\t\t\t\t\t<\/span>\n\t\t\t\t\t<\/a>\n\t\t\t\t<\/div>\n\t\t\t\t\t\t<\/div>\n\t\t\t\t<\/div>\n\t\t\t\t\t<\/div>\n\t\t\t\t<\/div>\n\t\t\t\t<\/div>\n\t\t<div class=\"elementor-element elementor-element-a105111 e-flex e-con-boxed e-con e-child\" data-id=\"a105111\" data-element_type=\"container\">\n\t\t\t\t\t<div class=\"e-con-inner\">\n\t\t\t\t<div class=\"elementor-element elementor-element-23b59f2 elementor-widget elementor-widget-text-editor\" data-id=\"23b59f2\" data-element_type=\"widget\" data-widget_type=\"text-editor.default\">\n\t\t\t\t<div class=\"elementor-widget-container\">\n\t\t\t\t\t\t\t<p><span style=\"font-weight: 400;\">Proteger a las familias trabajadoras es mi prioridad principal en el Comit\u00e9 de Finanzas. Sol\u00eda \u200b\u200bsentarme en la mesa del comedor de mi abuela todos los domingos y le ayudaba a hacer rendir sus beneficios del Seguro Social y Medicare lo suficiente como para pagar las cuentas, poner comida en la mesa y obtener los medicamentos que necesitaba. Es por eso que he enfrentado a las grandes compa\u00f1\u00edas farmac\u00e9uticas para asegurar que Medicare al fin podr\u00e1 negociar costos reducidos para los medicamentos de nuestros ancianos y para limitar el costo de la insulina a $35. Siempre luchar\u00e9 para proteger a Medicare y Medicaid y para fortalecer los beneficios del Seguro Social mientras me enfrento a las grandes compa\u00f1\u00edas farmac\u00e9uticas que hunden a nuestras familias con precios altos. He luchado contra el derroche del gobierno, cerrado lagunas jur\u00eddicas para reducir el fraude al programa de desempleo y eliminado los subsidios a los cabilderos para detener muchos de los abusos m\u00e1s escandalosos del dinero de los contribuyentes.<\/span><\/p>\t\t\t\t\t\t<\/div>\n\t\t\t\t<\/div>\n\t\t\t\t\t<\/div>\n\t\t\t\t<\/div>\n\t\t\t\t\t<\/div>\n\t\t\t\t<\/div>\n\t\t<div class=\"elementor-element elementor-element-aed253a e-flex e-con-boxed e-con e-parent\" data-id=\"aed253a\" data-element_type=\"container\">\n\t\t\t\t\t<div class=\"e-con-inner\">\n\t\t\t\t<div class=\"elementor-element elementor-element-40ec8fc elementor-widget-divider--view-line elementor-widget elementor-widget-divider\" data-id=\"40ec8fc\" data-element_type=\"widget\" data-widget_type=\"divider.default\">\n\t\t\t\t<div class=\"elementor-widget-container\">\n\t\t\t\t\t<div class=\"elementor-divider\">\n\t\t\t<span class=\"elementor-divider-separator\">\n\t\t\t\t\t\t<\/span>\n\t\t<\/div>\n\t\t\t\t<\/div>\n\t\t\t\t<\/div>\n\t\t\t\t\t<\/div>\n\t\t\t\t<\/div>\n\t\t<div class=\"elementor-element elementor-element-a2b6d6e e-flex e-con-boxed e-con e-parent\" data-id=\"a2b6d6e\" data-element_type=\"container\">\n\t\t\t\t\t<div class=\"e-con-inner\">\n\t\t<div class=\"elementor-element elementor-element-3d0d0ba e-con-full e-flex e-con e-child\" data-id=\"3d0d0ba\" data-element_type=\"container\">\n\t\t\t\t<div class=\"elementor-element elementor-element-fb50aac elementor-widget elementor-widget-heading\" data-id=\"fb50aac\" data-element_type=\"widget\" data-widget_type=\"heading.default\">\n\t\t\t\t<div class=\"elementor-widget-container\">\n\t\t\t<h2 class=\"elementor-heading-title elementor-size-default\">Banca, Vivienda y Asuntos Urbanos<\/h2>\t\t<\/div>\n\t\t\t\t<\/div>\n\t\t<div class=\"elementor-element elementor-element-a62b1ec ButtonWrapper--primary e-flex e-con-boxed e-con e-child\" data-id=\"a62b1ec\" data-element_type=\"container\">\n\t\t\t\t\t<div class=\"e-con-inner\">\n\t\t\t\t<div class=\"elementor-element elementor-element-23c33af elementor-widget elementor-widget-button\" data-id=\"23c33af\" data-element_type=\"widget\" data-widget_type=\"button.default\">\n\t\t\t\t<div class=\"elementor-widget-container\">\n\t\t\t\t\t\t\t<div class=\"elementor-button-wrapper\">\n\t\t\t\t\t<a class=\"elementor-button elementor-button-link elementor-size-sm\" href=\"https:\/\/www.banking.senate.gov\/public\/\" target=\"_blank\">\n\t\t\t\t\t\t<span class=\"elementor-button-content-wrapper\">\n\t\t\t\t\t\t<span class=\"elementor-button-icon\">\n\t\t\t\t<i aria-hidden=\"true\" class=\"fas fa-long-arrow-alt-right\"><\/i>\t\t\t<\/span>\n\t\t\t\t\t\t\t\t\t<span class=\"elementor-button-text\"> VISITE SITIO WEB<\/span>\n\t\t\t\t\t<\/span>\n\t\t\t\t\t<\/a>\n\t\t\t\t<\/div>\n\t\t\t\t\t\t<\/div>\n\t\t\t\t<\/div>\n\t\t\t\t\t<\/div>\n\t\t\t\t<\/div>\n\t\t\t\t<\/div>\n\t\t<div class=\"elementor-element elementor-element-0a22cd1 e-flex e-con-boxed e-con e-child\" data-id=\"0a22cd1\" data-element_type=\"container\">\n\t\t\t\t\t<div class=\"e-con-inner\">\n\t\t\t\t<div class=\"elementor-element elementor-element-bc90352 elementor-widget elementor-widget-text-editor\" data-id=\"bc90352\" data-element_type=\"widget\" data-widget_type=\"text-editor.default\">\n\t\t\t\t<div class=\"elementor-widget-container\">\n\t\t\t\t\t\t\t<p><span style=\"font-weight: 400;\">En el Comit\u00e9 de Banca, Vivienda y Asuntos Urbanos, me enfoco en defender a los consumidores y ayudar a que los nevadenses salgan adelante. Cuando los ejecutivos de los bancos fallidos abusaron del dinero de los contribuyentes, los enfrent\u00e9 y luch\u00e9 para proteger a los nevadenses afectados por el fraude y los abusos financieros. La crisis de falta de viviendas econ\u00f3micas est\u00e1 afectando a los nevadenses en todo el estado, y he trabajado arduamente para brindar alivio a las familias trabajadoras, desde instar al sistema del Banco Federal de Pr\u00e9stamos para Vivienda a apoyar un desarrollo m\u00e1s asequible hasta presentar legislaci\u00f3n para ayudar a las familias a comprar un hogar.<\/span><\/p>\t\t\t\t\t\t<\/div>\n\t\t\t\t<\/div>\n\t\t\t\t\t<\/div>\n\t\t\t\t<\/div>\n\t\t\t\t\t<\/div>\n\t\t\t\t<\/div>\n\t\t<div class=\"elementor-element elementor-element-053fc6c e-flex e-con-boxed e-con e-parent\" data-id=\"053fc6c\" data-element_type=\"container\">\n\t\t\t\t\t<div class=\"e-con-inner\">\n\t\t\t\t<div class=\"elementor-element elementor-element-2c8b1fc elementor-widget-divider--view-line elementor-widget elementor-widget-divider\" data-id=\"2c8b1fc\" data-element_type=\"widget\" data-widget_type=\"divider.default\">\n\t\t\t\t<div class=\"elementor-widget-container\">\n\t\t\t\t\t<div class=\"elementor-divider\">\n\t\t\t<span class=\"elementor-divider-separator\">\n\t\t\t\t\t\t<\/span>\n\t\t<\/div>\n\t\t\t\t<\/div>\n\t\t\t\t<\/div>\n\t\t\t\t\t<\/div>\n\t\t\t\t<\/div>\n\t\t<div class=\"elementor-element elementor-element-8c634b5 e-flex e-con-boxed e-con e-parent\" data-id=\"8c634b5\" data-element_type=\"container\">\n\t\t\t\t\t<div class=\"e-con-inner\">\n\t\t<div class=\"elementor-element elementor-element-2acb94a e-con-full e-flex e-con e-child\" data-id=\"2acb94a\" data-element_type=\"container\">\n\t\t\t\t<div class=\"elementor-element elementor-element-19be877 elementor-widget elementor-widget-heading\" data-id=\"19be877\" data-element_type=\"widget\" data-widget_type=\"heading.default\">\n\t\t\t\t<div class=\"elementor-widget-container\">\n\t\t\t<h2 class=\"elementor-heading-title elementor-size-default\">Energ\u00eda y Recursos Naturales<\/h2>\t\t<\/div>\n\t\t\t\t<\/div>\n\t\t<div class=\"elementor-element elementor-element-78ab229 ButtonWrapper--primary e-flex e-con-boxed e-con e-child\" data-id=\"78ab229\" data-element_type=\"container\">\n\t\t\t\t\t<div class=\"e-con-inner\">\n\t\t\t\t<div class=\"elementor-element elementor-element-c8e48d5 elementor-widget elementor-widget-button\" data-id=\"c8e48d5\" data-element_type=\"widget\" data-widget_type=\"button.default\">\n\t\t\t\t<div class=\"elementor-widget-container\">\n\t\t\t\t\t\t\t<div class=\"elementor-button-wrapper\">\n\t\t\t\t\t<a class=\"elementor-button elementor-button-link elementor-size-sm\" href=\"https:\/\/www.energy.senate.gov\/public\/\" target=\"_blank\">\n\t\t\t\t\t\t<span class=\"elementor-button-content-wrapper\">\n\t\t\t\t\t\t<span class=\"elementor-button-icon\">\n\t\t\t\t<i aria-hidden=\"true\" class=\"fas fa-long-arrow-alt-right\"><\/i>\t\t\t<\/span>\n\t\t\t\t\t\t\t\t\t<span class=\"elementor-button-text\"> VISITE SITIO WEB<\/span>\n\t\t\t\t\t<\/span>\n\t\t\t\t\t<\/a>\n\t\t\t\t<\/div>\n\t\t\t\t\t\t<\/div>\n\t\t\t\t<\/div>\n\t\t\t\t\t<\/div>\n\t\t\t\t<\/div>\n\t\t\t\t<\/div>\n\t\t<div class=\"elementor-element elementor-element-d10f22c e-flex e-con-boxed e-con e-child\" data-id=\"d10f22c\" data-element_type=\"container\">\n\t\t\t\t\t<div class=\"e-con-inner\">\n\t\t\t\t<div class=\"elementor-element elementor-element-1d439e0 elementor-widget elementor-widget-text-editor\" data-id=\"1d439e0\" data-element_type=\"widget\" data-widget_type=\"text-editor.default\">\n\t\t\t\t<div class=\"elementor-widget-container\">\n\t\t\t\t\t\t\t<p><span style=\"font-weight: 400;\">La crisis clim\u00e1tica est\u00e1 impactando nuestras vidas todos los d\u00edas con sequ\u00edas cada vez m\u00e1s comunes, incendios forestales, inundaciones y calor extremo. Es por eso que mi trabajo como la presidente del subcomit\u00e9 de Tierras P\u00fablicas, Bosques y Miner\u00eda en el Comit\u00e9 de Energ\u00eda y Recursos Naturales se ha centrado en utilizar los abundantes recursos naturales de Nevada para abrir el camino hacia el futuro de energ\u00eda limpia de EE.UU., y estoy luchando para asegurarme de que esos empleos de energ\u00eda limpia bien pagados y oportunidades est\u00e9n beneficiando a nuestras familias trabajadoras. Tambi\u00e9n he luchado para proteger nuestro medio ambiente y nuestras incre\u00edbles tierras p\u00fablicas al garantizar que Yucca Mountain permanezca cerrada, preservando la belleza del lago Tahoe y poniendo fin a las perforaciones especulativas en las Monta\u00f1as Ruby. Nevada es uno de los lugares m\u00e1s bellos del pa\u00eds y estoy luchando para preservar el estado para que lo disfruten las generaciones futuras.<\/span><\/p>\t\t\t\t\t\t<\/div>\n\t\t\t\t<\/div>\n\t\t\t\t\t<\/div>\n\t\t\t\t<\/div>\n\t\t\t\t\t<\/div>\n\t\t\t\t<\/div>\n\t\t<div class=\"elementor-element elementor-element-31d2087 e-flex e-con-boxed e-con e-parent\" data-id=\"31d2087\" data-element_type=\"container\">\n\t\t\t\t\t<div class=\"e-con-inner\">\n\t\t\t\t<div class=\"elementor-element elementor-element-aa02bdb elementor-widget-divider--view-line elementor-widget elementor-widget-divider\" data-id=\"aa02bdb\" data-element_type=\"widget\" data-widget_type=\"divider.default\">\n\t\t\t\t<div class=\"elementor-widget-container\">\n\t\t\t\t\t<div class=\"elementor-divider\">\n\t\t\t<span class=\"elementor-divider-separator\">\n\t\t\t\t\t\t<\/span>\n\t\t<\/div>\n\t\t\t\t<\/div>\n\t\t\t\t<\/div>\n\t\t\t\t\t<\/div>\n\t\t\t\t<\/div>\n\t\t<div class=\"elementor-element elementor-element-2df22be e-flex e-con-boxed e-con e-parent\" data-id=\"2df22be\" data-element_type=\"container\">\n\t\t\t\t\t<div class=\"e-con-inner\">\n\t\t<div class=\"elementor-element elementor-element-86cced9 e-con-full e-flex e-con e-child\" data-id=\"86cced9\" data-element_type=\"container\">\n\t\t\t\t<div class=\"elementor-element elementor-element-366db53 elementor-widget elementor-widget-heading\" data-id=\"366db53\" data-element_type=\"widget\" data-widget_type=\"heading.default\">\n\t\t\t\t<div class=\"elementor-widget-container\">\n\t\t\t<h2 class=\"elementor-heading-title elementor-size-default\">Asuntos Indigenas<\/h2>\t\t<\/div>\n\t\t\t\t<\/div>\n\t\t<div class=\"elementor-element elementor-element-ae40103 ButtonWrapper--primary e-flex e-con-boxed e-con e-child\" data-id=\"ae40103\" data-element_type=\"container\">\n\t\t\t\t\t<div class=\"e-con-inner\">\n\t\t\t\t<div class=\"elementor-element elementor-element-5925938 elementor-widget elementor-widget-button\" data-id=\"5925938\" data-element_type=\"widget\" data-widget_type=\"button.default\">\n\t\t\t\t<div class=\"elementor-widget-container\">\n\t\t\t\t\t\t\t<div class=\"elementor-button-wrapper\">\n\t\t\t\t\t<a class=\"elementor-button elementor-button-link elementor-size-sm\" href=\"https:\/\/www.indian.senate.gov\/\" target=\"_blank\">\n\t\t\t\t\t\t<span class=\"elementor-button-content-wrapper\">\n\t\t\t\t\t\t<span class=\"elementor-button-icon\">\n\t\t\t\t<i aria-hidden=\"true\" class=\"fas fa-long-arrow-alt-right\"><\/i>\t\t\t<\/span>\n\t\t\t\t\t\t\t\t\t<span class=\"elementor-button-text\"> VISITE SITIO WEB<\/span>\n\t\t\t\t\t<\/span>\n\t\t\t\t\t<\/a>\n\t\t\t\t<\/div>\n\t\t\t\t\t\t<\/div>\n\t\t\t\t<\/div>\n\t\t\t\t\t<\/div>\n\t\t\t\t<\/div>\n\t\t\t\t<\/div>\n\t\t<div class=\"elementor-element elementor-element-916ca6c e-flex e-con-boxed e-con e-child\" data-id=\"916ca6c\" data-element_type=\"container\">\n\t\t\t\t\t<div class=\"e-con-inner\">\n\t\t\t\t<div class=\"elementor-element elementor-element-ea7af24 elementor-widget elementor-widget-text-editor\" data-id=\"ea7af24\" data-element_type=\"widget\" data-widget_type=\"text-editor.default\">\n\t\t\t\t<div class=\"elementor-widget-container\">\n\t\t\t\t\t\t\t<p><span style=\"font-weight: 400;\">Mi trabajo es representar a todos los nevadenses y he trabajado para garantizar que las 28 tribus, bandas y colonias de Nevada puedan obtener el apoyo que necesitan del gobierno federal. Lider\u00e9 la lucha para que la Ley de Savanna y la Ley No Invisible se promulguen para combatir la epidemia de mujeres y ni\u00f1as ind\u00edgenas desaparecidas, asesinadas y traficadas. Cuando ayud\u00e9 a aprobar la Ley Bipartidista de Infraestructura, el Plan de Rescate Estadounidense y la Ley de Reducci\u00f3n Contra la Inflaci\u00f3n, luch\u00e9 para asegurarme de que las comunidades ind\u00edgenas no se quedar\u00e1n atr\u00e1s y consegu\u00ed la inversi\u00f3n m\u00e1s grande para las comunidades tribales en la historia. Estoy continuando la lucha para mejorar el acceso al agua potable, construir viviendas nativas americanas m\u00e1s econ\u00f3micas, fortalecer nuestra infraestructura y honrar y respetar las tierras tribales sagradas en Nevada, incluidas Avi Kwa Ame y Bahsahwahbee.<\/span><\/p>\t\t\t\t\t\t<\/div>\n\t\t\t\t<\/div>\n\t\t\t\t\t<\/div>\n\t\t\t\t<\/div>\n\t\t\t\t\t<\/div>\n\t\t\t\t<\/div>\n\t\t\t\t<\/div>\n\t\t","protected":false},"excerpt":{"rendered":"<p>Mi trabajo es luchar por Nevada y es por eso que soy parte de comit\u00e9s enfocados en cumplir con nuestro estado. Estoy trabajando para abordar los altos costos de vivienda y mantener a los consumidores seguros en el comit\u00e9 de Banca y Vivienda, proteger el Seguro Social, Medicare y Medicaid y construir un c\u00f3digo fiscal [&hellip;]<\/p>\n","protected":false},"author":8,"featured_media":0,"parent":42849,"menu_order":0,"comment_status":"closed","ping_status":"closed","template":"","meta":{"_acf_changed":false,"inline_featured_image":false,"footnotes":""},"class_list":["post-42851","page","type-page","status-publish","hentry"],"acf":{"image":36064,"show_image":true,"blurb":"","blurb_overline":"","hide_default_heading":false},"yoast_head":"<!-- This site is optimized with the Yoast SEO plugin v24.0 - https:\/\/yoast.com\/wordpress\/plugins\/seo\/ -->\n<title>Comit\u00e9s - Senator Catherine Cortez Masto<\/title>\n<meta name=\"robots\" content=\"index, follow, max-snippet:-1, max-image-preview:large, max-video-preview:-1\" \/>\n<link rel=\"canonical\" href=\"https:\/\/www.cortezmasto.senate.gov\/es\/conoce-a-catherine\/comites\/\" \/>\n<meta property=\"og:locale\" content=\"es_ES\" \/>\n<meta property=\"og:type\" content=\"article\" \/>\n<meta property=\"og:title\" content=\"Comit\u00e9s - Senator Catherine Cortez Masto\" \/>\n<meta property=\"og:description\" content=\"Mi trabajo es luchar por Nevada y es por eso que soy parte de comit\u00e9s enfocados en cumplir con nuestro estado. Estoy trabajando para abordar los altos costos de vivienda y mantener a los consumidores seguros en el comit\u00e9 de Banca y Vivienda, proteger el Seguro Social, Medicare y Medicaid y construir un c\u00f3digo fiscal [&hellip;]\" \/>\n<meta property=\"og:url\" content=\"https:\/\/www.cortezmasto.senate.gov\/es\/conoce-a-catherine\/comites\/\" \/>\n<meta property=\"og:site_name\" content=\"Senator Catherine Cortez Masto\" \/>\n<meta property=\"article:modified_time\" content=\"2023-10-18T18:27:22+00:00\" \/>\n<meta name=\"twitter:card\" content=\"summary_large_image\" \/>\n<meta name=\"twitter:label1\" content=\"Est. reading time\" \/>\n\t<meta name=\"twitter:data1\" content=\"4 minutes\" \/>\n<script type=\"application\/ld+json\" class=\"yoast-schema-graph\">{\"@context\":\"https:\/\/schema.org\",\"@graph\":[{\"@type\":\"WebPage\",\"@id\":\"https:\/\/www.cortezmasto.senate.gov\/es\/conoce-a-catherine\/comites\/\",\"url\":\"https:\/\/www.cortezmasto.senate.gov\/es\/conoce-a-catherine\/comites\/\",\"name\":\"Comit\u00e9s - Senator Catherine Cortez Masto\",\"isPartOf\":{\"@id\":\"https:\/\/www.cortezmasto.senate.gov\/#website\"},\"datePublished\":\"2023-07-28T18:50:25+00:00\",\"dateModified\":\"2023-10-18T18:27:22+00:00\",\"breadcrumb\":{\"@id\":\"https:\/\/www.cortezmasto.senate.gov\/es\/conoce-a-catherine\/comites\/#breadcrumb\"},\"inLanguage\":\"es-ES\",\"potentialAction\":[{\"@type\":\"ReadAction\",\"target\":[\"https:\/\/www.cortezmasto.senate.gov\/es\/conoce-a-catherine\/comites\/\"]}]},{\"@type\":\"BreadcrumbList\",\"@id\":\"https:\/\/www.cortezmasto.senate.gov\/es\/conoce-a-catherine\/comites\/#breadcrumb\",\"itemListElement\":[{\"@type\":\"ListItem\",\"position\":1,\"name\":\"Home\",\"item\":\"https:\/\/www.cortezmasto.senate.gov\/\"},{\"@type\":\"ListItem\",\"position\":2,\"name\":\"Conoce a Catherine\",\"item\":\"https:\/\/www.cortezmasto.senate.gov\/es\/conoce-a-catherine\/\"},{\"@type\":\"ListItem\",\"position\":3,\"name\":\"Comit\u00e9s\"}]},{\"@type\":\"WebSite\",\"@id\":\"https:\/\/www.cortezmasto.senate.gov\/#website\",\"url\":\"https:\/\/www.cortezmasto.senate.gov\/\",\"name\":\"Senator Catherine Cortez Masto\",\"description\":\"U.S. Senator Catherine Cortez Masto of Nevada\",\"publisher\":{\"@id\":\"https:\/\/www.cortezmasto.senate.gov\/#organization\"},\"potentialAction\":[{\"@type\":\"SearchAction\",\"target\":{\"@type\":\"EntryPoint\",\"urlTemplate\":\"https:\/\/www.cortezmasto.senate.gov\/?s={search_term_string}\"},\"query-input\":{\"@type\":\"PropertyValueSpecification\",\"valueRequired\":true,\"valueName\":\"search_term_string\"}}],\"inLanguage\":\"es-ES\"},{\"@type\":\"Organization\",\"@id\":\"https:\/\/www.cortezmasto.senate.gov\/#organization\",\"name\":\"Senator Catherine Cortez Masto\",\"url\":\"https:\/\/www.cortezmasto.senate.gov\/\",\"logo\":{\"@type\":\"ImageObject\",\"inLanguage\":\"es-ES\",\"@id\":\"https:\/\/www.cortezmasto.senate.gov\/#\/schema\/logo\/image\/\",\"url\":\"https:\/\/www.cortezmasto.senate.gov\/wp-content\/uploads\/2023\/02\/CCM_Logo_Primary.svg\",\"contentUrl\":\"https:\/\/www.cortezmasto.senate.gov\/wp-content\/uploads\/2023\/02\/CCM_Logo_Primary.svg\",\"width\":1200,\"height\":626,\"caption\":\"Senator Catherine Cortez Masto\"},\"image\":{\"@id\":\"https:\/\/www.cortezmasto.senate.gov\/#\/schema\/logo\/image\/\"}}]}<\/script>\n<!-- \/ Yoast SEO plugin. -->","yoast_head_json":{"title":"Comit\u00e9s - Senator Catherine Cortez Masto","robots":{"index":"index","follow":"follow","max-snippet":"max-snippet:-1","max-image-preview":"max-image-preview:large","max-video-preview":"max-video-preview:-1"},"canonical":"https:\/\/www.cortezmasto.senate.gov\/es\/conoce-a-catherine\/comites\/","og_locale":"es_ES","og_type":"article","og_title":"Comit\u00e9s - Senator Catherine Cortez Masto","og_description":"Mi trabajo es luchar por Nevada y es por eso que soy parte de comit\u00e9s enfocados en cumplir con nuestro estado. Estoy trabajando para abordar los altos costos de vivienda y mantener a los consumidores seguros en el comit\u00e9 de Banca y Vivienda, proteger el Seguro Social, Medicare y Medicaid y construir un c\u00f3digo fiscal [&hellip;]","og_url":"https:\/\/www.cortezmasto.senate.gov\/es\/conoce-a-catherine\/comites\/","og_site_name":"Senator Catherine Cortez Masto","article_modified_time":"2023-10-18T18:27:22+00:00","twitter_card":"summary_large_image","twitter_misc":{"Est. reading time":"4 minutes"},"schema":{"@context":"https:\/\/schema.org","@graph":[{"@type":"WebPage","@id":"https:\/\/www.cortezmasto.senate.gov\/es\/conoce-a-catherine\/comites\/","url":"https:\/\/www.cortezmasto.senate.gov\/es\/conoce-a-catherine\/comites\/","name":"Comit\u00e9s - Senator Catherine Cortez Masto","isPartOf":{"@id":"https:\/\/www.cortezmasto.senate.gov\/#website"},"datePublished":"2023-07-28T18:50:25+00:00","dateModified":"2023-10-18T18:27:22+00:00","breadcrumb":{"@id":"https:\/\/www.cortezmasto.senate.gov\/es\/conoce-a-catherine\/comites\/#breadcrumb"},"inLanguage":"es-ES","potentialAction":[{"@type":"ReadAction","target":["https:\/\/www.cortezmasto.senate.gov\/es\/conoce-a-catherine\/comites\/"]}]},{"@type":"BreadcrumbList","@id":"https:\/\/www.cortezmasto.senate.gov\/es\/conoce-a-catherine\/comites\/#breadcrumb","itemListElement":[{"@type":"ListItem","position":1,"name":"Home","item":"https:\/\/www.cortezmasto.senate.gov\/"},{"@type":"ListItem","position":2,"name":"Conoce a Catherine","item":"https:\/\/www.cortezmasto.senate.gov\/es\/conoce-a-catherine\/"},{"@type":"ListItem","position":3,"name":"Comit\u00e9s"}]},{"@type":"WebSite","@id":"https:\/\/www.cortezmasto.senate.gov\/#website","url":"https:\/\/www.cortezmasto.senate.gov\/","name":"Senator Catherine Cortez Masto","description":"U.S. Senator Catherine Cortez Masto of Nevada","publisher":{"@id":"https:\/\/www.cortezmasto.senate.gov\/#organization"},"potentialAction":[{"@type":"SearchAction","target":{"@type":"EntryPoint","urlTemplate":"https:\/\/www.cortezmasto.senate.gov\/?s={search_term_string}"},"query-input":{"@type":"PropertyValueSpecification","valueRequired":true,"valueName":"search_term_string"}}],"inLanguage":"es-ES"},{"@type":"Organization","@id":"https:\/\/www.cortezmasto.senate.gov\/#organization","name":"Senator Catherine Cortez Masto","url":"https:\/\/www.cortezmasto.senate.gov\/","logo":{"@type":"ImageObject","inLanguage":"es-ES","@id":"https:\/\/www.cortezmasto.senate.gov\/#\/schema\/logo\/image\/","url":"https:\/\/www.cortezmasto.senate.gov\/wp-content\/uploads\/2023\/02\/CCM_Logo_Primary.svg","contentUrl":"https:\/\/www.cortezmasto.senate.gov\/wp-content\/uploads\/2023\/02\/CCM_Logo_Primary.svg","width":1200,"height":626,"caption":"Senator Catherine Cortez Masto"},"image":{"@id":"https:\/\/www.cortezmasto.senate.gov\/#\/schema\/logo\/image\/"}}]}},"_links":{"self":[{"href":"https:\/\/www.cortezmasto.senate.gov\/es\/wp-json\/wp\/v2\/pages\/42851"}],"collection":[{"href":"https:\/\/www.cortezmasto.senate.gov\/es\/wp-json\/wp\/v2\/pages"}],"about":[{"href":"https:\/\/www.cortezmasto.senate.gov\/es\/wp-json\/wp\/v2\/types\/page"}],"author":[{"embeddable":true,"href":"https:\/\/www.cortezmasto.senate.gov\/es\/wp-json\/wp\/v2\/users\/8"}],"replies":[{"embeddable":true,"href":"https:\/\/www.cortezmasto.senate.gov\/es\/wp-json\/wp\/v2\/comments?post=42851"}],"version-history":[{"count":16,"href":"https:\/\/www.cortezmasto.senate.gov\/es\/wp-json\/wp\/v2\/pages\/42851\/revisions"}],"predecessor-version":[{"id":44280,"href":"https:\/\/www.cortezmasto.senate.gov\/es\/wp-json\/wp\/v2\/pages\/42851\/revisions\/44280"}],"up":[{"embeddable":true,"href":"https:\/\/www.cortezmasto.senate.gov\/es\/wp-json\/wp\/v2\/pages\/42849"}],"wp:attachment":[{"href":"https:\/\/www.cortezmasto.senate.gov\/es\/wp-json\/wp\/v2\/media?parent=42851"}],"curies":[{"name":"wp","href":"https:\/\/api.w.org\/{rel}","templated":true}]}}